{"id":59912,"date":"2024-02-15T10:31:20","date_gmt":"2024-09-13T16:05:50","guid":{"rendered":"https:\/\/staging.nbg.eu\/product\/geissele-super-configurable-safety-selector-black\/"},"modified":"2024-09-13T16:06:46","modified_gmt":"2024-09-13T16:06:46","slug":"geissele-maritime-zachyt-zaveru","status":"publish","type":"product","link":"https:\/\/staging.nbg.eu\/sk\/produkt\/geissele-maritime-zachyt-zaveru\/","title":{"rendered":"Geissele Maritime z\u00e1chyt z\u00e1veru"},"content":{"rendered":"<div class=\"product-description\">\n<h2>Geissele Nastavite\u013en\u00fd Bezpe\u010dnostn\u00fd Voli\u010d &#8211; \u010cierny<\/h2>\n<p>Obojstrann\u00fd bezpe\u010dnostn\u00fd voli\u010d pre karab\u00ednu. M\u00e1 vymenite\u013en\u00e9 p\u00e1\u010dky pre prisp\u00f4sobenie. Pru\u017einov\u00fd mechanizmus zabra\u0148uje strate pri \u010disten\u00ed. Vyroben\u00fd z nehrdzavej\u00facej ocele. Zlep\u0161uje bezpe\u010dnos\u0165 a pou\u017eite\u013enos\u0165 zbrane.<\/p>\n<\/div>\n","protected":false},"excerpt":{"rendered":"<p>Obojru\u010dn\u00e1, konfigurovate\u013en\u00e1 bezpe\u010dnostn\u00e1 poistka pre AR-15. Odoln\u00e1 oce\u013e.<\/p>\n","protected":false},"featured_media":59913,"template":"","meta":{"_acf_changed":false},"product_brand":[11391],"product_cat":[13397,13346],"product_tag":[],"class_list":{"0":"post-59912","1":"product","2":"type-product","3":"status-publish","4":"has-post-thumbnail","6":"product_brand-geissele","7":"product_cat-puska","8":"product_cat-rifle-tuning","10":"first","11":"instock","12":"taxable","13":"shipping-taxable","14":"product-type-simple"},"acf":[],"_links":{"self":[{"href":"https:\/\/staging.nbg.eu\/sk\/wp-json\/wp\/v2\/product\/59912","targetHints":{"allow":["GET"]}}],"collection":[{"href":"https:\/\/staging.nbg.eu\/sk\/wp-json\/wp\/v2\/product"}],"about":[{"href":"https:\/\/staging.nbg.eu\/sk\/wp-json\/wp\/v2\/types\/product"}],"wp:featuredmedia":[{"embeddable":true,"href":"https:\/\/staging.nbg.eu\/sk\/wp-json\/wp\/v2\/media\/59913"}],"wp:attachment":[{"href":"https:\/\/staging.nbg.eu\/sk\/wp-json\/wp\/v2\/media?parent=59912"}],"wp:term":[{"taxonomy":"product_brand","embeddable":true,"href":"https:\/\/staging.nbg.eu\/sk\/wp-json\/wp\/v2\/product_brand?post=59912"},{"taxonomy":"product_cat","embeddable":true,"href":"https:\/\/staging.nbg.eu\/sk\/wp-json\/wp\/v2\/product_cat?post=59912"},{"taxonomy":"product_tag","embeddable":true,"href":"https:\/\/staging.nbg.eu\/sk\/wp-json\/wp\/v2\/product_tag?post=59912"}],"curies":[{"name":"wp","href":"https:\/\/api.w.org\/{rel}","templated":true}]}}