{"id":59794,"date":"2024-02-15T10:48:43","date_gmt":"2024-09-13T16:02:13","guid":{"rendered":"https:\/\/staging.nbg.eu\/product\/geissele-maritime-bolt-catch\/"},"modified":"2024-09-13T16:03:09","modified_gmt":"2024-09-13T16:03:09","slug":"geissele-picatinny-lista-pre-m-lok-7-slotov","status":"publish","type":"product","link":"https:\/\/staging.nbg.eu\/sk\/produkt\/geissele-picatinny-lista-pre-m-lok-7-slotov\/","title":{"rendered":"Geissele Picatinny li\u0161ta pre M-LOK, 7 slotov"},"content":{"rendered":"<p>\nGeissele Maritime Bolt Catch zlep\u0161uje funk\u010dnos\u0165 va\u0161ej AR-15:<\/p>\n<ul>\n<li>Kompatibiln\u00fd s M16\/M4 spodn\u00fdmi prij\u00edma\u010dmi vojenskej \u0161pecifik\u00e1cie<\/li>\n<li>Zv\u00e4\u010d\u0161en\u00e1 plocha pre jednoduch\u0161ie ovl\u00e1danie<\/li>\n<li>Pred\u013a\u017een\u00e9 ovl\u00e1dacie prvky pre \u013eav\u00e1kov<\/li>\n<li>V\u00fdrazn\u00e9 ryhovanie pre lep\u0161ie uchopenie<\/li>\n<li>Vhodn\u00fd pre pou\u017eitie v rukaviciach alebo pri slabom osvetlen\u00ed<\/li>\n<\/ul>\n<p>Vylep\u0161ite svoju pu\u0161ku t\u00fdmto zachyt\u00e1va\u010dom z\u00e1veru.<\/p>\n","protected":false},"excerpt":{"rendered":"<p>Vylep\u0161en\u00e1 z\u00e1padka z\u00e1vorn\u00edka s v\u00e4\u010d\u0161ou plochou pre jednoduch\u0161iu manipul\u00e1ciu.<\/p>\n","protected":false},"featured_media":59795,"template":"","meta":{"_acf_changed":false},"product_brand":[11391],"product_cat":[13397,13346],"product_tag":[],"class_list":{"0":"post-59794","1":"product","2":"type-product","3":"status-publish","4":"has-post-thumbnail","6":"product_brand-geissele","7":"product_cat-puska","8":"product_cat-rifle-tuning","10":"first","11":"instock","12":"taxable","13":"shipping-taxable","14":"product-type-simple"},"acf":[],"_links":{"self":[{"href":"https:\/\/staging.nbg.eu\/sk\/wp-json\/wp\/v2\/product\/59794","targetHints":{"allow":["GET"]}}],"collection":[{"href":"https:\/\/staging.nbg.eu\/sk\/wp-json\/wp\/v2\/product"}],"about":[{"href":"https:\/\/staging.nbg.eu\/sk\/wp-json\/wp\/v2\/types\/product"}],"wp:featuredmedia":[{"embeddable":true,"href":"https:\/\/staging.nbg.eu\/sk\/wp-json\/wp\/v2\/media\/59795"}],"wp:attachment":[{"href":"https:\/\/staging.nbg.eu\/sk\/wp-json\/wp\/v2\/media?parent=59794"}],"wp:term":[{"taxonomy":"product_brand","embeddable":true,"href":"https:\/\/staging.nbg.eu\/sk\/wp-json\/wp\/v2\/product_brand?post=59794"},{"taxonomy":"product_cat","embeddable":true,"href":"https:\/\/staging.nbg.eu\/sk\/wp-json\/wp\/v2\/product_cat?post=59794"},{"taxonomy":"product_tag","embeddable":true,"href":"https:\/\/staging.nbg.eu\/sk\/wp-json\/wp\/v2\/product_tag?post=59794"}],"curies":[{"name":"wp","href":"https:\/\/api.w.org\/{rel}","templated":true}]}}