{"id":59608,"date":"2024-02-15T11:08:39","date_gmt":"2024-09-13T15:58:29","guid":{"rendered":"https:\/\/staging.nbg.eu\/product\/geissele-picatinny-rail-for-m-lok-7-slots\/"},"modified":"2024-09-13T15:59:30","modified_gmt":"2024-09-13T15:59:30","slug":"geissele-kolajnicove-panely-cierneddc","status":"publish","type":"product","link":"https:\/\/staging.nbg.eu\/sk\/produkt\/geissele-kolajnicove-panely-cierneddc\/","title":{"rendered":"Geissele ko\u013eajnicov\u00e9 panely (\u010cierne\/DDC)"},"content":{"rendered":"<div class=\"product-description\">\n<h2>Geissele Picatinny li\u0161ta pre M-LOK, 7 dr\u00e1\u017eok<\/h2>\n<p>Roz\u0161\u00edrte mo\u017enosti v\u00e1\u0161ho AR-15 pomocou Geissele Picatinny pr\u00edslu\u0161enskej li\u0161ty. T\u00e1to 7-dr\u00e1\u017ekov\u00e1 li\u0161ta je vyroben\u00e1 z hlin\u00edka 7075-T6 s eloxovan\u00fdm povrchom, poskytuj\u00fac upevnenie pre r\u00f4zne pr\u00edslu\u0161enstvo. Je navrhnut\u00e1 pod\u013ea presn\u00fdch \u0161pecifik\u00e1ci\u00ed, zabezpe\u010duj\u00fac spo\u013eahliv\u00e9 uchytenie a stabiln\u00fa platformu pre v\u00e1\u0161 M-LOK predpa\u017ebie.<\/p>\n<\/div>\n","protected":false},"excerpt":{"rendered":"<p>Presn\u00fd 7-slotov\u00fd Picatinny rail pre M-LOK. Bezpe\u010dn\u00fd dr\u017eiak pr\u00edslu\u0161enstva pre AR-15.<\/p>\n","protected":false},"featured_media":59609,"template":"","meta":{"_acf_changed":false},"product_brand":[11391],"product_cat":[13345,13397],"product_tag":[],"class_list":{"0":"post-59608","1":"product","2":"type-product","3":"status-publish","4":"has-post-thumbnail","6":"product_brand-geissele","7":"product_cat-listy","8":"product_cat-puska","10":"first","11":"instock","12":"taxable","13":"shipping-taxable","14":"product-type-variable","15":"wvs-archive-product-wrapper"},"acf":[],"_links":{"self":[{"href":"https:\/\/staging.nbg.eu\/sk\/wp-json\/wp\/v2\/product\/59608","targetHints":{"allow":["GET"]}}],"collection":[{"href":"https:\/\/staging.nbg.eu\/sk\/wp-json\/wp\/v2\/product"}],"about":[{"href":"https:\/\/staging.nbg.eu\/sk\/wp-json\/wp\/v2\/types\/product"}],"wp:featuredmedia":[{"embeddable":true,"href":"https:\/\/staging.nbg.eu\/sk\/wp-json\/wp\/v2\/media\/59609"}],"wp:attachment":[{"href":"https:\/\/staging.nbg.eu\/sk\/wp-json\/wp\/v2\/media?parent=59608"}],"wp:term":[{"taxonomy":"product_brand","embeddable":true,"href":"https:\/\/staging.nbg.eu\/sk\/wp-json\/wp\/v2\/product_brand?post=59608"},{"taxonomy":"product_cat","embeddable":true,"href":"https:\/\/staging.nbg.eu\/sk\/wp-json\/wp\/v2\/product_cat?post=59608"},{"taxonomy":"product_tag","embeddable":true,"href":"https:\/\/staging.nbg.eu\/sk\/wp-json\/wp\/v2\/product_tag?post=59608"}],"curies":[{"name":"wp","href":"https:\/\/api.w.org\/{rel}","templated":true}]}}