{"id":59332,"date":"2024-02-15T11:15:35","date_gmt":"2024-09-13T15:20:38","guid":{"rendered":"https:\/\/staging.nbg.eu\/product\/geissele-rail-panels-black-ddc\/"},"modified":"2024-09-13T15:21:38","modified_gmt":"2024-09-13T15:21:38","slug":"geissele-super-plynovy-blok-cierny","status":"publish","type":"product","link":"https:\/\/staging.nbg.eu\/sk\/produkt\/geissele-super-plynovy-blok-cierny\/","title":{"rendered":"Geissele Super plynov\u00fd blok &#8211; \u010cierny"},"content":{"rendered":"<div class=\"product-description\">\n<h2>Geissele M-Lok Li\u0161ty na Ko\u013eajnice (\u010cierne\/DDC)<\/h2>\n<p>Geissele M-Lok li\u0161ty na ko\u013eajnice pre URGI. Vlastnosti:<\/p>\n<ul>\n<li>Text\u00farovan\u00fd povrch pre lep\u0161ie uchopenie<\/li>\n<li>Vyroben\u00e9 z polymeru<\/li>\n<li>Odoln\u00e9 pri intenz\u00edvnom pou\u017e\u00edvan\u00ed<\/li>\n<li>Tepeln\u00e1 izol\u00e1cia<\/li>\n<li>Dostupn\u00e9 v \u010diernej farbe a DDC<\/li>\n<\/ul>\n<p>Tieto li\u0161ty zlep\u0161uj\u00fa manipul\u00e1ciu s karab\u00ednou a chr\u00e1nia ruky.<\/p>\n<\/div>\n","protected":false},"excerpt":{"rendered":"<p>Odoln\u00e9, texturovan\u00e9 M-LOK li\u0161tov\u00e9 panely pre lep\u0161\u00ed \u00fachop a tepeln\u00fa ochranu.<\/p>\n","protected":false},"featured_media":59333,"template":"","meta":{"_acf_changed":false},"product_brand":[11391],"product_cat":[13345,13397],"product_tag":[],"class_list":{"0":"post-59332","1":"product","2":"type-product","3":"status-publish","4":"has-post-thumbnail","6":"product_brand-geissele","7":"product_cat-listy","8":"product_cat-puska","10":"first","11":"instock","12":"taxable","13":"shipping-taxable","14":"product-type-variable","15":"wvs-archive-product-wrapper"},"acf":[],"_links":{"self":[{"href":"https:\/\/staging.nbg.eu\/sk\/wp-json\/wp\/v2\/product\/59332","targetHints":{"allow":["GET"]}}],"collection":[{"href":"https:\/\/staging.nbg.eu\/sk\/wp-json\/wp\/v2\/product"}],"about":[{"href":"https:\/\/staging.nbg.eu\/sk\/wp-json\/wp\/v2\/types\/product"}],"wp:featuredmedia":[{"embeddable":true,"href":"https:\/\/staging.nbg.eu\/sk\/wp-json\/wp\/v2\/media\/59333"}],"wp:attachment":[{"href":"https:\/\/staging.nbg.eu\/sk\/wp-json\/wp\/v2\/media?parent=59332"}],"wp:term":[{"taxonomy":"product_brand","embeddable":true,"href":"https:\/\/staging.nbg.eu\/sk\/wp-json\/wp\/v2\/product_brand?post=59332"},{"taxonomy":"product_cat","embeddable":true,"href":"https:\/\/staging.nbg.eu\/sk\/wp-json\/wp\/v2\/product_cat?post=59332"},{"taxonomy":"product_tag","embeddable":true,"href":"https:\/\/staging.nbg.eu\/sk\/wp-json\/wp\/v2\/product_tag?post=59332"}],"curies":[{"name":"wp","href":"https:\/\/api.w.org\/{rel}","templated":true}]}}