{"id":58878,"date":"2024-02-15T19:41:39","date_gmt":"2024-09-13T15:17:43","guid":{"rendered":"https:\/\/staging.nbg.eu\/product\/geissele-super-gas-block-black\/"},"modified":"2024-09-13T15:18:40","modified_gmt":"2024-09-13T15:18:40","slug":"grovtec-heavy-duty-tlacidlove-qd-otocne-oko-na-popruh","status":"publish","type":"product","link":"https:\/\/staging.nbg.eu\/sk\/produkt\/grovtec-heavy-duty-tlacidlove-qd-otocne-oko-na-popruh\/","title":{"rendered":"GROVTEC Heavy Duty tla\u010didlov\u00e9 QD oto\u010dn\u00e9 oko na popruh"},"content":{"rendered":"<div class=\"product-description\">\n<h2>Geissele Super plynov\u00fd blok &#8211; \u010cierny<\/h2>\n<p>Geissele Super plynov\u00fd blok je n\u00edzkoprofilov\u00fd komponent navrhnut\u00fd tak, aby sa zmestil pod v\u00e4\u010d\u0161inu vo\u013ene pl\u00e1vaj\u00facich predpa\u017eb\u00ed. Je vyroben\u00fd z precipita\u010dne vytvrdenej nehrdzavej\u00facej ocele 17-4, ktor\u00e1 poskytuje odolnos\u0165 vo\u010di kor\u00f3zii a trvanlivos\u0165.<\/p>\n<ul>\n<li>Vydr\u017e\u00ed tis\u00edce v\u00fdstrelov<\/li>\n<li>Zah\u0155\u0148a \u0161tandardn\u00fa nastavovaciu skrutku a met\u00f3dy &#8222;Bombproof Installation&#8220;<\/li>\n<li>Pru\u017einov\u00fd kol\u00edk zais\u0165uje plynov\u00fd blok na mieste pre stabilitu<\/li>\n<li>SS kol\u00edk zais\u0165uje spr\u00e1vne zarovnanie s hlav\u0148ami Geissele CHF<\/li>\n<\/ul>\n<p>Geissele Super plynov\u00fd blok je navrhnut\u00fd tak, aby fungoval spo\u013eahlivo za v\u0161etk\u00fdch prev\u00e1dzkov\u00fdch podmienok.<\/p>\n<\/div>\n","protected":false},"excerpt":{"rendered":"<p>N\u00edzkoprofilov\u00fd, odoln\u00fd plynov\u00fd blok z nehrdzavej\u00facej ocele pre pu\u0161ky AR-15.<\/p>\n","protected":false},"featured_media":58879,"template":"","meta":{"_acf_changed":false},"product_brand":[11391],"product_cat":[13397,13346],"product_tag":[],"class_list":{"0":"post-58878","1":"product","2":"type-product","3":"status-publish","4":"has-post-thumbnail","6":"product_brand-geissele","7":"product_cat-puska","8":"product_cat-rifle-tuning","10":"first","11":"instock","12":"taxable","13":"shipping-taxable","14":"product-type-simple"},"acf":[],"_links":{"self":[{"href":"https:\/\/staging.nbg.eu\/sk\/wp-json\/wp\/v2\/product\/58878","targetHints":{"allow":["GET"]}}],"collection":[{"href":"https:\/\/staging.nbg.eu\/sk\/wp-json\/wp\/v2\/product"}],"about":[{"href":"https:\/\/staging.nbg.eu\/sk\/wp-json\/wp\/v2\/types\/product"}],"wp:featuredmedia":[{"embeddable":true,"href":"https:\/\/staging.nbg.eu\/sk\/wp-json\/wp\/v2\/media\/58879"}],"wp:attachment":[{"href":"https:\/\/staging.nbg.eu\/sk\/wp-json\/wp\/v2\/media?parent=58878"}],"wp:term":[{"taxonomy":"product_brand","embeddable":true,"href":"https:\/\/staging.nbg.eu\/sk\/wp-json\/wp\/v2\/product_brand?post=58878"},{"taxonomy":"product_cat","embeddable":true,"href":"https:\/\/staging.nbg.eu\/sk\/wp-json\/wp\/v2\/product_cat?post=58878"},{"taxonomy":"product_tag","embeddable":true,"href":"https:\/\/staging.nbg.eu\/sk\/wp-json\/wp\/v2\/product_tag?post=58878"}],"curies":[{"name":"wp","href":"https:\/\/api.w.org\/{rel}","templated":true}]}}