{"id":58306,"date":"2024-02-20T19:05:47","date_gmt":"2024-02-20T19:05:47","guid":{"rendered":"https:\/\/staging.nbg.eu\/product\/grovtec-heavy-duty-push-button-qd-sling-swivel\/"},"modified":"2024-09-13T15:05:22","modified_gmt":"2024-09-13T15:05:22","slug":"geissele-super-precision-compm5s-series-uchytenie-optiky-cierne-absolutne-spoluzameranie","status":"publish","type":"product","link":"https:\/\/staging.nbg.eu\/sk\/produkt\/geissele-super-precision-compm5s-series-uchytenie-optiky-cierne-absolutne-spoluzameranie\/","title":{"rendered":"Geissele Super Precision &#8211; CompM5s Series uchytenie optiky, \u010cierne (Absol\u00fatne spoluzameranie)"},"content":{"rendered":"<p>GROVTEC Push Button QD Sling Swivel je pr\u00edslu\u0161enstvo pre 1-1\/4&#8243; popruhy. Tento samostatne balen\u00fd oto\u010dn\u00fd mechanizmus m\u00e1 tieto vlastnosti:<\/p>\n<ul>\n<li>Testovan\u00fd \u0165ahom a\u017e do 450 libier<\/li>\n<li>Povrchov\u00e1 \u00faprava z mang\u00e1nov\u00e9ho fosf\u00e1tu<\/li>\n<li>Tla\u010didlov\u00fd mechanizmus pre r\u00fdchle odpojenie<\/li>\n<li>Kon\u0161trukcia pre dlhodob\u00e9 pou\u017e\u00edvanie<\/li>\n<\/ul>\n<p>Tento oto\u010dn\u00fd mechanizmus je pr\u00edslu\u0161enstvo pre va\u0161u streln\u00fa zbra\u0148.<\/p>\n","protected":false},"excerpt":{"rendered":"<p>Odoln\u00fd 1,25&#8243; p\u00fatko na reme\u0148, testovan\u00e9 na 204 kg, s tla\u010didlom pre r\u00fdchle odpojenie, matn\u00e1 povrchov\u00e1 \u00faprava.<\/p>\n","protected":false},"featured_media":58307,"template":"","meta":{"_acf_changed":false},"product_brand":[],"product_cat":[13397,13360],"product_tag":[],"class_list":{"0":"post-58306","1":"product","2":"type-product","3":"status-publish","4":"has-post-thumbnail","6":"product_cat-puska","7":"product_cat-remene","9":"first","10":"instock","11":"taxable","12":"shipping-taxable","13":"product-type-simple"},"acf":[],"_links":{"self":[{"href":"https:\/\/staging.nbg.eu\/sk\/wp-json\/wp\/v2\/product\/58306","targetHints":{"allow":["GET"]}}],"collection":[{"href":"https:\/\/staging.nbg.eu\/sk\/wp-json\/wp\/v2\/product"}],"about":[{"href":"https:\/\/staging.nbg.eu\/sk\/wp-json\/wp\/v2\/types\/product"}],"wp:featuredmedia":[{"embeddable":true,"href":"https:\/\/staging.nbg.eu\/sk\/wp-json\/wp\/v2\/media\/58307"}],"wp:attachment":[{"href":"https:\/\/staging.nbg.eu\/sk\/wp-json\/wp\/v2\/media?parent=58306"}],"wp:term":[{"taxonomy":"product_brand","embeddable":true,"href":"https:\/\/staging.nbg.eu\/sk\/wp-json\/wp\/v2\/product_brand?post=58306"},{"taxonomy":"product_cat","embeddable":true,"href":"https:\/\/staging.nbg.eu\/sk\/wp-json\/wp\/v2\/product_cat?post=58306"},{"taxonomy":"product_tag","embeddable":true,"href":"https:\/\/staging.nbg.eu\/sk\/wp-json\/wp\/v2\/product_tag?post=58306"}],"curies":[{"name":"wp","href":"https:\/\/api.w.org\/{rel}","templated":true}]}}