{"id":582553,"date":"2025-10-10T18:10:11","date_gmt":"2025-10-10T15:10:11","guid":{"rendered":"https:\/\/staging.nbg.eu\/product\/daa-gripz-grip-enhancer-75-ml\/"},"modified":"2025-10-16T13:57:07","modified_gmt":"2025-10-16T10:57:07","slug":"daa-gripz-zlepsovac-uchopu-75-ml","status":"publish","type":"product","link":"https:\/\/staging.nbg.eu\/sk\/produkt\/daa-gripz-zlepsovac-uchopu-75-ml\/","title":{"rendered":"DAA GRIPZ &#8211; Zlep\u0161ova\u010d \u00fachopu 75 ml"},"content":{"rendered":"<div class=\"product-description\">\n<h2>DAA GRIPZ &#8211; Prostriedok na zlep\u0161enie \u00fachopu 75 ml<\/h2>\n<p>DAA GRIPZ je lotion na zlep\u0161enie \u00fachopu pre IPSC a USPSA stre\u013ebu z pi\u0161tole. T\u00e1to 75ml f\u013ea\u0161a zabezpe\u010duje pevn\u00fd \u00fachop v mokr\u00fdch podmienkach a extr\u00e9mnom teple.<\/p>\n<ul>\n<li>Vzorec na b\u00e1ze silik\u00f3nu s alkoholom a stabiliz\u00e1tormi<\/li>\n<li>Uz\u00e1ver &#8222;Snap-cap&#8220; pre jednoduch\u00fd pr\u00edstup jednou rukou<\/li>\n<li>Neschne do biela a neotiera sa \u013eahko na oble\u010denie a rukov\u00e4\u0165 pi\u0161tole<\/li>\n<li>Udr\u017eiava such\u00e9 dlane a pevn\u00fd \u00fachop po\u010das presnej stre\u013eby<\/li>\n<\/ul>\n<p>DAA GRIPZ m\u00f4\u017ee zlep\u0161i\u0165 va\u0161u stre\u013ebu.<\/p>\n<\/div>\n","protected":false},"excerpt":{"rendered":"<p>DAA GRIPZ: Vylep\u0161ite \u00fachop pre presnej\u0161iu stre\u013ebu. 75 ml f\u013ea\u0161ti\u010dka.<\/p>\n","protected":false},"featured_media":582601,"template":"","meta":{"_acf_changed":false},"product_brand":[],"product_cat":[13413],"product_tag":[],"class_list":{"0":"post-582553","1":"product","2":"type-product","3":"status-publish","4":"has-post-thumbnail","6":"product_cat-nezaradene","8":"first","9":"instock","10":"taxable","11":"shipping-taxable","12":"purchasable","13":"product-type-simple"},"acf":[],"_links":{"self":[{"href":"https:\/\/staging.nbg.eu\/sk\/wp-json\/wp\/v2\/product\/582553","targetHints":{"allow":["GET"]}}],"collection":[{"href":"https:\/\/staging.nbg.eu\/sk\/wp-json\/wp\/v2\/product"}],"about":[{"href":"https:\/\/staging.nbg.eu\/sk\/wp-json\/wp\/v2\/types\/product"}],"wp:featuredmedia":[{"embeddable":true,"href":"https:\/\/staging.nbg.eu\/sk\/wp-json\/wp\/v2\/media\/582601"}],"wp:attachment":[{"href":"https:\/\/staging.nbg.eu\/sk\/wp-json\/wp\/v2\/media?parent=582553"}],"wp:term":[{"taxonomy":"product_brand","embeddable":true,"href":"https:\/\/staging.nbg.eu\/sk\/wp-json\/wp\/v2\/product_brand?post=582553"},{"taxonomy":"product_cat","embeddable":true,"href":"https:\/\/staging.nbg.eu\/sk\/wp-json\/wp\/v2\/product_cat?post=582553"},{"taxonomy":"product_tag","embeddable":true,"href":"https:\/\/staging.nbg.eu\/sk\/wp-json\/wp\/v2\/product_tag?post=582553"}],"curies":[{"name":"wp","href":"https:\/\/api.w.org\/{rel}","templated":true}]}}