{"id":582283,"date":"2025-10-10T18:10:10","date_gmt":"2025-10-10T15:10:10","guid":{"rendered":"https:\/\/staging.nbg.eu\/product\/daa-magnet-inc-screw-and-thermal-nut-for-racer-pouch\/"},"modified":"2025-10-16T13:40:10","modified_gmt":"2025-10-16T10:40:10","slug":"daa-magnet-vr-skrutky-a-tepelnej-matice-pre-pretekarske-puzdro","status":"publish","type":"product","link":"https:\/\/staging.nbg.eu\/sk\/produkt\/daa-magnet-vr-skrutky-a-tepelnej-matice-pre-pretekarske-puzdro\/","title":{"rendered":"DAA Magnet vr. skrutky a tepelnej matice pre pretek\u00e1rske puzdro"},"content":{"rendered":"<div class=\"product-description\">\n<h2>DAA Magnetick\u00e1 s\u00faprava pre Single Stack Racer puzdr\u00e1<\/h2>\n<p>Vylep\u0161ite va\u0161e DAA Single Stack Racer puzdro touto magnetickou mont\u00e1\u017enou s\u00fapravou. Na\u0161a s\u00faprava obsahuje:<\/p>\n<ul>\n<li>Ve\u013ek\u00fd 42mm N42 magnet<\/li>\n<li>Zapusten\u00fa M5 maticu<\/li>\n<li>12mm M5 skrutku<\/li>\n<\/ul>\n<p>In\u0161tal\u00e1cia je r\u00fdchla, vyu\u017e\u00edvaj\u00fac existuj\u00faci otvor na vonkaj\u0161ej strane puzdra. Pre optim\u00e1lne v\u00fdsledky:<\/p>\n<ol>\n<li>Ur\u010dite a zaistite po\u017eadovan\u00fd uhol puzdra pred in\u0161tal\u00e1ciou<\/li>\n<li>Nain\u0161talujte magnet pomocou dodan\u00e9ho hardv\u00e9ru<\/li>\n<\/ol>\n<p><strong>Pozn\u00e1mka:<\/strong> Po in\u0161tal\u00e1cii m\u00f4\u017ee by\u0165 pr\u00edstup k centr\u00e1lnej mont\u00e1\u017enej skrutke obmedzen\u00fd. Zv\u00e1\u017ete vytvorenie vlastn\u00e9ho 3mm \u0161es\u0165hrann\u00e9ho k\u013e\u00fa\u010da s kr\u00e1tkym ramenom pre bud\u00face \u00fapravy.<\/p>\n<p>T\u00e1to magnetick\u00e1 mont\u00e1\u017ena s\u00faprava vylep\u0161uje vyu\u017eite\u013enos\u0165 v\u00e1\u0161ho puzdra.<\/p>\n<\/div>\n","protected":false},"excerpt":{"rendered":"<p>Magnetick\u00e1 mont\u00e1\u017ena s\u00faprava pre DAA Single Stack Racer puzdra. Jednoduch\u00e1 in\u0161tal\u00e1cia.<\/p>\n","protected":false},"featured_media":582376,"template":"","meta":{"_acf_changed":false},"product_brand":[],"product_cat":[13367,13355,13364],"product_tag":[],"class_list":{"0":"post-582283","1":"product","2":"type-product","3":"status-publish","4":"has-post-thumbnail","6":"product_cat-sportove-opasky","7":"product_cat-vrecka","8":"product_cat-vystroj","10":"first","11":"instock","12":"taxable","13":"shipping-taxable","14":"purchasable","15":"product-type-simple"},"acf":[],"_links":{"self":[{"href":"https:\/\/staging.nbg.eu\/sk\/wp-json\/wp\/v2\/product\/582283","targetHints":{"allow":["GET"]}}],"collection":[{"href":"https:\/\/staging.nbg.eu\/sk\/wp-json\/wp\/v2\/product"}],"about":[{"href":"https:\/\/staging.nbg.eu\/sk\/wp-json\/wp\/v2\/types\/product"}],"wp:featuredmedia":[{"embeddable":true,"href":"https:\/\/staging.nbg.eu\/sk\/wp-json\/wp\/v2\/media\/582376"}],"wp:attachment":[{"href":"https:\/\/staging.nbg.eu\/sk\/wp-json\/wp\/v2\/media?parent=582283"}],"wp:term":[{"taxonomy":"product_brand","embeddable":true,"href":"https:\/\/staging.nbg.eu\/sk\/wp-json\/wp\/v2\/product_brand?post=582283"},{"taxonomy":"product_cat","embeddable":true,"href":"https:\/\/staging.nbg.eu\/sk\/wp-json\/wp\/v2\/product_cat?post=582283"},{"taxonomy":"product_tag","embeddable":true,"href":"https:\/\/staging.nbg.eu\/sk\/wp-json\/wp\/v2\/product_tag?post=582283"}],"curies":[{"name":"wp","href":"https:\/\/api.w.org\/{rel}","templated":true}]}}