{"id":58220,"date":"2024-02-20T19:21:46","date_gmt":"2024-09-13T15:01:47","guid":{"rendered":"https:\/\/staging.nbg.eu\/product\/geissele-super-precision-compm5s-series-optic-mounts-black-absolute-co-witness\/"},"modified":"2024-09-13T15:02:46","modified_gmt":"2024-09-13T15:02:46","slug":"geissele-super-precision-compm5s-series-uchytenie-optiky-cierne-193","status":"publish","type":"product","link":"https:\/\/staging.nbg.eu\/sk\/produkt\/geissele-super-precision-compm5s-series-uchytenie-optiky-cierne-193\/","title":{"rendered":"Geissele Super Precision &#8211; CompM5s Series uchytenie optiky, \u010cierne (1.93&#8243;)"},"content":{"rendered":"<h2>Geissele Super Precision\u00ae &#8211; Dr\u017eiaky pre optiku s\u00e9rie CompM5s<\/h2>\n<h3>\u010cierna (Absol\u00fatne spolu-zamierenie)<\/h3>\n<p>Dr\u017eiak optiky Geissele Super Precision\u00ae pre s\u00e9riu CompM5s. Navrhnut\u00fd pre Aimpoint CompM5s a podobn\u00e9 \u010derven\u00e9 bodov\u00e9 zameriava\u010de, tento dr\u017eiak pon\u00faka presnos\u0165 a odolnos\u0165.<\/p>\n<ul>\n<li>Presne obroben\u00fd z jedn\u00e9ho kusu vysokopevnostn\u00e9ho hlin\u00edka 7075-T6<\/li>\n<li>Mo\u017enos\u0165 v\u00fd\u0161ky pre absol\u00fatne spolu-zamierenie<\/li>\n<li>Met\u00f3da upevnenia pomocou matice a skrutky so silou upnutia 1 400 libier<\/li>\n<li>3 stri\u017en\u00e9 v\u00fdstupky pre maxim\u00e1lnu tuhos\u0165 a n\u00e1vrat do nulovej polohy<\/li>\n<li>Povrchov\u00e1 \u00faprava tvrd\u00fdm eloxovan\u00edm typu 3 v \u010diernej farbe<\/li>\n<\/ul>\n<p>Geissele pon\u00faka rie\u0161enia pre mont\u00e1\u017e optiky, ktor\u00e9 zlep\u0161uj\u00fa v\u00fdkon a spo\u013eahlivos\u0165 va\u0161ej strelnej zbrane.<\/p>\n","protected":false},"excerpt":{"rendered":"<p>Presne opracovan\u00fd dr\u017eiak pre Aimpoint CompM5s. Robustn\u00fd, pevn\u00fd a spo\u013eahliv\u00fd.<\/p>\n","protected":false},"featured_media":58221,"template":"","meta":{"_acf_changed":false},"product_brand":[11391],"product_cat":[13397],"product_tag":[],"class_list":{"0":"post-58220","1":"product","2":"type-product","3":"status-publish","4":"has-post-thumbnail","6":"product_brand-geissele","7":"product_cat-puska","9":"first","10":"instock","11":"taxable","12":"shipping-taxable","13":"product-type-simple"},"acf":[],"_links":{"self":[{"href":"https:\/\/staging.nbg.eu\/sk\/wp-json\/wp\/v2\/product\/58220","targetHints":{"allow":["GET"]}}],"collection":[{"href":"https:\/\/staging.nbg.eu\/sk\/wp-json\/wp\/v2\/product"}],"about":[{"href":"https:\/\/staging.nbg.eu\/sk\/wp-json\/wp\/v2\/types\/product"}],"wp:featuredmedia":[{"embeddable":true,"href":"https:\/\/staging.nbg.eu\/sk\/wp-json\/wp\/v2\/media\/58221"}],"wp:attachment":[{"href":"https:\/\/staging.nbg.eu\/sk\/wp-json\/wp\/v2\/media?parent=58220"}],"wp:term":[{"taxonomy":"product_brand","embeddable":true,"href":"https:\/\/staging.nbg.eu\/sk\/wp-json\/wp\/v2\/product_brand?post=58220"},{"taxonomy":"product_cat","embeddable":true,"href":"https:\/\/staging.nbg.eu\/sk\/wp-json\/wp\/v2\/product_cat?post=58220"},{"taxonomy":"product_tag","embeddable":true,"href":"https:\/\/staging.nbg.eu\/sk\/wp-json\/wp\/v2\/product_tag?post=58220"}],"curies":[{"name":"wp","href":"https:\/\/api.w.org\/{rel}","templated":true}]}}