{"id":581585,"date":"2025-10-10T18:09:59","date_gmt":"2025-10-10T15:09:59","guid":{"rendered":"https:\/\/staging.nbg.eu\/product\/daa-x-ray-polymer-pouch-black\/"},"modified":"2025-10-16T11:21:59","modified_gmt":"2025-10-16T08:21:59","slug":"daa-x-ray-polymer-puzdro-cierne","status":"publish","type":"product","link":"https:\/\/staging.nbg.eu\/sk\/produkt\/daa-x-ray-polymer-puzdro-cierne\/","title":{"rendered":"DAA X-Ray Polymer Puzdro &#8211; \u010cierne"},"content":{"rendered":"<h2>DAA X-Ray polym\u00e9rov\u00e9 puzdro &#8211; \u010cierne<\/h2>\n<p>DAA X-Ray polym\u00e9rov\u00e9 puzdro na z\u00e1sobn\u00edky m\u00e1 tieto vlastnosti:<\/p>\n<ul>\n<li>Vyrez\u00e1van\u00fd dizajn pre ni\u017e\u0161iu hmotnos\u0165<\/li>\n<li>8 mont\u00e1\u017enych bodov pre obojru\u010dn\u00e9 pou\u017eitie a r\u00f4zne poz\u00edcie<\/li>\n<li>3 sady rozpier kompatibiln\u00e9 s v\u00e4\u010d\u0161inou dvojradov\u00fdch z\u00e1sobn\u00edkov<\/li>\n<li>Kon\u0161trukcia z polym\u00e9ru vystu\u017een\u00e9ho vl\u00e1knami<\/li>\n<li>Upraven\u00e1 horn\u00e1 hrana pre \u013eah\u0161ie vkladanie z\u00e1sobn\u00edka<\/li>\n<li>Poistn\u00e1 skrutka proti n\u00e1hodn\u00e9mu uvo\u013eneniu<\/li>\n<li>Zv\u00e4\u010d\u0161en\u00fd 13mm gu\u013eov\u00fd k\u013ab pre lep\u0161iu stabilitu<\/li>\n<li>Nastavenie napnutia bez n\u00e1strojov pomocou ve\u013ek\u00e9ho kolieska<\/li>\n<\/ul>\n<p>DAA X-Ray polym\u00e9rov\u00e9 puzdro je navrhnut\u00e9 pre pou\u017eitie na strelnici.<\/p>\n","protected":false},"excerpt":{"rendered":"<p>DAA X-Ray polym\u00e9rov\u00e9 puzdro: Elegantn\u00fd, v\u0161estrann\u00fd a bezpe\u010dn\u00fd dr\u017eiak z\u00e1sobn\u00edkov pre pretek\u00e1rov.<\/p>\n","protected":false},"featured_media":581690,"template":"","meta":{"_acf_changed":false},"product_brand":[],"product_cat":[13367,13389,13355,13364],"product_tag":[],"class_list":{"0":"post-581585","1":"product","2":"type-product","3":"status-publish","4":"has-post-thumbnail","6":"product_cat-sportove-opasky","7":"product_cat-sportove-puzdro","8":"product_cat-vrecka","9":"product_cat-vystroj","11":"first","12":"instock","13":"taxable","14":"shipping-taxable","15":"purchasable","16":"product-type-simple"},"acf":[],"_links":{"self":[{"href":"https:\/\/staging.nbg.eu\/sk\/wp-json\/wp\/v2\/product\/581585","targetHints":{"allow":["GET"]}}],"collection":[{"href":"https:\/\/staging.nbg.eu\/sk\/wp-json\/wp\/v2\/product"}],"about":[{"href":"https:\/\/staging.nbg.eu\/sk\/wp-json\/wp\/v2\/types\/product"}],"wp:featuredmedia":[{"embeddable":true,"href":"https:\/\/staging.nbg.eu\/sk\/wp-json\/wp\/v2\/media\/581690"}],"wp:attachment":[{"href":"https:\/\/staging.nbg.eu\/sk\/wp-json\/wp\/v2\/media?parent=581585"}],"wp:term":[{"taxonomy":"product_brand","embeddable":true,"href":"https:\/\/staging.nbg.eu\/sk\/wp-json\/wp\/v2\/product_brand?post=581585"},{"taxonomy":"product_cat","embeddable":true,"href":"https:\/\/staging.nbg.eu\/sk\/wp-json\/wp\/v2\/product_cat?post=581585"},{"taxonomy":"product_tag","embeddable":true,"href":"https:\/\/staging.nbg.eu\/sk\/wp-json\/wp\/v2\/product_tag?post=581585"}],"curies":[{"name":"wp","href":"https:\/\/api.w.org\/{rel}","templated":true}]}}