{"id":581256,"date":"2025-10-10T18:09:52","date_gmt":"2025-10-10T15:09:52","guid":{"rendered":"https:\/\/staging.nbg.eu\/product\/jack-556x45mm-223-rem-polymer\/"},"modified":"2025-10-17T17:31:20","modified_gmt":"2025-10-17T14:31:20","slug":"jack-556x45mm223-rem-polymer","status":"publish","type":"product","link":"https:\/\/staging.nbg.eu\/sk\/produkt\/jack-556x45mm223-rem-polymer\/","title":{"rendered":"Jack 5,56x45mm\/.223 REM Polymer"},"content":{"rendered":"<div class=\"product-description\">\n<h2>Jack 5,56x45mm\/.223 REM Polymer<\/h2>\n<p>Jack 5,56x45mm\/.223 REM Polymer je modern\u00e1 pu\u0161ka. Kombinuje presn\u00e9 in\u017einierstvo, pokro\u010dil\u00e9 materi\u00e1ly a ergonomick\u00fd dizajn.<\/p>\n<h2>K\u013e\u00fa\u010dov\u00e9 vlastnosti:<\/h2>\n<ul>\n<li>Kaliber: 5.56x45mm \/.223 Rem<\/li>\n<li>D\u013a\u017eka hlavne: 415mm<\/li>\n<li>St\u00fapanie z\u00e1vitu: 1:8<\/li>\n<li>Z\u00e1vit \u00fastia: 14\u00d71 \u013eav\u00fd<\/li>\n<li>Hmotnos\u0165 bez n\u00e1bojov: 3,1kg<\/li>\n<li>\u00das\u0165ov\u00e1 r\u00fdchlos\u0165: 920 m\/s<\/li>\n<li>Syst\u00e9m: Rota\u010dn\u00fd z\u00e1ver<\/li>\n<li>Typ: Poloautomatick\u00e1<\/li>\n<\/ul>\n<h2>Dizajnov\u00e9 prvky:<\/h2>\n<ul>\n<li>Fr\u00e9zovan\u00e1 bo\u010dn\u00e1 li\u0161ta na in\u0161tal\u00e1ciu optiky<\/li>\n<li>Nitovan\u00e1 li\u0161ta na komore z\u00e1veru<\/li>\n<li>Polym\u00e9rov\u00e1 pa\u017eba<\/li>\n<li>Ergonomick\u00e9 polym\u00e9rov\u00e9 l\u00f4\u017eko<\/li>\n<li>Polym\u00e9rov\u00fd kryt plynovej trubice<\/li>\n<li>Zv\u00e4\u010d\u0161en\u00fd prep\u00edna\u010d re\u017eimu stre\u013eby<\/li>\n<li>Zv\u00e4\u010d\u0161en\u00e9 uvo\u013enenie z\u00e1sobn\u00edka<\/li>\n<li>Spodn\u00e1 li\u0161ta (rybina) na mont\u00e1\u017e pr\u00edslu\u0161enstva<\/li>\n<\/ul>\n<p>Jack 5,56x45mm\/.223 REM Polymer je pu\u0161ka kombinuj\u00faca spo\u013eahlivos\u0165, presnos\u0165 a modern\u00fd dizajn.<\/p>\n<\/div>\n","protected":false},"excerpt":{"rendered":"<p>Kompaktn\u00e1, \u013eahk\u00e1 pu\u0161ka kalibru 5,56 mm s polym\u00e9rov\u00fdmi komponentmi. Poloautomatick\u00e1. Prisp\u00f4sobite\u013en\u00e1 s li\u0161tou na optiku.<\/p>\n","protected":false},"featured_media":581298,"template":"","meta":{"_acf_changed":false},"product_brand":[],"product_cat":[13394,13397],"product_tag":[],"class_list":{"0":"post-581256","1":"product","2":"type-product","3":"status-publish","4":"has-post-thumbnail","6":"product_cat-karabiny","7":"product_cat-puska","9":"first","10":"outofstock","11":"taxable","12":"shipping-taxable","13":"product-type-simple"},"acf":[],"_links":{"self":[{"href":"https:\/\/staging.nbg.eu\/sk\/wp-json\/wp\/v2\/product\/581256","targetHints":{"allow":["GET"]}}],"collection":[{"href":"https:\/\/staging.nbg.eu\/sk\/wp-json\/wp\/v2\/product"}],"about":[{"href":"https:\/\/staging.nbg.eu\/sk\/wp-json\/wp\/v2\/types\/product"}],"wp:featuredmedia":[{"embeddable":true,"href":"https:\/\/staging.nbg.eu\/sk\/wp-json\/wp\/v2\/media\/581298"}],"wp:attachment":[{"href":"https:\/\/staging.nbg.eu\/sk\/wp-json\/wp\/v2\/media?parent=581256"}],"wp:term":[{"taxonomy":"product_brand","embeddable":true,"href":"https:\/\/staging.nbg.eu\/sk\/wp-json\/wp\/v2\/product_brand?post=581256"},{"taxonomy":"product_cat","embeddable":true,"href":"https:\/\/staging.nbg.eu\/sk\/wp-json\/wp\/v2\/product_cat?post=581256"},{"taxonomy":"product_tag","embeddable":true,"href":"https:\/\/staging.nbg.eu\/sk\/wp-json\/wp\/v2\/product_tag?post=581256"}],"curies":[{"name":"wp","href":"https:\/\/api.w.org\/{rel}","templated":true}]}}