{"id":58042,"date":"2024-02-20T19:33:36","date_gmt":"2024-09-13T14:53:48","guid":{"rendered":"https:\/\/staging.nbg.eu\/product\/geissele-super-precision-compm5s-series-optic-mounts-black-1-93\/"},"modified":"2024-09-13T14:54:48","modified_gmt":"2024-09-13T14:54:48","slug":"geissele-super-precision-t1-uchytenie-dolna-13-spoluzameranie","status":"publish","type":"product","link":"https:\/\/staging.nbg.eu\/sk\/produkt\/geissele-super-precision-t1-uchytenie-dolna-13-spoluzameranie\/","title":{"rendered":"Geissele Super Precision T1 uchytenie &#8211; Doln\u00e1 1\/3 spoluzameranie"},"content":{"rendered":"<div class=\"product-description\">\n<h2>Geissele Super Precision\u00ae &#8211; Dr\u017eiaky optiky s\u00e9rie CompM5s, \u010cierne (1,93&#8243;)<\/h2>\n<p>Geissele Super Precision\u00ae dr\u017eiak optiky s\u00e9rie CompM5s. Navrhnut\u00fd pre Aimpoint CompM5s a podobn\u00e9 kolim\u00e1tory, tento dr\u017eiak pon\u00faka presnos\u0165 a odolnos\u0165.<\/p>\n<ul>\n<li>Vyroben\u00e9 z jedn\u00e9ho kusa vysokopevnostn\u00e9ho hlin\u00edka 7075-T6<\/li>\n<li>V\u00fd\u0161ka 1,93&#8243; pre optim\u00e1lny z\u00e1mer<\/li>\n<li>Upevnenie pomocou matice a skrutky s up\u00ednacou silou 635 kg<\/li>\n<li>3 stri\u017en\u00e9 v\u00fdstupky pre maxim\u00e1lnu tuhos\u0165 a n\u00e1vrat do nuly<\/li>\n<li>\u010cierna povrchov\u00e1 \u00faprava tvrd\u00fdm eloxovan\u00edm typu 3<\/li>\n<\/ul>\n<p>Tento dr\u017eiak optiky poskytuje spo\u013eahlivos\u0165 a v\u00fdkon.<\/p>\n<\/div>\n","protected":false},"excerpt":{"rendered":"<p>Presne obroben\u00fd dr\u017eiak pre Aimpoint CompM5s, mimoriadne bezpe\u010dn\u00fd a odoln\u00fd.<\/p>\n","protected":false},"featured_media":58043,"template":"","meta":{"_acf_changed":false},"product_brand":[11391],"product_cat":[13397],"product_tag":[],"class_list":{"0":"post-58042","1":"product","2":"type-product","3":"status-publish","4":"has-post-thumbnail","6":"product_brand-geissele","7":"product_cat-puska","9":"first","10":"instock","11":"taxable","12":"shipping-taxable","13":"product-type-simple"},"acf":[],"_links":{"self":[{"href":"https:\/\/staging.nbg.eu\/sk\/wp-json\/wp\/v2\/product\/58042","targetHints":{"allow":["GET"]}}],"collection":[{"href":"https:\/\/staging.nbg.eu\/sk\/wp-json\/wp\/v2\/product"}],"about":[{"href":"https:\/\/staging.nbg.eu\/sk\/wp-json\/wp\/v2\/types\/product"}],"wp:featuredmedia":[{"embeddable":true,"href":"https:\/\/staging.nbg.eu\/sk\/wp-json\/wp\/v2\/media\/58043"}],"wp:attachment":[{"href":"https:\/\/staging.nbg.eu\/sk\/wp-json\/wp\/v2\/media?parent=58042"}],"wp:term":[{"taxonomy":"product_brand","embeddable":true,"href":"https:\/\/staging.nbg.eu\/sk\/wp-json\/wp\/v2\/product_brand?post=58042"},{"taxonomy":"product_cat","embeddable":true,"href":"https:\/\/staging.nbg.eu\/sk\/wp-json\/wp\/v2\/product_cat?post=58042"},{"taxonomy":"product_tag","embeddable":true,"href":"https:\/\/staging.nbg.eu\/sk\/wp-json\/wp\/v2\/product_tag?post=58042"}],"curies":[{"name":"wp","href":"https:\/\/api.w.org\/{rel}","templated":true}]}}