{"id":579929,"date":"2025-10-10T18:09:46","date_gmt":"2025-10-10T15:09:46","guid":{"rendered":"https:\/\/staging.nbg.eu\/product\/mini-jack-556x45mm-223-rem-wbp-x-kruk\/"},"modified":"2025-10-17T17:24:16","modified_gmt":"2025-10-17T14:24:16","slug":"mini-jack-556x45mm223-rem-wbp-x-kruk","status":"publish","type":"product","link":"https:\/\/staging.nbg.eu\/sk\/produkt\/mini-jack-556x45mm223-rem-wbp-x-kruk\/","title":{"rendered":"Mini Jack 5,56x45mm\/.223 REM WBP X KRUK"},"content":{"rendered":"<div class=\"product-description\">\n<h2>Mini Jack 5,56x45mm\/.223 REM WBP X KRUK<\/h2>\n<p>Mini Jack 5,56x45mm\/.223 REM WBP X KRUK je pu\u0161ka navrhnut\u00e1 pre profesion\u00e1lov a nad\u0161encov. T\u00e1to zbra\u0148 kombinuje v\u00fdkon s pokro\u010dil\u00fdmi funkciami.<\/p>\n<h2>Hlavn\u00e9 vlastnosti:<\/h2>\n<ul>\n<li>Pevn\u00e1 f\u013ea\u0161a s nastavite\u013en\u00fdm CRC 5002\/9035<\/li>\n<li>Plynov\u00e1 trubica CRC 1U043 a kryt<\/li>\n<li>Ergonomick\u00e1 polym\u00e9rov\u00e1 rukov\u00e4\u0165<\/li>\n<li>Zv\u00e4\u010d\u0161en\u00fd prep\u00edna\u010d re\u017eimu stre\u013eby<\/li>\n<li>Zv\u00e4\u010d\u0161en\u00e9 uvo\u013enenie z\u00e1sobn\u00edka<\/li>\n<li>Li\u0161ta pre bo\u010dn\u00e9 upevnenie (lastovi\u010d\u00ed chvost)<\/li>\n<li>Fr\u00e9zovan\u00e1 bo\u010dn\u00e1 li\u0161ta pre in\u0161tal\u00e1ciu optiky<\/li>\n<\/ul>\n<h2>Technick\u00e9 \u0161pecifik\u00e1cie:<\/h2>\n<ul>\n<li>Kaliber: 5.56\u00d745 mm\/.223 Rem<\/li>\n<li>D\u013a\u017eka hlavne: 259mm<\/li>\n<li>St\u00fapanie z\u00e1vitu: 1:8<\/li>\n<li>Z\u00e1vit na \u00fast\u00ed: 14\u00d71 \u013eav\u00fd<\/li>\n<li>Sp\u00f4sob \u010dinnosti: Uzamknut\u00fd rot\u00e1ciou<\/li>\n<li>Typ: Poloautomatick\u00fd<\/li>\n<\/ul>\n<p>Mini Jack m\u00e1 kompaktn\u00fd dizajn a je vhodn\u00fd pre r\u00f4zne aplik\u00e1cie, od taktick\u00fdch oper\u00e1ci\u00ed po \u0161portov\u00fa stre\u013ebu.<\/p>\n<p>T\u00e1to pu\u0161ka m\u00e1 nitovan\u00fa li\u0161tu na komore uz\u00e1veru, ktor\u00e1 umo\u017e\u0148uje mont\u00e1\u017e optiky. Zv\u00e4\u010d\u0161en\u00fd prep\u00edna\u010d re\u017eimu stre\u013eby a uvo\u013enenie z\u00e1sobn\u00edka zlep\u0161uj\u00fa ergon\u00f3miu a manipul\u00e1ciu.<\/p>\n<\/div>\n","protected":false},"excerpt":{"rendered":"<p>Kompaktn\u00e1 poloautomatick\u00e1 pu\u0161ka kalibru 5,56 mm s nastavite\u013enou pa\u017ebou, polym\u00e9rovou rukov\u00e4\u0165ou a li\u0161tou na optiku. V\u0161estrann\u00e1 a prisp\u00f4sobite\u013en\u00e1.<\/p>\n","protected":false},"featured_media":579991,"template":"","meta":{"_acf_changed":false},"product_brand":[],"product_cat":[13394,13397],"product_tag":[],"class_list":{"0":"post-579929","1":"product","2":"type-product","3":"status-publish","4":"has-post-thumbnail","6":"product_cat-karabiny","7":"product_cat-puska","9":"first","10":"outofstock","11":"taxable","12":"shipping-taxable","13":"product-type-simple"},"acf":[],"_links":{"self":[{"href":"https:\/\/staging.nbg.eu\/sk\/wp-json\/wp\/v2\/product\/579929","targetHints":{"allow":["GET"]}}],"collection":[{"href":"https:\/\/staging.nbg.eu\/sk\/wp-json\/wp\/v2\/product"}],"about":[{"href":"https:\/\/staging.nbg.eu\/sk\/wp-json\/wp\/v2\/types\/product"}],"wp:featuredmedia":[{"embeddable":true,"href":"https:\/\/staging.nbg.eu\/sk\/wp-json\/wp\/v2\/media\/579991"}],"wp:attachment":[{"href":"https:\/\/staging.nbg.eu\/sk\/wp-json\/wp\/v2\/media?parent=579929"}],"wp:term":[{"taxonomy":"product_brand","embeddable":true,"href":"https:\/\/staging.nbg.eu\/sk\/wp-json\/wp\/v2\/product_brand?post=579929"},{"taxonomy":"product_cat","embeddable":true,"href":"https:\/\/staging.nbg.eu\/sk\/wp-json\/wp\/v2\/product_cat?post=579929"},{"taxonomy":"product_tag","embeddable":true,"href":"https:\/\/staging.nbg.eu\/sk\/wp-json\/wp\/v2\/product_tag?post=579929"}],"curies":[{"name":"wp","href":"https:\/\/api.w.org\/{rel}","templated":true}]}}