{"id":57888,"date":"2024-02-20T19:42:37","date_gmt":"2024-09-13T14:48:57","guid":{"rendered":"https:\/\/staging.nbg.eu\/product\/geissele-super-precision-t1-mount-lower-1-3-co-witness\/"},"modified":"2024-09-13T14:49:56","modified_gmt":"2024-09-13T14:49:56","slug":"geissele-ar15-super-precision-30mm-predlzene","status":"publish","type":"product","link":"https:\/\/staging.nbg.eu\/sk\/produkt\/geissele-ar15-super-precision-30mm-predlzene\/","title":{"rendered":"Geissele AR15 Super Precision 30mm, Pred\u013a\u017een\u00e9"},"content":{"rendered":"<div class=\"product-description\">\n<h2>Geissele Super Precision T1 mont\u00e1\u017e &#8211; Ni\u017e\u0161ia 1\/3 ko-witness (DDC)<\/h2>\n<p>Geissele Super Precision T1 mont\u00e1\u017e pre Aimpoint T1 a podobn\u00e9 \u010derven\u00e9 bodov\u00e9 optiky pon\u00faka:<\/p>\n<ul>\n<li>Presne vyroben\u00e1 z jedn\u00e9ho kusu vysoko pevn\u00e9ho hlin\u00edka 7075-T6<\/li>\n<li>Mo\u017enos\u0165 ni\u017e\u0161ej 1\/3 ko-witness pre optim\u00e1lny obraz mieridiel<\/li>\n<li>DDC (Desert Dirt Color) anodizovan\u00e1 povrchov\u00e1 \u00faprava typu 3<\/li>\n<li>Upevnenie pomocou matice a skrutky poskytuj\u00face up\u00ednaciu silu 1 400 libier<\/li>\n<li>3 stri\u017en\u00e9 v\u00fdstupky pre maxim\u00e1lnu tuhos\u0165 a n\u00e1vrat do nulovej polohy<\/li>\n<\/ul>\n<p>T\u00e1to mont\u00e1\u017e je vhodn\u00e1 pre v\u00e1\u017enych strelcov a profesion\u00e1lov.<\/p>\n<\/div>\n","protected":false},"excerpt":{"rendered":"<p>Presn\u00fd dr\u017eiak T1: Ni\u017e\u0161ia 1\/3 ko-witness, DDC povrchov\u00e1 \u00faprava, pevn\u00fd ako skala.<\/p>\n","protected":false},"featured_media":57889,"template":"","meta":{"_acf_changed":false},"product_brand":[11391],"product_cat":[13397],"product_tag":[],"class_list":{"0":"post-57888","1":"product","2":"type-product","3":"status-publish","4":"has-post-thumbnail","6":"product_brand-geissele","7":"product_cat-puska","9":"first","10":"instock","11":"taxable","12":"shipping-taxable","13":"product-type-variable","14":"wvs-archive-product-wrapper"},"acf":[],"_links":{"self":[{"href":"https:\/\/staging.nbg.eu\/sk\/wp-json\/wp\/v2\/product\/57888","targetHints":{"allow":["GET"]}}],"collection":[{"href":"https:\/\/staging.nbg.eu\/sk\/wp-json\/wp\/v2\/product"}],"about":[{"href":"https:\/\/staging.nbg.eu\/sk\/wp-json\/wp\/v2\/types\/product"}],"wp:featuredmedia":[{"embeddable":true,"href":"https:\/\/staging.nbg.eu\/sk\/wp-json\/wp\/v2\/media\/57889"}],"wp:attachment":[{"href":"https:\/\/staging.nbg.eu\/sk\/wp-json\/wp\/v2\/media?parent=57888"}],"wp:term":[{"taxonomy":"product_brand","embeddable":true,"href":"https:\/\/staging.nbg.eu\/sk\/wp-json\/wp\/v2\/product_brand?post=57888"},{"taxonomy":"product_cat","embeddable":true,"href":"https:\/\/staging.nbg.eu\/sk\/wp-json\/wp\/v2\/product_cat?post=57888"},{"taxonomy":"product_tag","embeddable":true,"href":"https:\/\/staging.nbg.eu\/sk\/wp-json\/wp\/v2\/product_tag?post=57888"}],"curies":[{"name":"wp","href":"https:\/\/api.w.org\/{rel}","templated":true}]}}