{"id":577743,"date":"2025-10-10T16:07:00","date_gmt":"2025-10-10T13:07:00","guid":{"rendered":"https:\/\/staging.nbg.eu\/product\/polymer-magazine-762x39-mm-for-akm-rifle-10-rounds\/"},"modified":"2025-10-15T12:35:54","modified_gmt":"2025-10-15T09:35:54","slug":"polymerovy-zasobnik-762x39-mm-pre-akm-pusku-10-nabojov","status":"publish","type":"product","link":"https:\/\/staging.nbg.eu\/sk\/produkt\/polymerovy-zasobnik-762x39-mm-pre-akm-pusku-10-nabojov\/","title":{"rendered":"Polymerov\u00fd z\u00e1sobn\u00edk 7,62&#215;39 mm pre AKM pu\u0161ku 10 n\u00e1bojov"},"content":{"rendered":"<h2>Magpul PMAG 10 AK\/AKM MOE z\u00e1sobn\u00edk<\/h2>\n<h2>7,62x39mm | Kapacita 10 n\u00e1bojov<\/h2>\n<p>Z\u00e1sobn\u00edk <strong>Magpul PMAG 10 AK\/AKM MOE<\/strong> je ur\u010den\u00fd pre pu\u0161ky typu AK v kalibre 7,62x39mm, vr\u00e1tane AK-47, AKM, AKS a SIG556R.<\/p>\n<h3>Hlavn\u00e9 vlastnosti:<\/h3>\n<ul>\n<li>Polymerov\u00e1 kon\u0161trukcia<\/li>\n<li>Kapacita 10 n\u00e1bojov<\/li>\n<li>Geometria s kon\u0161tantnou krivkou<\/li>\n<li>Pru\u017eina z nehrdzavej\u00facej ocele<\/li>\n<li>Pod\u00e1va\u010d s n\u00edzkym tren\u00edm<\/li>\n<li>Odn\u00edmate\u013en\u00e1 podlaha<\/li>\n<li>Rebrovan\u00fd povrch na uchopenie<\/li>\n<li>Matica bodov pre identifik\u00e1ciu<\/li>\n<li>Po\u010d\u00edta sa ako tri US compliance \u010dasti pre 922(r)<\/li>\n<\/ul>\n<p>Tento kompaktn\u00fd z\u00e1sobn\u00edk je vhodn\u00fd pre stre\u013ebu v \u013eahu a z opory.<\/p>\n<p><em>Vyroben\u00e9 v USA<\/em><\/p>\n","protected":false},"excerpt":{"rendered":"<p>Spo\u013eahliv\u00fd 10-n\u00e1bojov\u00fd z\u00e1sobn\u00edk kalibru 7,62x39mm pre AKM. \u013dahk\u00fd polym\u00e9r, vyroben\u00fd v USA.<\/p>\n","protected":false},"featured_media":577854,"template":"","meta":{"_acf_changed":false},"product_brand":[],"product_cat":[13397,13380],"product_tag":[],"class_list":{"0":"post-577743","1":"product","2":"type-product","3":"status-publish","4":"has-post-thumbnail","6":"product_cat-puska","7":"product_cat-zasobniky-do-pusiek","9":"first","10":"outofstock","11":"taxable","12":"shipping-taxable","13":"product-type-simple"},"acf":[],"_links":{"self":[{"href":"https:\/\/staging.nbg.eu\/sk\/wp-json\/wp\/v2\/product\/577743","targetHints":{"allow":["GET"]}}],"collection":[{"href":"https:\/\/staging.nbg.eu\/sk\/wp-json\/wp\/v2\/product"}],"about":[{"href":"https:\/\/staging.nbg.eu\/sk\/wp-json\/wp\/v2\/types\/product"}],"wp:featuredmedia":[{"embeddable":true,"href":"https:\/\/staging.nbg.eu\/sk\/wp-json\/wp\/v2\/media\/577854"}],"wp:attachment":[{"href":"https:\/\/staging.nbg.eu\/sk\/wp-json\/wp\/v2\/media?parent=577743"}],"wp:term":[{"taxonomy":"product_brand","embeddable":true,"href":"https:\/\/staging.nbg.eu\/sk\/wp-json\/wp\/v2\/product_brand?post=577743"},{"taxonomy":"product_cat","embeddable":true,"href":"https:\/\/staging.nbg.eu\/sk\/wp-json\/wp\/v2\/product_cat?post=577743"},{"taxonomy":"product_tag","embeddable":true,"href":"https:\/\/staging.nbg.eu\/sk\/wp-json\/wp\/v2\/product_tag?post=577743"}],"curies":[{"name":"wp","href":"https:\/\/api.w.org\/{rel}","templated":true}]}}