{"id":577348,"date":"2025-10-10T16:06:55","date_gmt":"2025-10-10T13:06:55","guid":{"rendered":"https:\/\/staging.nbg.eu\/product\/polymer-magazine-762x39-mm-for-akm-rifle-30-rounds\/"},"modified":"2025-10-15T12:27:21","modified_gmt":"2025-10-15T09:27:21","slug":"polymerovy-zasobnik-762x39-mm-pre-akm-pusku-30-nabojov","status":"publish","type":"product","link":"https:\/\/staging.nbg.eu\/sk\/produkt\/polymerovy-zasobnik-762x39-mm-pre-akm-pusku-30-nabojov\/","title":{"rendered":"Polymerov\u00fd z\u00e1sobn\u00edk 7,62&#215;39 mm pre AKM pu\u0161ku 30 n\u00e1bojov"},"content":{"rendered":"<div class=\"product-description\">\n<h2>WBP\u00ae Polym\u00e9rov\u00fd z\u00e1sobn\u00edk pre pu\u0161ky AK\/AKM &#8211; 7,62&#215;39 mm, 30 n\u00e1bojov<\/h2>\n<p>Z\u00e1sobn\u00edk s kapacitou 30 n\u00e1bojov pre pu\u0161ky AK\/AKM od WBP\u00ae. Vyroben\u00fd v Po\u013esku, tento z\u00e1sobn\u00edk m\u00e1 tieto vlastnosti:<\/p>\n<ul>\n<li>Prieh\u013eadn\u00e9 polym\u00e9rov\u00e9 telo odoln\u00e9 vo\u010di n\u00e1razom pre kontrolu mun\u00edcie<\/li>\n<li>\u013dahk\u00e1 kon\u0161trukcia s oce\u013eovou z\u00e1klad\u0148ou pre odolnos\u0165<\/li>\n<li>Kompatibilita s v\u00e4\u010d\u0161inou pu\u0161iek platformy AK-47 v kalibri 7,62\u00d739 mm<\/li>\n<li>Po\u013esk\u00e1 v\u00fdroba testovan\u00e1 \u0161peci\u00e1lnymi jednotkami<\/li>\n<\/ul>\n<p>WBP polym\u00e9rov\u00fd z\u00e1sobn\u00edk kombinuje spo\u013eahlivos\u0165 a inov\u00e1ciu. Vhodn\u00fd pre majite\u013eov AK pu\u0161iek.<\/p>\n<p><strong>\u0160pecifik\u00e1cie:<\/strong> Kaliber: 7,62&#215;39 mm | Kapacita: 30 n\u00e1bojov | Materi\u00e1l: Polym\u00e9r s oce\u013eovou z\u00e1klad\u0148ou<\/p>\n<\/div>\n","protected":false},"excerpt":{"rendered":"<p>Prieh\u013eadn\u00fd 30-n\u00e1bojov\u00fd z\u00e1sobn\u00edk pre AK\/AKM. Odoln\u00fd polym\u00e9r, oce\u013eov\u00e1 z\u00e1klad\u0148a. Kaliber 7,62&#215;39 mm.<\/p>\n","protected":false},"featured_media":577487,"template":"","meta":{"_acf_changed":false},"product_brand":[],"product_cat":[13397,13380],"product_tag":[],"class_list":{"0":"post-577348","1":"product","2":"type-product","3":"status-publish","4":"has-post-thumbnail","6":"product_cat-puska","7":"product_cat-zasobniky-do-pusiek","9":"first","10":"outofstock","11":"taxable","12":"shipping-taxable","13":"product-type-simple"},"acf":[],"_links":{"self":[{"href":"https:\/\/staging.nbg.eu\/sk\/wp-json\/wp\/v2\/product\/577348","targetHints":{"allow":["GET"]}}],"collection":[{"href":"https:\/\/staging.nbg.eu\/sk\/wp-json\/wp\/v2\/product"}],"about":[{"href":"https:\/\/staging.nbg.eu\/sk\/wp-json\/wp\/v2\/types\/product"}],"wp:featuredmedia":[{"embeddable":true,"href":"https:\/\/staging.nbg.eu\/sk\/wp-json\/wp\/v2\/media\/577487"}],"wp:attachment":[{"href":"https:\/\/staging.nbg.eu\/sk\/wp-json\/wp\/v2\/media?parent=577348"}],"wp:term":[{"taxonomy":"product_brand","embeddable":true,"href":"https:\/\/staging.nbg.eu\/sk\/wp-json\/wp\/v2\/product_brand?post=577348"},{"taxonomy":"product_cat","embeddable":true,"href":"https:\/\/staging.nbg.eu\/sk\/wp-json\/wp\/v2\/product_cat?post=577348"},{"taxonomy":"product_tag","embeddable":true,"href":"https:\/\/staging.nbg.eu\/sk\/wp-json\/wp\/v2\/product_tag?post=577348"}],"curies":[{"name":"wp","href":"https:\/\/api.w.org\/{rel}","templated":true}]}}