{"id":577175,"date":"2025-10-10T16:06:54","date_gmt":"2025-10-10T13:06:54","guid":{"rendered":"https:\/\/staging.nbg.eu\/product\/polymer-magazine-556x45-mm-for-akm-rifles-30-rounds\/"},"modified":"2025-10-15T12:22:40","modified_gmt":"2025-10-15T09:22:40","slug":"polymerovy-zasobnik-556x45-mm-pre-akm-pusky-30-nabojov","status":"publish","type":"product","link":"https:\/\/staging.nbg.eu\/sk\/produkt\/polymerovy-zasobnik-556x45-mm-pre-akm-pusky-30-nabojov\/","title":{"rendered":"Polymerov\u00fd z\u00e1sobn\u00edk 5,56&#215;45 mm pre AKM pu\u0161ky &#8211; 30 n\u00e1bojov"},"content":{"rendered":"<div class=\"product-description\">\n<h2>WBP\u00ae Polym\u00e9rov\u00fd z\u00e1sobn\u00edk pre pu\u0161ky AKM &#8211; 5,56x45mm (30 n\u00e1bojov)<\/h2>\n<p>Z\u00e1sobn\u00edk s kapacitou 30 n\u00e1bojov od WBP\u00ae pre pu\u0161ky AK\/AKM. Vyroben\u00fd z prieh\u013eadn\u00e9ho polym\u00e9ru odoln\u00e9ho vo\u010di n\u00e1razu:<\/p>\n<ul>\n<li>Umo\u017e\u0148uje r\u00fdchlu kontrolu mno\u017estva mun\u00edcie<\/li>\n<li>\u013dahk\u00e1 a odoln\u00e1 kon\u0161trukcia<\/li>\n<li>Zosilnen\u00e1 oce\u013eov\u00e1 z\u00e1klad\u0148a<\/li>\n<li>Kompatibiln\u00fd s v\u00e4\u010d\u0161inou AK platforiem kalibru 5,56\u00d745mm<\/li>\n<\/ul>\n<p>Navrhnut\u00fd v Po\u013esku a testovan\u00fd \u0161peci\u00e1lnymi jednotkami. WBP je rodinn\u00e1 firma, ktor\u00e1 zabezpe\u010duje kvalitu vlastnou v\u00fdrobou a kontrolou.<\/p>\n<p>Z\u00e1sobn\u00edk je vhodn\u00fd pre nad\u0161encov aj profesion\u00e1lov.<\/p>\n<\/div>\n","protected":false},"excerpt":{"rendered":"<p>Odoln\u00fd 30-n\u00e1bojov\u00fd z\u00e1sobn\u00edk kalibru 5,56x45mm pre AKM. Prieh\u013eadn\u00fd polym\u00e9r, oce\u013eov\u00e1 z\u00e1klad\u0148a.<\/p>\n","protected":false},"featured_media":577228,"template":"","meta":{"_acf_changed":false},"product_brand":[],"product_cat":[13397,13380],"product_tag":[],"class_list":{"0":"post-577175","1":"product","2":"type-product","3":"status-publish","4":"has-post-thumbnail","6":"product_cat-puska","7":"product_cat-zasobniky-do-pusiek","9":"first","10":"outofstock","11":"taxable","12":"shipping-taxable","13":"product-type-simple"},"acf":[],"_links":{"self":[{"href":"https:\/\/staging.nbg.eu\/sk\/wp-json\/wp\/v2\/product\/577175","targetHints":{"allow":["GET"]}}],"collection":[{"href":"https:\/\/staging.nbg.eu\/sk\/wp-json\/wp\/v2\/product"}],"about":[{"href":"https:\/\/staging.nbg.eu\/sk\/wp-json\/wp\/v2\/types\/product"}],"wp:featuredmedia":[{"embeddable":true,"href":"https:\/\/staging.nbg.eu\/sk\/wp-json\/wp\/v2\/media\/577228"}],"wp:attachment":[{"href":"https:\/\/staging.nbg.eu\/sk\/wp-json\/wp\/v2\/media?parent=577175"}],"wp:term":[{"taxonomy":"product_brand","embeddable":true,"href":"https:\/\/staging.nbg.eu\/sk\/wp-json\/wp\/v2\/product_brand?post=577175"},{"taxonomy":"product_cat","embeddable":true,"href":"https:\/\/staging.nbg.eu\/sk\/wp-json\/wp\/v2\/product_cat?post=577175"},{"taxonomy":"product_tag","embeddable":true,"href":"https:\/\/staging.nbg.eu\/sk\/wp-json\/wp\/v2\/product_tag?post=577175"}],"curies":[{"name":"wp","href":"https:\/\/api.w.org\/{rel}","templated":true}]}}