{"id":576867,"date":"2025-10-10T16:06:53","date_gmt":"2025-10-10T13:06:53","guid":{"rendered":"https:\/\/staging.nbg.eu\/product\/polymer-magazine-545x39-mm-fo-akm-rifles-30-rounds\/"},"modified":"2025-10-15T12:16:08","modified_gmt":"2025-10-15T09:16:08","slug":"polymerovy-zasobnik-545x39-mm-pre-akm-pusky-30-nabojov","status":"publish","type":"product","link":"https:\/\/staging.nbg.eu\/sk\/produkt\/polymerovy-zasobnik-545x39-mm-pre-akm-pusky-30-nabojov\/","title":{"rendered":"Polymerov\u00fd z\u00e1sobn\u00edk 5,45&#215;39 mm pre AKM pu\u0161ky 30 n\u00e1bojov"},"content":{"rendered":"<div class=\"product-description\">\n<h2>Polym\u00e9rov\u00fd z\u00e1sobn\u00edk pre AK 5,45&#215;39 mm &#8211; 30 n\u00e1bojov<\/h2>\n<h2>WBP Rog\u00f3w poloprieh\u013eadn\u00fd z\u00e1sobn\u00edk<\/h2>\n<p>Z\u00e1sobn\u00edk pre pu\u0161ky AK-74 alebo Tantal od WBP Rog\u00f3w. Navrhnut\u00fd pre mun\u00edciu kalibru 5,45&#215;39 mm, tento 30-n\u00e1bojov\u00fd z\u00e1sobn\u00edk je z polym\u00e9ru.<\/p>\n<h3>Hlavn\u00e9 vlastnosti:<\/h3>\n<ul>\n<li>Polym\u00e9rov\u00e1 kon\u0161trukcia<\/li>\n<li>Poloprieh\u013eadn\u00e9 telo na kontrolu stavu mun\u00edcie<\/li>\n<li>Oce\u013eou vystu\u017een\u00e1 z\u00e1klad\u0148a<\/li>\n<li>Hmotnos\u0165 153 gramov<\/li>\n<li>Kompatibiln\u00fd s pu\u0161kami AK-74 a Tantal<\/li>\n<\/ul>\n<h3>Technick\u00e9 \u0161pecifik\u00e1cie:<\/h3>\n<ul>\n<li>Kaliber: 5,45&#215;39 mm<\/li>\n<li>Kapacita: 30 n\u00e1bojov<\/li>\n<li>Materi\u00e1l tela a pod\u00e1va\u010da: Polym\u00e9r<\/li>\n<li>Materi\u00e1l z\u00e1kladne: Oce\u013e<\/li>\n<li>Farba: Poloprieh\u013eadn\u00e1<\/li>\n<\/ul>\n<p>Tento polym\u00e9rov\u00fd z\u00e1sobn\u00edk WBP Rog\u00f3w je navrhnut\u00fd pre pu\u0161ky typu AK.<\/p>\n<\/div>\n","protected":false},"excerpt":{"rendered":"<p>Poloprieh\u013eadn\u00fd 30-n\u00e1bojov\u00fd z\u00e1sobn\u00edk pre AK, kaliber 5.45x39mm, od WBP Rog\u00f3w<\/p>\n","protected":false},"featured_media":577109,"template":"","meta":{"_acf_changed":false},"product_brand":[],"product_cat":[13397,13380],"product_tag":[],"class_list":{"0":"post-576867","1":"product","2":"type-product","3":"status-publish","4":"has-post-thumbnail","6":"product_cat-puska","7":"product_cat-zasobniky-do-pusiek","9":"first","10":"outofstock","11":"taxable","12":"shipping-taxable","13":"product-type-simple"},"acf":[],"_links":{"self":[{"href":"https:\/\/staging.nbg.eu\/sk\/wp-json\/wp\/v2\/product\/576867","targetHints":{"allow":["GET"]}}],"collection":[{"href":"https:\/\/staging.nbg.eu\/sk\/wp-json\/wp\/v2\/product"}],"about":[{"href":"https:\/\/staging.nbg.eu\/sk\/wp-json\/wp\/v2\/types\/product"}],"wp:featuredmedia":[{"embeddable":true,"href":"https:\/\/staging.nbg.eu\/sk\/wp-json\/wp\/v2\/media\/577109"}],"wp:attachment":[{"href":"https:\/\/staging.nbg.eu\/sk\/wp-json\/wp\/v2\/media?parent=576867"}],"wp:term":[{"taxonomy":"product_brand","embeddable":true,"href":"https:\/\/staging.nbg.eu\/sk\/wp-json\/wp\/v2\/product_brand?post=576867"},{"taxonomy":"product_cat","embeddable":true,"href":"https:\/\/staging.nbg.eu\/sk\/wp-json\/wp\/v2\/product_cat?post=576867"},{"taxonomy":"product_tag","embeddable":true,"href":"https:\/\/staging.nbg.eu\/sk\/wp-json\/wp\/v2\/product_tag?post=576867"}],"curies":[{"name":"wp","href":"https:\/\/api.w.org\/{rel}","templated":true}]}}