{"id":576653,"date":"2025-10-10T15:52:39","date_gmt":"2025-10-10T12:52:39","guid":{"rendered":"https:\/\/staging.nbg.eu\/product\/adapter-single-arta435-52-52mm\/"},"modified":"2025-10-15T12:10:50","modified_gmt":"2025-10-15T09:10:50","slug":"adapter-jednoduchy-arta435-52-52mm","status":"publish","type":"product","link":"https:\/\/staging.nbg.eu\/sk\/produkt\/adapter-jednoduchy-arta435-52-52mm\/","title":{"rendered":"Adapt\u00e9r jednoduch\u00fd ARTA435-52, 52mm"},"content":{"rendered":"<div class=\"product-description\">\n<h2>Adapt\u00e9r jednodielny ARTA435-52, 52mm<\/h2>\n<p>ARTA435-52 je r\u00fdchloup\u00ednac\u00ed adapt\u00e9r pre termov\u00edzne zariadenia Guide TA a TB. Tento 52mm adapt\u00e9r sl\u00fa\u017ei na pripojenie denn\u00e9ho pu\u0161koh\u013eadu k termov\u00edznemu pr\u00edstroju.<\/p>\n<h2>Hlavn\u00e9 vlastnosti:<\/h2>\n<ul>\n<li>Kompatibiln\u00fd so zariadeniami so z\u00e1vitom M33.5&#215;0.75<\/li>\n<li>Vyroben\u00fd z hlin\u00edka<\/li>\n<li>Pohybliv\u00e9 \u010dasti z kalenej ocele<\/li>\n<li>Vn\u00fatorn\u00fd ochrann\u00fd povlak<\/li>\n<li>Zabezpe\u010duje pevn\u00e9 uchytenie a chr\u00e1ni optiku<\/li>\n<li>Mechanizmus r\u00fdchleho uvo\u013enenia pre jednoduch\u00e9 pripevnenie<\/li>\n<\/ul>\n<h2>Kompatibilita:<\/h2>\n<p>Tento adapt\u00e9r je kompatibiln\u00fd s r\u00f4znymi termov\u00edznymi pr\u00edstrojmi, vr\u00e1tane:<\/p>\n<ul>\n<li>Guide TB a TA s\u00e9ria<\/li>\n<li>Athlon Cronus ATS Pro<\/li>\n<li>Burris BTC50, BTC35 v2 a v3<\/li>\n<li>Steiner Nighthunter C35 Gen I a Gen II<\/li>\n<li>Konus Fiery<\/li>\n<li>Nitehog Viper<\/li>\n<\/ul>\n<p>Pred k\u00fapou sa uistite, \u017ee objekt\u00edv v\u00e1\u0161ho pu\u0161koh\u013eadu m\u00e1 vonkaj\u0161\u00ed priemer 52mm. Pre alternat\u00edvne mo\u017enosti mont\u00e1\u017ee zv\u00e1\u017ete na\u0161e adapt\u00e9ry na Picatinny li\u0161tu dostupn\u00e9 v r\u00f4znych v\u00fd\u0161kach.<\/p>\n<p>Vyroben\u00fd spolo\u010dnos\u0165ou Rusan-Mikron, tento adapt\u00e9r zabezpe\u010duje presn\u00e9 upevnenie a integr\u00e1ciu s va\u0161ou termov\u00edznou zostavou.<\/p>\n<\/div>\n","protected":false},"excerpt":{"rendered":"<p>52mm Rusan adapt\u00e9r pre term\u00e1lne preds\u00e1dky Guide. R\u00fdchloup\u00ednac\u00ed, hlin\u00edkov\u00fd.<\/p>\n","protected":false},"featured_media":576712,"template":"","meta":{"_acf_changed":false},"product_brand":[],"product_cat":[13373,13330,13328],"product_tag":[],"class_list":{"0":"post-576653","1":"product","2":"type-product","3":"status-publish","4":"has-post-thumbnail","6":"product_cat-mierenie","7":"product_cat-mierenske-prislusenstvo","8":"product_cat-termalne","10":"first","11":"outofstock","12":"taxable","13":"shipping-taxable","14":"purchasable","15":"product-type-simple"},"acf":[],"_links":{"self":[{"href":"https:\/\/staging.nbg.eu\/sk\/wp-json\/wp\/v2\/product\/576653","targetHints":{"allow":["GET"]}}],"collection":[{"href":"https:\/\/staging.nbg.eu\/sk\/wp-json\/wp\/v2\/product"}],"about":[{"href":"https:\/\/staging.nbg.eu\/sk\/wp-json\/wp\/v2\/types\/product"}],"wp:featuredmedia":[{"embeddable":true,"href":"https:\/\/staging.nbg.eu\/sk\/wp-json\/wp\/v2\/media\/576712"}],"wp:attachment":[{"href":"https:\/\/staging.nbg.eu\/sk\/wp-json\/wp\/v2\/media?parent=576653"}],"wp:term":[{"taxonomy":"product_brand","embeddable":true,"href":"https:\/\/staging.nbg.eu\/sk\/wp-json\/wp\/v2\/product_brand?post=576653"},{"taxonomy":"product_cat","embeddable":true,"href":"https:\/\/staging.nbg.eu\/sk\/wp-json\/wp\/v2\/product_cat?post=576653"},{"taxonomy":"product_tag","embeddable":true,"href":"https:\/\/staging.nbg.eu\/sk\/wp-json\/wp\/v2\/product_tag?post=576653"}],"curies":[{"name":"wp","href":"https:\/\/api.w.org\/{rel}","templated":true}]}}