{"id":575720,"date":"2025-10-10T12:35:10","date_gmt":"2025-10-10T09:35:10","guid":{"rendered":"https:\/\/staging.nbg.eu\/product\/grips-kmr-l-diamondcut-short-brass\/"},"modified":"2025-10-15T11:55:53","modified_gmt":"2025-10-15T08:55:53","slug":"rukojete-kmr-l-diamantovy-rez-kratke-mosadz","status":"publish","type":"product","link":"https:\/\/staging.nbg.eu\/sk\/produkt\/rukojete-kmr-l-diamantovy-rez-kratke-mosadz\/","title":{"rendered":"RUKOJETE KMR L DIAMANTOV\u00dd REZ KR\u00c1TKE MOSADZ"},"content":{"rendered":"<h2>RUKOV\u00c4TE KMR L DIAMONDCUT KR\u00c1TKE MOSADZN\u00c9<\/h2>\n<p><strong>Referencia:<\/strong> 0611-05202-0316 | <strong>Zna\u010dka:<\/strong> KMR Precision Arms<\/p>\n<p>RUKOV\u00c4TE KMR L DIAMONDCUT KR\u00c1TKE MOSADZN\u00c9 s\u00fa ur\u010den\u00e9 pre modely KMR L-02 SPECTRA a UMBRA (do roku 2023). Tieto kr\u00e1tke rukov\u00e4te poskytuj\u00fa kontrolu a pohodlie.<\/p>\n<p>Hlavn\u00e9 vlastnosti:<\/p>\n<ul>\n<li>Navrhnut\u00e9 pre zbrane KMR<\/li>\n<li>Kr\u00e1tka d\u013a\u017eka rukov\u00e4te pre lep\u0161iu ovl\u00e1date\u013enos\u0165<\/li>\n<li>Diamondcut text\u00fara pre lep\u0161ie uchopenie a kontrolu<\/li>\n<li>Mosadzn\u00e1 kon\u0161trukcia pre odolnos\u0165<\/li>\n<li>Kompatibiln\u00e9 s modelmi KMR L-02 SPECTRA a UMBRA do roku 2023<\/li>\n<\/ul>\n<p>Tieto rukov\u00e4te s\u00fa navrhnut\u00e9 na zlep\u0161enie stre\u013eby a pohodlia pre zbrane KMR.<\/p>\n","protected":false},"excerpt":{"rendered":"<p>Kr\u00e1tke mosadzn\u00e9 r\u00fa\u010dky s diamantov\u00fdm v\u00fdbrusom pre pu\u0161ky KMR L-02. Prec\u00edzne spasovanie.<\/p>\n","protected":false},"featured_media":575737,"template":"","meta":{"_acf_changed":false},"product_brand":[],"product_cat":[13349],"product_tag":[],"class_list":{"0":"post-575720","1":"product","2":"type-product","3":"status-publish","4":"has-post-thumbnail","6":"product_cat-kmr-diely","8":"first","9":"instock","10":"taxable","11":"shipping-taxable","12":"purchasable","13":"product-type-simple"},"acf":[],"_links":{"self":[{"href":"https:\/\/staging.nbg.eu\/sk\/wp-json\/wp\/v2\/product\/575720","targetHints":{"allow":["GET"]}}],"collection":[{"href":"https:\/\/staging.nbg.eu\/sk\/wp-json\/wp\/v2\/product"}],"about":[{"href":"https:\/\/staging.nbg.eu\/sk\/wp-json\/wp\/v2\/types\/product"}],"wp:featuredmedia":[{"embeddable":true,"href":"https:\/\/staging.nbg.eu\/sk\/wp-json\/wp\/v2\/media\/575737"}],"wp:attachment":[{"href":"https:\/\/staging.nbg.eu\/sk\/wp-json\/wp\/v2\/media?parent=575720"}],"wp:term":[{"taxonomy":"product_brand","embeddable":true,"href":"https:\/\/staging.nbg.eu\/sk\/wp-json\/wp\/v2\/product_brand?post=575720"},{"taxonomy":"product_cat","embeddable":true,"href":"https:\/\/staging.nbg.eu\/sk\/wp-json\/wp\/v2\/product_cat?post=575720"},{"taxonomy":"product_tag","embeddable":true,"href":"https:\/\/staging.nbg.eu\/sk\/wp-json\/wp\/v2\/product_tag?post=575720"}],"curies":[{"name":"wp","href":"https:\/\/api.w.org\/{rel}","templated":true}]}}