{"id":575622,"date":"2025-10-10T12:35:07","date_gmt":"2025-10-10T09:35:07","guid":{"rendered":"https:\/\/staging.nbg.eu\/product\/grips-kmr-l-dotmatrix-ergo-short-for-orca-emiq-pink\/"},"modified":"2025-10-15T11:49:19","modified_gmt":"2025-10-15T08:49:19","slug":"rukojete-kmr-l-bodkova-matica-ergo-kratke-pre-orca-emiq-ruzove","status":"publish","type":"product","link":"https:\/\/staging.nbg.eu\/sk\/produkt\/rukojete-kmr-l-bodkova-matica-ergo-kratke-pre-orca-emiq-ruzove\/","title":{"rendered":"RUKOJETE KMR L BODKOV\u00c1 MATICA ERGO KR\u00c1TKE pre ORCA, EMIQ RU\u017dOV\u00c9"},"content":{"rendered":"<h2>RUKOV\u00c4TE KMR L DOTMATRIX ERGO KR\u00c1TKE pre ORCA, EMIQ &#8211; RU\u017dOV\u00c9<\/h2>\n<p>GRIPS KMR L DOTMATRIX ERGO KR\u00c1TKE pre ORCA, EMIQ v ru\u017eovej farbe. Tieto rukov\u00e4te z duralum\u00ednia maj\u00fa vzor golfovej lopti\u010dky, \u010do zabezpe\u010duje pevn\u00e9 uchopenie.<\/p>\n<h2>Hlavn\u00e9 vlastnosti:<\/h2>\n<ul>\n<li>Referencia: 0611-03204-0110<\/li>\n<li>Zna\u010dka: KMR Precision Arms<\/li>\n<li>Ve\u013ekos\u0165: Kr\u00e1tka<\/li>\n<li>Materi\u00e1l: Anodizovan\u00fd duralum\u00ednium<\/li>\n<li>Vzor: Golfov\u00e1 lopti\u010dka (Dotmatrix Ergo)<\/li>\n<li>Pou\u017eitie: S vod\u00edtkom z\u00e1sobn\u00edka<\/li>\n<li>Obsahuje: Torx skrutky<\/li>\n<\/ul>\n<p>Vhodn\u00e9 pre vylep\u0161enie existuj\u00facej pi\u0161tole alebo pre n\u00e1vrh s\u00fa\u0165a\u017enej zbrane. Kompatibiln\u00e9 s KMR L-02 EMIQ, KMR L-02 EMIQ (OR) a KMR L-02 ORCA (do roku 2023).<\/p>\n","protected":false},"excerpt":{"rendered":"<p>Ru\u017eov\u00e9 duralum\u00edniov\u00e9 rukov\u00e4te pre ORCA\/EMIQ. Text\u00fara golfovej lopti\u010dky. Kr\u00e1tke, ergonomick\u00e9.<\/p>\n","protected":false},"featured_media":575654,"template":"","meta":{"_acf_changed":false},"product_brand":[],"product_cat":[13349],"product_tag":[],"class_list":{"0":"post-575622","1":"product","2":"type-product","3":"status-publish","4":"has-post-thumbnail","6":"product_cat-kmr-diely","8":"first","9":"outofstock","10":"taxable","11":"shipping-taxable","12":"purchasable","13":"product-type-simple"},"acf":[],"_links":{"self":[{"href":"https:\/\/staging.nbg.eu\/sk\/wp-json\/wp\/v2\/product\/575622","targetHints":{"allow":["GET"]}}],"collection":[{"href":"https:\/\/staging.nbg.eu\/sk\/wp-json\/wp\/v2\/product"}],"about":[{"href":"https:\/\/staging.nbg.eu\/sk\/wp-json\/wp\/v2\/types\/product"}],"wp:featuredmedia":[{"embeddable":true,"href":"https:\/\/staging.nbg.eu\/sk\/wp-json\/wp\/v2\/media\/575654"}],"wp:attachment":[{"href":"https:\/\/staging.nbg.eu\/sk\/wp-json\/wp\/v2\/media?parent=575622"}],"wp:term":[{"taxonomy":"product_brand","embeddable":true,"href":"https:\/\/staging.nbg.eu\/sk\/wp-json\/wp\/v2\/product_brand?post=575622"},{"taxonomy":"product_cat","embeddable":true,"href":"https:\/\/staging.nbg.eu\/sk\/wp-json\/wp\/v2\/product_cat?post=575622"},{"taxonomy":"product_tag","embeddable":true,"href":"https:\/\/staging.nbg.eu\/sk\/wp-json\/wp\/v2\/product_tag?post=575622"}],"curies":[{"name":"wp","href":"https:\/\/api.w.org\/{rel}","templated":true}]}}