{"id":575385,"date":"2025-10-10T12:34:58","date_gmt":"2025-10-10T09:34:58","guid":{"rendered":"https:\/\/staging.nbg.eu\/product\/grips-kmr-l-dotmatrix-short-for-orca-emiq-pink\/"},"modified":"2025-10-15T11:40:26","modified_gmt":"2025-10-15T08:40:26","slug":"rukojete-kmr-l-bodkova-matica-kratke-pre-orca-emiq-ruzove","status":"publish","type":"product","link":"https:\/\/staging.nbg.eu\/sk\/produkt\/rukojete-kmr-l-bodkova-matica-kratke-pre-orca-emiq-ruzove\/","title":{"rendered":"RUKOJETE KMR L BODKOV\u00c1 MATICA KR\u00c1TKE pre ORCA, EMIQ RU\u017dOV\u00c9"},"content":{"rendered":"<div class=\"product-description\">\n<h2>RUKOV\u00c4TE KMR L DOTMATRIX KR\u00c1TKE pre ORCA, EMIQ &#8211; RU\u017dOV\u00c9<\/h2>\n<p>Rukov\u00e4te z duralum\u00ednia od KMR Precision Arms. Maj\u00fa vzor golfovej lopti\u010dky pre lep\u0161iu kontrolu.<\/p>\n<ul>\n<li>Referencia: 0611-03202-0110<\/li>\n<li>Farba: Ru\u017eov\u00e1<\/li>\n<li>Ve\u013ekos\u0165: Kr\u00e1tka<\/li>\n<li>Materi\u00e1l: Anodizovan\u00fd duralum\u00ednium<\/li>\n<li>Vzor: Dotmatrix (golfov\u00e1 lopti\u010dka)<\/li>\n<li>Pou\u017eitie: S vod\u00edtkom z\u00e1sobn\u00edka<\/li>\n<li>Obsahuje: Torx skrutky<\/li>\n<\/ul>\n<p>Vhodn\u00e9 na vylep\u0161enie existuj\u00facej pi\u0161tole alebo pre s\u00fa\u0165a\u017en\u00e9 streleck\u00e9 zbrane. Kompatibiln\u00e9 s modelmi KMR L-02 EMIQ, KMR L-02 EMIQ (OR) a KMR L-02 ORCA (do roku 2023).<\/p>\n<p>Rukov\u00e4te maj\u00fa text\u00farovan\u00fd povrch pre lep\u0161ie uchopenie.<\/p>\n<\/div>\n","protected":false},"excerpt":{"rendered":"<p>Ru\u017eov\u00e9 duralalum\u00edniov\u00e9 rukov\u00e4te KMR pre ORCA, EMIQ. Vzor golfovej lopti\u010dky, kr\u00e1tke.<\/p>\n","protected":false},"featured_media":575420,"template":"","meta":{"_acf_changed":false},"product_brand":[],"product_cat":[13349],"product_tag":[],"class_list":{"0":"post-575385","1":"product","2":"type-product","3":"status-publish","4":"has-post-thumbnail","6":"product_cat-kmr-diely","8":"first","9":"instock","10":"taxable","11":"shipping-taxable","12":"purchasable","13":"product-type-simple"},"acf":[],"_links":{"self":[{"href":"https:\/\/staging.nbg.eu\/sk\/wp-json\/wp\/v2\/product\/575385","targetHints":{"allow":["GET"]}}],"collection":[{"href":"https:\/\/staging.nbg.eu\/sk\/wp-json\/wp\/v2\/product"}],"about":[{"href":"https:\/\/staging.nbg.eu\/sk\/wp-json\/wp\/v2\/types\/product"}],"wp:featuredmedia":[{"embeddable":true,"href":"https:\/\/staging.nbg.eu\/sk\/wp-json\/wp\/v2\/media\/575420"}],"wp:attachment":[{"href":"https:\/\/staging.nbg.eu\/sk\/wp-json\/wp\/v2\/media?parent=575385"}],"wp:term":[{"taxonomy":"product_brand","embeddable":true,"href":"https:\/\/staging.nbg.eu\/sk\/wp-json\/wp\/v2\/product_brand?post=575385"},{"taxonomy":"product_cat","embeddable":true,"href":"https:\/\/staging.nbg.eu\/sk\/wp-json\/wp\/v2\/product_cat?post=575385"},{"taxonomy":"product_tag","embeddable":true,"href":"https:\/\/staging.nbg.eu\/sk\/wp-json\/wp\/v2\/product_tag?post=575385"}],"curies":[{"name":"wp","href":"https:\/\/api.w.org\/{rel}","templated":true}]}}