{"id":575278,"date":"2025-10-10T12:34:57","date_gmt":"2025-10-10T09:34:57","guid":{"rendered":"https:\/\/staging.nbg.eu\/product\/grips-kmr-l-waves-titan\/"},"modified":"2025-10-15T11:34:25","modified_gmt":"2025-10-15T08:34:25","slug":"rukojete-kmr-l-vlny-titan","status":"publish","type":"product","link":"https:\/\/staging.nbg.eu\/sk\/produkt\/rukojete-kmr-l-vlny-titan\/","title":{"rendered":"RUKOJETE KMR L VLNY TITAN"},"content":{"rendered":"<div class=\"product-description\">\n<h2>PA\u017dBY KMR L WAVES TITAN<\/h2>\n<p>PA\u017dBY KMR L WAVES TITAN (Ref: 0611-05001-0107) od KMR Precision Arms. Tieto pa\u017eby plnej ve\u013ekosti maj\u00fa text\u00faru WAVES pre lep\u0161iu kontrolu a presnos\u0165.<\/p>\n<h2>Hlavn\u00e9 vlastnosti:<\/h2>\n<ul>\n<li>Kompatibiln\u00e9 s modelmi KMR L-02 SPECTRA a UMBRA<\/li>\n<li>Pa\u017eba plnej ve\u013ekosti bez magwellu<\/li>\n<li>Text\u00fara WAVES pre lep\u0161ie uchopenie<\/li>\n<li>Farebn\u00e1 mo\u017enos\u0165 titan<\/li>\n<\/ul>\n<p>PA\u017dBY KMR L WAVES TITAN pon\u00fakaj\u00fa presnos\u0165 a pohodlie.<\/p>\n<\/div>\n","protected":false},"excerpt":{"rendered":"<p>\u00daCHOPY KMR L WAVES TITAN: Zlep\u0161ite ovl\u00e1danie a presnos\u0165 v tit\u00e1novej farbe.<\/p>\n","protected":false},"featured_media":575311,"template":"","meta":{"_acf_changed":false},"product_brand":[],"product_cat":[13349],"product_tag":[],"class_list":{"0":"post-575278","1":"product","2":"type-product","3":"status-publish","4":"has-post-thumbnail","6":"product_cat-kmr-diely","8":"first","9":"instock","10":"taxable","11":"shipping-taxable","12":"purchasable","13":"product-type-simple"},"acf":[],"_links":{"self":[{"href":"https:\/\/staging.nbg.eu\/sk\/wp-json\/wp\/v2\/product\/575278","targetHints":{"allow":["GET"]}}],"collection":[{"href":"https:\/\/staging.nbg.eu\/sk\/wp-json\/wp\/v2\/product"}],"about":[{"href":"https:\/\/staging.nbg.eu\/sk\/wp-json\/wp\/v2\/types\/product"}],"wp:featuredmedia":[{"embeddable":true,"href":"https:\/\/staging.nbg.eu\/sk\/wp-json\/wp\/v2\/media\/575311"}],"wp:attachment":[{"href":"https:\/\/staging.nbg.eu\/sk\/wp-json\/wp\/v2\/media?parent=575278"}],"wp:term":[{"taxonomy":"product_brand","embeddable":true,"href":"https:\/\/staging.nbg.eu\/sk\/wp-json\/wp\/v2\/product_brand?post=575278"},{"taxonomy":"product_cat","embeddable":true,"href":"https:\/\/staging.nbg.eu\/sk\/wp-json\/wp\/v2\/product_cat?post=575278"},{"taxonomy":"product_tag","embeddable":true,"href":"https:\/\/staging.nbg.eu\/sk\/wp-json\/wp\/v2\/product_tag?post=575278"}],"curies":[{"name":"wp","href":"https:\/\/api.w.org\/{rel}","templated":true}]}}