{"id":575188,"date":"2025-10-10T12:34:54","date_gmt":"2025-10-10T09:34:54","guid":{"rendered":"https:\/\/staging.nbg.eu\/product\/grips-kmr-l-waves-black\/"},"modified":"2025-10-15T11:31:20","modified_gmt":"2025-10-15T08:31:20","slug":"rukojete-kmr-l-vlny-cierne","status":"publish","type":"product","link":"https:\/\/staging.nbg.eu\/sk\/produkt\/rukojete-kmr-l-vlny-cierne\/","title":{"rendered":"RUKOJETE KMR L VLNY \u010cIERNE"},"content":{"rendered":"<div class=\"product-description\">\n<h2>PA\u017dBY KMR L WAVES \u010cIERNE<\/h2>\n<p>GRIPS KMR L WAVES BLACK od KMR Precision Arms. Tieto pa\u017eby s\u00fa navrhnut\u00e9 na zlep\u0161enie streleck\u00fdch schopnost\u00ed.<\/p>\n<h2>Hlavn\u00e9 vlastnosti:<\/h2>\n<ul>\n<li>Referencia: 0611-05001-0101<\/li>\n<li>Farba: \u010cierna (K dispoz\u00edcii v 10 farebn\u00fdch variantoch)<\/li>\n<li>D\u013a\u017eka pa\u017eby: Pln\u00e1 ve\u013ekos\u0165 &#8211; bez z\u00e1sobn\u00edkovej \u0161achty<\/li>\n<li>Text\u00fara: Vlny<\/li>\n<li>Kompatibiln\u00e9 s modelmi KMR L-02 SPECTRA a UMBRA<\/li>\n<\/ul>\n<p>Text\u00fara WAVES poskytuje uchopenie a kontrolu. Tieto pa\u017eby s\u00fa vhodn\u00e9 pre s\u00fa\u0165a\u017en\u00fdch strelcov aj nad\u0161encov streln\u00fdch zbran\u00ed.<\/p>\n<\/div>\n","protected":false},"excerpt":{"rendered":"<p>Revolu\u010dn\u00e9 \u010dierne \u00fachyty WAVES pre pu\u0161ky KMR. Maxim\u00e1lna kontrola a presnos\u0165.<\/p>\n","protected":false},"featured_media":575220,"template":"","meta":{"_acf_changed":false},"product_brand":[],"product_cat":[13349],"product_tag":[],"class_list":{"0":"post-575188","1":"product","2":"type-product","3":"status-publish","4":"has-post-thumbnail","6":"product_cat-kmr-diely","8":"first","9":"instock","10":"taxable","11":"shipping-taxable","12":"purchasable","13":"product-type-simple"},"acf":[],"_links":{"self":[{"href":"https:\/\/staging.nbg.eu\/sk\/wp-json\/wp\/v2\/product\/575188","targetHints":{"allow":["GET"]}}],"collection":[{"href":"https:\/\/staging.nbg.eu\/sk\/wp-json\/wp\/v2\/product"}],"about":[{"href":"https:\/\/staging.nbg.eu\/sk\/wp-json\/wp\/v2\/types\/product"}],"wp:featuredmedia":[{"embeddable":true,"href":"https:\/\/staging.nbg.eu\/sk\/wp-json\/wp\/v2\/media\/575220"}],"wp:attachment":[{"href":"https:\/\/staging.nbg.eu\/sk\/wp-json\/wp\/v2\/media?parent=575188"}],"wp:term":[{"taxonomy":"product_brand","embeddable":true,"href":"https:\/\/staging.nbg.eu\/sk\/wp-json\/wp\/v2\/product_brand?post=575188"},{"taxonomy":"product_cat","embeddable":true,"href":"https:\/\/staging.nbg.eu\/sk\/wp-json\/wp\/v2\/product_cat?post=575188"},{"taxonomy":"product_tag","embeddable":true,"href":"https:\/\/staging.nbg.eu\/sk\/wp-json\/wp\/v2\/product_tag?post=575188"}],"curies":[{"name":"wp","href":"https:\/\/api.w.org\/{rel}","templated":true}]}}