{"id":575077,"date":"2025-10-10T12:34:49","date_gmt":"2025-10-10T09:34:49","guid":{"rendered":"https:\/\/staging.nbg.eu\/product\/grips-kmr-l-modular-brass\/"},"modified":"2025-10-15T11:28:29","modified_gmt":"2025-10-15T08:28:29","slug":"rukojete-kmr-l-modularne-mosadz","status":"publish","type":"product","link":"https:\/\/staging.nbg.eu\/sk\/produkt\/rukojete-kmr-l-modularne-mosadz\/","title":{"rendered":"RUKOJETE KMR L MODUL\u00c1RNE MOSADZ"},"content":{"rendered":"<h2>RUKOV\u00c4\u0164 KMR L MODUL\u00c1RNA MOSADZN\u00c1<\/h2>\n<p><strong>Referencia:<\/strong> 0611-04101-0316<\/p>\n<p>RUKOV\u00c4\u0164 KMR L MODUL\u00c1RNA MOSADZN\u00c1 je plnorozmern\u00e1 rukov\u00e4\u0165 navrhnut\u00e1 pre pohodlie a kontrolu, vhodn\u00e1 na KMR bez magwellu. Modul\u00e1rna text\u00fara poskytuje prisp\u00f4sobite\u013en\u00e9 a bezpe\u010dn\u00e9 uchopenie.<\/p>\n<h2>Kompatibiln\u00e9 zbrane:<\/h2>\n<ul>\n<li>KMR L-02 SPECTRA (od roku 2024)<\/li>\n<li>KMR L-02 SPECTRA (do roku 2023)<\/li>\n<li>KMR L-02 UMBRA<\/li>\n<li>KMR L-02 UMBRA (od roku 2024)<\/li>\n<li>KMR L-02 UMBRA (do roku 2023)<\/li>\n<\/ul>\n<p>T\u00e1to rukov\u00e4\u0165 je ur\u010den\u00e1 na zlep\u0161enie manipul\u00e1cie s KMR.<\/p>\n","protected":false},"excerpt":{"rendered":"<p>Modul\u00e1rna mosadzn\u00e1 rukov\u00e4\u0165 v plnej ve\u013ekosti pre modely KMR L-02 SPECTRA\/UMBRA.<\/p>\n","protected":false},"featured_media":575109,"template":"","meta":{"_acf_changed":false},"product_brand":[],"product_cat":[13349],"product_tag":[],"class_list":{"0":"post-575077","1":"product","2":"type-product","3":"status-publish","4":"has-post-thumbnail","6":"product_cat-kmr-diely","8":"first","9":"instock","10":"taxable","11":"shipping-taxable","12":"purchasable","13":"product-type-simple"},"acf":[],"_links":{"self":[{"href":"https:\/\/staging.nbg.eu\/sk\/wp-json\/wp\/v2\/product\/575077","targetHints":{"allow":["GET"]}}],"collection":[{"href":"https:\/\/staging.nbg.eu\/sk\/wp-json\/wp\/v2\/product"}],"about":[{"href":"https:\/\/staging.nbg.eu\/sk\/wp-json\/wp\/v2\/types\/product"}],"wp:featuredmedia":[{"embeddable":true,"href":"https:\/\/staging.nbg.eu\/sk\/wp-json\/wp\/v2\/media\/575109"}],"wp:attachment":[{"href":"https:\/\/staging.nbg.eu\/sk\/wp-json\/wp\/v2\/media?parent=575077"}],"wp:term":[{"taxonomy":"product_brand","embeddable":true,"href":"https:\/\/staging.nbg.eu\/sk\/wp-json\/wp\/v2\/product_brand?post=575077"},{"taxonomy":"product_cat","embeddable":true,"href":"https:\/\/staging.nbg.eu\/sk\/wp-json\/wp\/v2\/product_cat?post=575077"},{"taxonomy":"product_tag","embeddable":true,"href":"https:\/\/staging.nbg.eu\/sk\/wp-json\/wp\/v2\/product_tag?post=575077"}],"curies":[{"name":"wp","href":"https:\/\/api.w.org\/{rel}","templated":true}]}}