{"id":574868,"date":"2025-10-10T12:34:48","date_gmt":"2025-10-10T09:34:48","guid":{"rendered":"https:\/\/staging.nbg.eu\/product\/trigger-kmr-sa-da-from-2024\/"},"modified":"2025-10-15T11:24:59","modified_gmt":"2025-10-15T08:24:59","slug":"spust-kmr-sada-od-2024","status":"publish","type":"product","link":"https:\/\/staging.nbg.eu\/sk\/produkt\/spust-kmr-sada-od-2024\/","title":{"rendered":"SP\u00da\u0160\u0164 KMR SA\/DA (od 2024)"},"content":{"rendered":"<h2>SP\u00da\u0160\u0164 KMR SA\/DA (od 2024)<\/h2>\n<h2>Referencia: 0861-01503-0900 | Zna\u010dka: KMR Precision Arms<\/h2>\n<p>N\u00e1hradn\u00e1 sp\u00fa\u0161\u0165 pre pi\u0161tole KMR. Navrhnut\u00e1 pre v\u0161etky pi\u0161tole KMR s hlin\u00edkov\u00fdm a oce\u013eov\u00fdm r\u00e1mom vyroben\u00e9 od roku 2024, t\u00e1to oce\u013eov\u00e1 sp\u00fa\u0161\u0165 SA\/DA pon\u00faka zlep\u0161en\u00fd v\u00fdkon a spo\u013eahlivos\u0165.<\/p>\n<ul>\n<li>Kompatibiln\u00e1 s 3 mm sp\u00fa\u0161\u0165ov\u00fdm \u010dapom<\/li>\n<li>Funguje s L SA\/DA alebo W SA\/DA sp\u00fa\u0161\u0165ovou ty\u010dou<\/li>\n<li>Tvar tov\u00e1renskej sp\u00fa\u0161te s dr\u00e1\u017ekami pre lep\u0161\u00ed \u00fachop<\/li>\n<li>Vhodn\u00e1 pre modely KMR L-02 SPECTRA a UMBRA (od 2024)<\/li>\n<li>Kompatibiln\u00e1 s KMR S-01 LANCE (OR) a S-02 (do 2023)<\/li>\n<li>Vhodn\u00e1 pre KMR W-02 UMBRA<\/li>\n<\/ul>\n<p>T\u00e1to sp\u00fa\u0161\u0165 KMR zlep\u0161\u00ed v\u00e1\u0161 streleck\u00fd z\u00e1\u017eitok.<\/p>\n","protected":false},"excerpt":{"rendered":"<p>N\u00e1hradn\u00e1 oce\u013eov\u00e1 sp\u00fa\u0161\u0165 SA\/DA pre pi\u0161tole KMR, dr\u00e1\u017ekovan\u00fd dizajn.<\/p>\n","protected":false},"featured_media":574895,"template":"","meta":{"_acf_changed":false},"product_brand":[],"product_cat":[13349],"product_tag":[],"class_list":{"0":"post-574868","1":"product","2":"type-product","3":"status-publish","4":"has-post-thumbnail","6":"product_cat-kmr-diely","8":"first","9":"instock","10":"taxable","11":"shipping-taxable","12":"purchasable","13":"product-type-simple"},"acf":[],"_links":{"self":[{"href":"https:\/\/staging.nbg.eu\/sk\/wp-json\/wp\/v2\/product\/574868","targetHints":{"allow":["GET"]}}],"collection":[{"href":"https:\/\/staging.nbg.eu\/sk\/wp-json\/wp\/v2\/product"}],"about":[{"href":"https:\/\/staging.nbg.eu\/sk\/wp-json\/wp\/v2\/types\/product"}],"wp:featuredmedia":[{"embeddable":true,"href":"https:\/\/staging.nbg.eu\/sk\/wp-json\/wp\/v2\/media\/574895"}],"wp:attachment":[{"href":"https:\/\/staging.nbg.eu\/sk\/wp-json\/wp\/v2\/media?parent=574868"}],"wp:term":[{"taxonomy":"product_brand","embeddable":true,"href":"https:\/\/staging.nbg.eu\/sk\/wp-json\/wp\/v2\/product_brand?post=574868"},{"taxonomy":"product_cat","embeddable":true,"href":"https:\/\/staging.nbg.eu\/sk\/wp-json\/wp\/v2\/product_cat?post=574868"},{"taxonomy":"product_tag","embeddable":true,"href":"https:\/\/staging.nbg.eu\/sk\/wp-json\/wp\/v2\/product_tag?post=574868"}],"curies":[{"name":"wp","href":"https:\/\/api.w.org\/{rel}","templated":true}]}}