{"id":574725,"date":"2025-10-10T12:34:45","date_gmt":"2025-10-10T09:34:45","guid":{"rendered":"https:\/\/staging.nbg.eu\/product\/trigger-kmr-sa-da-straight-from-2024\/"},"modified":"2025-10-15T11:10:41","modified_gmt":"2025-10-15T08:10:41","slug":"spust-kmr-sada-rovna-od-2024","status":"publish","type":"product","link":"https:\/\/staging.nbg.eu\/sk\/produkt\/spust-kmr-sada-rovna-od-2024\/","title":{"rendered":"SP\u00da\u0160\u0164 KMR SA\/DA ROVN\u00c1 (od 2024)"},"content":{"rendered":"<h2>SP\u00da\u0160\u0164 KMR SA\/DA ROVN\u00c1 (od 2024)<\/h2>\n<h2>Referencia: 0861-02301-0900<\/h2>\n<h3>Zna\u010dka: KMR Precision Arms<\/h3>\n<p>SP\u00da\u0160\u0164 KMR SA\/DA ROVN\u00c1 je ur\u010den\u00e1 pre pi\u0161tole KMR vyroben\u00e9 od roku 2024. T\u00e1to n\u00e1hradn\u00e1 sp\u00fa\u0161\u0165 je kompatibiln\u00e1 s modelmi s hlin\u00edkov\u00fdm aj oce\u013eov\u00fdm r\u00e1mom.<\/p>\n<ul>\n<li>Rovn\u00fd dizajn sp\u00fa\u0161te<\/li>\n<li>Kompatibiln\u00e1 s 3 mm sp\u00fa\u0161\u0165ov\u00fdm \u010dapom<\/li>\n<li>Funguje s L SA\/DA alebo W SA\/DA sp\u00fa\u0161\u0165ovou ty\u010dkou<\/li>\n<li>Oce\u013eov\u00e1 kon\u0161trukcia<\/li>\n<li>Vhodn\u00e1 pre modely KMR: L-02 SPECTRA, L-02 UMBRA, S-01 LANCE (OR), S-02 a W-02 UMBRA<\/li>\n<\/ul>\n<p>T\u00e1to rovn\u00e1 sp\u00fa\u0161\u0165 je navrhnut\u00e1 pre pou\u017eitie v re\u017eimoch jedno\u010dinnom aj dvoj\u010dinnom.<\/p>\n","protected":false},"excerpt":{"rendered":"<p>Rovn\u00fd oce\u013eov\u00fd sp\u00fa\u0161\u0165 SA\/DA pre pi\u0161tole KMR od roku 2024. Kompatibiln\u00fd s 3mm \u010dapom.<\/p>\n","protected":false},"featured_media":574750,"template":"","meta":{"_acf_changed":false},"product_brand":[],"product_cat":[13349],"product_tag":[],"class_list":{"0":"post-574725","1":"product","2":"type-product","3":"status-publish","4":"has-post-thumbnail","6":"product_cat-kmr-diely","8":"first","9":"instock","10":"taxable","11":"shipping-taxable","12":"purchasable","13":"product-type-simple"},"acf":[],"_links":{"self":[{"href":"https:\/\/staging.nbg.eu\/sk\/wp-json\/wp\/v2\/product\/574725","targetHints":{"allow":["GET"]}}],"collection":[{"href":"https:\/\/staging.nbg.eu\/sk\/wp-json\/wp\/v2\/product"}],"about":[{"href":"https:\/\/staging.nbg.eu\/sk\/wp-json\/wp\/v2\/types\/product"}],"wp:featuredmedia":[{"embeddable":true,"href":"https:\/\/staging.nbg.eu\/sk\/wp-json\/wp\/v2\/media\/574750"}],"wp:attachment":[{"href":"https:\/\/staging.nbg.eu\/sk\/wp-json\/wp\/v2\/media?parent=574725"}],"wp:term":[{"taxonomy":"product_brand","embeddable":true,"href":"https:\/\/staging.nbg.eu\/sk\/wp-json\/wp\/v2\/product_brand?post=574725"},{"taxonomy":"product_cat","embeddable":true,"href":"https:\/\/staging.nbg.eu\/sk\/wp-json\/wp\/v2\/product_cat?post=574725"},{"taxonomy":"product_tag","embeddable":true,"href":"https:\/\/staging.nbg.eu\/sk\/wp-json\/wp\/v2\/product_tag?post=574725"}],"curies":[{"name":"wp","href":"https:\/\/api.w.org\/{rel}","templated":true}]}}