{"id":572769,"date":"2025-10-10T23:44:24","date_gmt":"2025-10-10T20:44:24","guid":{"rendered":"https:\/\/staging.nbg.eu\/product\/e-arthur-brown-company-inc-knob-s-lever-for-harris-type-bipods\/"},"modified":"2025-10-15T00:50:03","modified_gmt":"2025-10-14T21:50:03","slug":"e-arthur-brown-company-inc-gombik-s-paka-pre-harris-dvojnozky","status":"publish","type":"product","link":"https:\/\/staging.nbg.eu\/sk\/produkt\/e-arthur-brown-company-inc-gombik-s-paka-pre-harris-dvojnozky\/","title":{"rendered":"E. ARTHUR BROWN COMPANY, INC. GOMB\u00cdK S-P\u00c1KA PRE HARRIS DVOJNO\u017dKY"},"content":{"rendered":"<h2>Nap\u00edna\u010d S-Lever\u00ae od spolo\u010dnosti E. Arthur Brown<\/h2>\n<p>Vylep\u0161ite svoj bipod typu Harris alebo Caldwell XLA s nap\u00edna\u010dom S-Lever\u00ae. T\u00e1to n\u00e1hrada za \u0161tandardn\u00fd treci gomb\u00edk pon\u00faka:<\/p>\n<ul>\n<li>Lep\u0161iu kontrolu a p\u00e1kov\u00fd efekt pre nastavenie n\u00e1klonu<\/li>\n<li>Mo\u017enos\u0165 jemn\u00e9ho doladenia pre presn\u00e9 polohovanie<\/li>\n<li>Kon\u0161trukciu z nylonu vystu\u017een\u00e9ho vl\u00e1knami<\/li>\n<li>Dizajn, ktor\u00fd sa ohne alebo zlom\u00ed pri extr\u00e9mnom za\u0165a\u017een\u00ed<\/li>\n<li>Jednoduch\u00fd proces in\u0161tal\u00e1cie s prilo\u017een\u00fdm n\u00e1vodom<\/li>\n<li>Vyroben\u00e9 v USA<\/li>\n<\/ul>\n<p>Ur\u010den\u00fd pre bipody S-Type Harris a Caldwell XLA, tento \u010dierny hlin\u00edkov\u00fd p\u00e1kov\u00fd mechanizmus umo\u017e\u0148uje r\u00fdchle nastavenie bipodu v ter\u00e9ne. Nap\u00edna\u010d S-Lever\u00ae od spolo\u010dnosti E. Arthur Brown zlep\u0161\u00ed va\u0161e streleck\u00e9 sk\u00fasenosti.<\/p>\n","protected":false},"excerpt":{"rendered":"<p>Ergonomick\u00e1 S-p\u00e1ka pre jednoduch\u00e9 nastavenie sklonu dvojno\u017eky na dvojno\u017ek\u00e1ch typu Harris.<\/p>\n","protected":false},"featured_media":572957,"template":"","meta":{"_acf_changed":false},"product_brand":[],"product_cat":[13390],"product_tag":[],"class_list":{"0":"post-572769","1":"product","2":"type-product","3":"status-publish","4":"has-post-thumbnail","6":"product_cat-dvojnozky","8":"first","9":"instock","10":"taxable","11":"shipping-taxable","12":"purchasable","13":"product-type-simple"},"acf":[],"_links":{"self":[{"href":"https:\/\/staging.nbg.eu\/sk\/wp-json\/wp\/v2\/product\/572769","targetHints":{"allow":["GET"]}}],"collection":[{"href":"https:\/\/staging.nbg.eu\/sk\/wp-json\/wp\/v2\/product"}],"about":[{"href":"https:\/\/staging.nbg.eu\/sk\/wp-json\/wp\/v2\/types\/product"}],"wp:featuredmedia":[{"embeddable":true,"href":"https:\/\/staging.nbg.eu\/sk\/wp-json\/wp\/v2\/media\/572957"}],"wp:attachment":[{"href":"https:\/\/staging.nbg.eu\/sk\/wp-json\/wp\/v2\/media?parent=572769"}],"wp:term":[{"taxonomy":"product_brand","embeddable":true,"href":"https:\/\/staging.nbg.eu\/sk\/wp-json\/wp\/v2\/product_brand?post=572769"},{"taxonomy":"product_cat","embeddable":true,"href":"https:\/\/staging.nbg.eu\/sk\/wp-json\/wp\/v2\/product_cat?post=572769"},{"taxonomy":"product_tag","embeddable":true,"href":"https:\/\/staging.nbg.eu\/sk\/wp-json\/wp\/v2\/product_tag?post=572769"}],"curies":[{"name":"wp","href":"https:\/\/api.w.org\/{rel}","templated":true}]}}