{"id":57228,"date":"2024-02-20T20:01:55","date_gmt":"2024-09-13T14:29:43","guid":{"rendered":"https:\/\/staging.nbg.eu\/product\/geissele-ar15-super-precision-34mm-extended\/"},"modified":"2024-09-13T14:31:03","modified_gmt":"2024-09-13T14:31:03","slug":"geissele-super-precision-uchytenie-optiky-30mm-pre-ar-15-vortex-1-6","status":"publish","type":"product","link":"https:\/\/staging.nbg.eu\/sk\/produkt\/geissele-super-precision-uchytenie-optiky-30mm-pre-ar-15-vortex-1-6\/","title":{"rendered":"Geissele Super Precision uchytenie optiky 30mm, pre AR-15 (Vortex 1-6)"},"content":{"rendered":"<div class=\"product-description\">\n<h2>Geissele AR15 Super Precision\u00ae 34mm, pred\u013a\u017een\u00fd<\/h2>\n<p>Geissele Super Precision\u00ae 34mm pred\u013a\u017een\u00fd dr\u017eiak pu\u0161koh\u013eadu pre AR-15\/M4. Vlastnosti dr\u017eiaka:<\/p>\n<ul>\n<li>7 picatinny sekci\u00ed so 4 stri\u017en\u00fdmi v\u00fdstupkami pre stabilitu<\/li>\n<li>Syst\u00e9m up\u00ednania s maticou a skrutkou, poskytuj\u00faci silu 1,400 libier na p\u00e1r<\/li>\n<li>Vyroben\u00fd z jedn\u00e9ho kusu hlin\u00edkovej zliatiny 7075-T6<\/li>\n<li>Zv\u00fd\u0161en\u00e1 pevnos\u0165 v\u010faka strategick\u00e9mu od\u013eah\u010deniu a rebr\u00e1m<\/li>\n<li>Vyv\u0155tan\u00e9 krytky pre presn\u00e9 uchytenie pu\u0161koh\u013eadu<\/li>\n<li>O\u010d\u00edslovan\u00e9 krytky pre zaru\u010den\u00e9 zarovnanie<\/li>\n<li>Dizajn vhodn\u00fd pre r\u00f4zne typy pu\u0161koh\u013eadov<\/li>\n<\/ul>\n<p>Dr\u017eiak poskytuje presnos\u0165 pri op\u00e4tovnom nastaven\u00ed nuly a odolnos\u0165.<\/p>\n<\/div>\n","protected":false},"excerpt":{"rendered":"<p>Prec\u00edzne skon\u0161truovan\u00fd 34mm dr\u017eiak pu\u0161koh\u013eadu pre AR-15 s neprekonate\u013enou stabilitou.<\/p>\n","protected":false},"featured_media":57230,"template":"","meta":{"_acf_changed":false},"product_brand":[11391],"product_cat":[13397],"product_tag":[],"class_list":{"0":"post-57228","1":"product","2":"type-product","3":"status-publish","4":"has-post-thumbnail","6":"product_brand-geissele","7":"product_cat-puska","9":"first","10":"instock","11":"taxable","12":"shipping-taxable","13":"product-type-variable","14":"wvs-archive-product-wrapper"},"acf":[],"_links":{"self":[{"href":"https:\/\/staging.nbg.eu\/sk\/wp-json\/wp\/v2\/product\/57228","targetHints":{"allow":["GET"]}}],"collection":[{"href":"https:\/\/staging.nbg.eu\/sk\/wp-json\/wp\/v2\/product"}],"about":[{"href":"https:\/\/staging.nbg.eu\/sk\/wp-json\/wp\/v2\/types\/product"}],"wp:featuredmedia":[{"embeddable":true,"href":"https:\/\/staging.nbg.eu\/sk\/wp-json\/wp\/v2\/media\/57230"}],"wp:attachment":[{"href":"https:\/\/staging.nbg.eu\/sk\/wp-json\/wp\/v2\/media?parent=57228"}],"wp:term":[{"taxonomy":"product_brand","embeddable":true,"href":"https:\/\/staging.nbg.eu\/sk\/wp-json\/wp\/v2\/product_brand?post=57228"},{"taxonomy":"product_cat","embeddable":true,"href":"https:\/\/staging.nbg.eu\/sk\/wp-json\/wp\/v2\/product_cat?post=57228"},{"taxonomy":"product_tag","embeddable":true,"href":"https:\/\/staging.nbg.eu\/sk\/wp-json\/wp\/v2\/product_tag?post=57228"}],"curies":[{"name":"wp","href":"https:\/\/api.w.org\/{rel}","templated":true}]}}