{"id":56798,"date":"2024-02-20T20:12:58","date_gmt":"2024-09-13T13:32:33","guid":{"rendered":"https:\/\/staging.nbg.eu\/product\/geissele-super-precision-scope-mount-30mm-for-ar-15-vortex-1-6\/"},"modified":"2024-09-13T13:33:32","modified_gmt":"2024-09-13T13:33:32","slug":"geissele-super-precision-zero-compromise-uchytenie-optiky-36mm-cierne","status":"publish","type":"product","link":"https:\/\/staging.nbg.eu\/sk\/produkt\/geissele-super-precision-zero-compromise-uchytenie-optiky-36mm-cierne\/","title":{"rendered":"Geissele Super Precision &#8211; Zero Compromise uchytenie optiky, 36mm &#8211; \u010cierne"},"content":{"rendered":"<div class=\"description-text\">\n<div class=\"exerpt\">\n<p>Tento dr\u017eiak na optiku AR-15 je s\u00fa\u010das\u0165ou s\u00e9rie Geissele SOPMOD Certified. Obsahuje produkty Geissele, ktor\u00e9 v s\u00fa\u010dasnosti pou\u017e\u00edvaj\u00fa elitn\u00e9 vojensk\u00e9 a protiteroristick\u00e9 jednotky v r\u00e1mci Velite\u013estva \u0161peci\u00e1lnych oper\u00e1ci\u00ed USA (USSOCOM). SOPMOD je program USSOCOM, ktor\u00fd umo\u017e\u0148uje person\u00e1lu \u0161peci\u00e1lnych oper\u00e1ci\u00ed konfigurova\u0165 svoje zbrane pod\u013ea individu\u00e1lnych preferenci\u00ed a po\u017eiadaviek misie. Program je schv\u00e1len\u00fd syst\u00e9m pr\u00edslu\u0161enstva pre karab\u00ednu M4A1, FN SCAR Mk 16\/17 a \u010fal\u0161ie zbrane pou\u017e\u00edvan\u00e9 USSOCOM. Ka\u017ed\u00e1 polo\u017eka Geissele pon\u00fakan\u00e1 v s\u00e9rii Geissele SOPMOD pre\u0161la d\u00f4kladn\u00fdm testovan\u00edm a certifik\u00e1ciou americkou vl\u00e1dou prostredn\u00edctvom USSOCOM. Tieto dr\u017eiaky optiky s\u00fa vyroben\u00e9 z jedn\u00e9ho 2 kg bloku leteck\u00e9ho hlin\u00edka 7075-T6.<\/p>\n<p>Individu\u00e1lne \u010d\u00edslovan\u00e9 kryty optiky s\u00fa vyv\u0155tan\u00e9 spolu s telom a vytvoren\u00e9 v jednej oper\u00e1cii, \u010do zabezpe\u010duje najlep\u0161ie mo\u017en\u00e9 prisp\u00f4sobenie telu optiky. Dr\u017eiaky Geissele s\u00fa upevnen\u00e9 pomocou klasick\u00e9ho osved\u010den\u00e9ho syst\u00e9mu matice a svorky, ktor\u00fd poskytuje 635 kg up\u00ednacej sily na maticu. Tento syst\u00e9m poskytuje a\u017e 3-kr\u00e1t v\u00e4\u010d\u0161iu up\u00ednaciu silu ako ak\u00fdko\u013evek p\u00e1kov\u00fd syst\u00e9m, zatia\u013e \u010do presne obroben\u00e9 \u0161mykov\u00e9 v\u00fdstupky pom\u00e1haj\u00fa zaisti\u0165 optiku na mieste na prij\u00edma\u010di po\u010das sp\u00e4tn\u00e9ho r\u00e1zu. Mont\u00e1\u017ena plocha sa rozprestiera cez 8 picatinny sekci\u00ed.<\/p>\n<h2 style=\"text-align: center\"><strong>&#8212; \u0160PECIFIK\u00c1CIE &#8212;<\/strong><\/h2>\n<table border=\"1\">\n<tbody>\n<tr>\n<td><strong>MATERI\u00c1L: <\/strong><\/td>\n<td> 7075-T6<\/td>\n<\/tr>\n<tr>\n<td><strong>FARBA: <\/strong><\/td>\n<td> \u010cierna<\/td>\n<\/tr>\n<tr>\n<td><strong>POVRCHOV\u00c1 \u00daPRAVA: <\/strong><\/td>\n<td> Tvrd\u00e1 anodiz\u00e1cia typ 3<\/td>\n<\/tr>\n<tr>\n<td><strong>HMOTNOS\u0164: <\/strong><\/td>\n<td> 201 g<\/td>\n<\/tr>\n<tr>\n<td><strong>VE\u013dKOS\u0164 KR\u00da\u017dKU: <\/strong><\/td>\n<td> 30mm<\/td>\n<\/tr>\n<\/tbody>\n<\/table>\n<\/div>\n<\/div>\n","protected":false},"excerpt":{"rendered":"<p><strong>S\u00fa\u010das\u0165 s\u00e9rie Geissele SOPMOD Certified<\/strong><\/p>\n","protected":false},"featured_media":56799,"template":"","meta":{"_acf_changed":false},"product_brand":[11391],"product_cat":[13397],"product_tag":[],"class_list":{"0":"post-56798","1":"product","2":"type-product","3":"status-publish","4":"has-post-thumbnail","6":"product_brand-geissele","7":"product_cat-puska","9":"first","10":"instock","11":"taxable","12":"shipping-taxable","13":"product-type-variable","14":"wvs-archive-product-wrapper"},"acf":[],"_links":{"self":[{"href":"https:\/\/staging.nbg.eu\/sk\/wp-json\/wp\/v2\/product\/56798","targetHints":{"allow":["GET"]}}],"collection":[{"href":"https:\/\/staging.nbg.eu\/sk\/wp-json\/wp\/v2\/product"}],"about":[{"href":"https:\/\/staging.nbg.eu\/sk\/wp-json\/wp\/v2\/types\/product"}],"wp:featuredmedia":[{"embeddable":true,"href":"https:\/\/staging.nbg.eu\/sk\/wp-json\/wp\/v2\/media\/56799"}],"wp:attachment":[{"href":"https:\/\/staging.nbg.eu\/sk\/wp-json\/wp\/v2\/media?parent=56798"}],"wp:term":[{"taxonomy":"product_brand","embeddable":true,"href":"https:\/\/staging.nbg.eu\/sk\/wp-json\/wp\/v2\/product_brand?post=56798"},{"taxonomy":"product_cat","embeddable":true,"href":"https:\/\/staging.nbg.eu\/sk\/wp-json\/wp\/v2\/product_cat?post=56798"},{"taxonomy":"product_tag","embeddable":true,"href":"https:\/\/staging.nbg.eu\/sk\/wp-json\/wp\/v2\/product_tag?post=56798"}],"curies":[{"name":"wp","href":"https:\/\/api.w.org\/{rel}","templated":true}]}}