{"id":56548,"date":"2024-02-20T20:21:46","date_gmt":"2024-09-13T13:27:02","guid":{"rendered":"https:\/\/staging.nbg.eu\/product\/geissele-super-precision-zero-compromise-scope-mount-36mm-black\/"},"modified":"2024-09-13T13:28:01","modified_gmt":"2024-09-13T13:28:01","slug":"fox-classic-hunter-56-mm-505560-gr","status":"publish","type":"product","link":"https:\/\/staging.nbg.eu\/sk\/produkt\/fox-classic-hunter-56-mm-505560-gr\/","title":{"rendered":"Fox Classic Hunter 5,6 mm (50,55,60 gr)"},"content":{"rendered":"<div class=\"product-description\">\n<h2>Geissele Super Precision\u00ae &#8211; Mont\u00e1\u017e pu\u0161koh\u013eadu Zero Compromise, 36mm &#8211; \u010cierna<\/h2>\n<p>Navrhnut\u00e1 pre s\u00e9riu optiky Zero Compromise ZC420, t\u00e1to mont\u00e1\u017e je ur\u010den\u00e1 pre strelcov na dlh\u00e9 vzdialenosti. Vlastnosti zah\u0155\u0148aj\u00fa:<\/p>\n<ul>\n<li>20 MOA (5,7 MIL) zabudovan\u00fd sklon pre zv\u00fd\u0161en\u00e9 rozsahy elev\u00e1cie<\/li>\n<li>2,5&#8243; pred\u013a\u017een\u00fd konzolov\u00fd dizajn pre optim\u00e1lnu vzdialenos\u0165 oka<\/li>\n<li>Presne obroben\u00e9 \u0161mykov\u00e9 v\u00fdstupky pre stabilitu<\/li>\n<li>1 400 libier up\u00ednacej sily pomocou aktualizovan\u00e9ho syst\u00e9mu mat\u00edc a skrutiek Geissele<\/li>\n<li>R\u00fdchla in\u0161tal\u00e1cia a odstr\u00e1nenie be\u017en\u00fdmi n\u00e1strojmi<\/li>\n<li>Schopnos\u0165 n\u00e1vratu do nulovej polohy<\/li>\n<li>Kompaktn\u00fd dizajn pre odolnos\u0165 a v\u00fdkon<\/li>\n<\/ul>\n<p>Geissele Super Precision\u00ae Zero Compromise mont\u00e1\u017e pu\u0161koh\u013eadu poskytuje presnos\u0165 a spo\u013eahlivos\u0165.<\/p>\n<\/div>\n","protected":false},"excerpt":{"rendered":"<p>Odoln\u00fd 36mm dr\u017eiak na pu\u0161koh\u013ead pre extr\u00e9mne presn\u00e9 stre\u013eby na dlh\u00e9 vzdialenosti.<\/p>\n","protected":false},"featured_media":56549,"template":"","meta":{"_acf_changed":false},"product_brand":[11391],"product_cat":[13397],"product_tag":[],"class_list":{"0":"post-56548","1":"product","2":"type-product","3":"status-publish","4":"has-post-thumbnail","6":"product_brand-geissele","7":"product_cat-puska","9":"first","10":"instock","11":"taxable","12":"shipping-taxable","13":"product-type-simple"},"acf":[],"_links":{"self":[{"href":"https:\/\/staging.nbg.eu\/sk\/wp-json\/wp\/v2\/product\/56548","targetHints":{"allow":["GET"]}}],"collection":[{"href":"https:\/\/staging.nbg.eu\/sk\/wp-json\/wp\/v2\/product"}],"about":[{"href":"https:\/\/staging.nbg.eu\/sk\/wp-json\/wp\/v2\/types\/product"}],"wp:featuredmedia":[{"embeddable":true,"href":"https:\/\/staging.nbg.eu\/sk\/wp-json\/wp\/v2\/media\/56549"}],"wp:attachment":[{"href":"https:\/\/staging.nbg.eu\/sk\/wp-json\/wp\/v2\/media?parent=56548"}],"wp:term":[{"taxonomy":"product_brand","embeddable":true,"href":"https:\/\/staging.nbg.eu\/sk\/wp-json\/wp\/v2\/product_brand?post=56548"},{"taxonomy":"product_cat","embeddable":true,"href":"https:\/\/staging.nbg.eu\/sk\/wp-json\/wp\/v2\/product_cat?post=56548"},{"taxonomy":"product_tag","embeddable":true,"href":"https:\/\/staging.nbg.eu\/sk\/wp-json\/wp\/v2\/product_tag?post=56548"}],"curies":[{"name":"wp","href":"https:\/\/api.w.org\/{rel}","templated":true}]}}