{"id":56338,"date":"2024-02-24T19:06:55","date_gmt":"2024-09-13T13:21:29","guid":{"rendered":"https:\/\/staging.nbg.eu\/product\/fox-classic-hunter-6-mm-80100-gr\/"},"modified":"2024-09-13T13:22:34","modified_gmt":"2024-09-13T13:22:34","slug":"fox-classic-hunter-65-mm-139-gr","status":"publish","type":"product","link":"https:\/\/staging.nbg.eu\/sk\/produkt\/fox-classic-hunter-65-mm-139-gr\/","title":{"rendered":"Fox Classic Hunter 6,5 mm (139 gr)"},"content":{"rendered":"<div class=\"product-description\">\n<h2>Fox Classic Hunter<\/h2>\n<p>Fox Classic Hunter je gu\u013eka bez obsahu olova ur\u010den\u00e1 pre eur\u00f3pskych po\u013eovn\u00edkov. Je vhodn\u00e1 pre r\u00f4zne po\u013eovn\u00edcke scen\u00e1re, vr\u00e1tane lovu div\u00fdch sv\u00ed\u0148 alebo kamz\u00edkov v hor\u00e1ch. T\u00e1to gu\u013eka je vyroben\u00e1 zo zliatiny medi a zinku.<\/p>\n<ul>\n<li>Zlo\u017eenie bez olova<\/li>\n<li>Deform\u00e1cia pri ni\u017e\u0161\u00edch n\u00e1razov\u00fdch r\u00fdchlostiach (500 m\/s)<\/li>\n<li>Dizajn s dr\u00e1\u017ekami pre zn\u00ed\u017eenie tlaku v hlavni a zv\u00fd\u0161enie r\u00fdchlosti<\/li>\n<li>Plastov\u00e1 \u0161pi\u010dka zlep\u0161uje balistiku a koncov\u00fd \u00fa\u010dinok<\/li>\n<li>Kontrolovan\u00e1 expanzia pre prenos energie<\/li>\n<li>Deform\u00e1cia do tvaru huby a\u017e na dvojn\u00e1sobok priemeru kalibru<\/li>\n<li>Vysok\u00e1 zastavovacia sila s minim\u00e1lnym po\u0161koden\u00edm m\u00e4sa<\/li>\n<\/ul>\n<p>Fox Classic Hunter je vhodn\u00fd pre etick\u00fd a efekt\u00edvny lov v Eur\u00f3pe.<\/p>\n<\/div>\n","protected":false},"excerpt":{"rendered":"<p>Bezolovnat\u00e1 medeno-zinkov\u00e1 strela na v\u0161estrann\u00e9 po\u013eovanie. R\u00fdchla expanzia, vysok\u00e1 presnos\u0165.<\/p>\n","protected":false},"featured_media":56339,"template":"","meta":{"_acf_changed":false},"product_brand":[11349],"product_cat":[13393,13376],"product_tag":[],"class_list":{"0":"post-56338","1":"product","2":"type-product","3":"status-publish","4":"has-post-thumbnail","6":"product_brand-fox-bullets","7":"product_cat-nabijanie-nabojov","8":"product_cat-strely","10":"first","11":"instock","12":"taxable","13":"shipping-taxable","14":"purchasable","15":"product-type-variable","16":"wvs-archive-product-wrapper"},"acf":[],"_links":{"self":[{"href":"https:\/\/staging.nbg.eu\/sk\/wp-json\/wp\/v2\/product\/56338","targetHints":{"allow":["GET"]}}],"collection":[{"href":"https:\/\/staging.nbg.eu\/sk\/wp-json\/wp\/v2\/product"}],"about":[{"href":"https:\/\/staging.nbg.eu\/sk\/wp-json\/wp\/v2\/types\/product"}],"wp:featuredmedia":[{"embeddable":true,"href":"https:\/\/staging.nbg.eu\/sk\/wp-json\/wp\/v2\/media\/56339"}],"wp:attachment":[{"href":"https:\/\/staging.nbg.eu\/sk\/wp-json\/wp\/v2\/media?parent=56338"}],"wp:term":[{"taxonomy":"product_brand","embeddable":true,"href":"https:\/\/staging.nbg.eu\/sk\/wp-json\/wp\/v2\/product_brand?post=56338"},{"taxonomy":"product_cat","embeddable":true,"href":"https:\/\/staging.nbg.eu\/sk\/wp-json\/wp\/v2\/product_cat?post=56338"},{"taxonomy":"product_tag","embeddable":true,"href":"https:\/\/staging.nbg.eu\/sk\/wp-json\/wp\/v2\/product_tag?post=56338"}],"curies":[{"name":"wp","href":"https:\/\/api.w.org\/{rel}","templated":true}]}}