{"id":56232,"date":"2024-02-24T19:52:23","date_gmt":"2024-09-13T13:20:22","guid":{"rendered":"https:\/\/staging.nbg.eu\/product\/fox-classic-hunter-65-mm-139-gr\/"},"modified":"2024-09-13T13:21:28","modified_gmt":"2024-09-13T13:21:28","slug":"fox-classic-hunter-30-viacero-gr","status":"publish","type":"product","link":"https:\/\/staging.nbg.eu\/sk\/produkt\/fox-classic-hunter-30-viacero-gr\/","title":{"rendered":"Fox Classic Hunter .30 (viacero gr)"},"content":{"rendered":"<div class=\"product-description\">\n<h2>Fox Classic Hunter<\/h2>\n<p>Fox Classic Hunter je strela bez obsahu olova navrhnut\u00e1 pre eur\u00f3pskych po\u013eovn\u00edkov. Je vhodn\u00e1 pre r\u00f4zne po\u013eovn\u00edcke scen\u00e1re, vr\u00e1tane lovu diviakov alebo kamz\u00edkov v hor\u00e1ch. T\u00e1to strela z zliatiny medi a zinku poskytuje dobr\u00e9 v\u00fdsledky.<\/p>\n<ul>\n<li>Zlo\u017eenie bez obsahu olova<\/li>\n<li>Deform\u00e1cia pri ni\u017e\u0161\u00edch n\u00e1razov\u00fdch r\u00fdchlostiach (500 m\/s)<\/li>\n<li>Dr\u00e1\u017ekovan\u00fd dizajn pre zn\u00ed\u017eenie tlaku v hlavni a zv\u00fd\u0161enie r\u00fdchlosti<\/li>\n<li>Plastov\u00e1 \u0161pi\u010dka odoln\u00e1 vo\u010di teplu zlep\u0161uje balistiku a termin\u00e1lny efekt<\/li>\n<li>Kontrolovan\u00e1 expanzia pre optim\u00e1lny prenos energie<\/li>\n<li>Deform\u00e1cia v tvare huby a\u017e na dvojn\u00e1sobok priemeru kalibru<\/li>\n<li>Vysok\u00e1 zastavovacia schopnos\u0165 s minim\u00e1lnym po\u0161koden\u00edm m\u00e4sa<\/li>\n<\/ul>\n<p>Fox Classic Hunter je vhodn\u00fd pre etick\u00fd a efekt\u00edvny lov v Eur\u00f3pe.<\/p>\n<\/div>\n","protected":false},"excerpt":{"rendered":"<p>Bezolovnat\u00fd n\u00e1boj z medi a zinku na v\u0161estrann\u00e9 po\u013eovanie. R\u00fdchla expanzia, vysok\u00e1 presnos\u0165.<\/p>\n","protected":false},"featured_media":56233,"template":"","meta":{"_acf_changed":false},"product_brand":[11349],"product_cat":[13393,13376],"product_tag":[],"class_list":{"0":"post-56232","1":"product","2":"type-product","3":"status-publish","4":"has-post-thumbnail","6":"product_brand-fox-bullets","7":"product_cat-nabijanie-nabojov","8":"product_cat-strely","10":"first","11":"instock","12":"taxable","13":"shipping-taxable","14":"purchasable","15":"product-type-variable","16":"wvs-archive-product-wrapper"},"acf":[],"_links":{"self":[{"href":"https:\/\/staging.nbg.eu\/sk\/wp-json\/wp\/v2\/product\/56232","targetHints":{"allow":["GET"]}}],"collection":[{"href":"https:\/\/staging.nbg.eu\/sk\/wp-json\/wp\/v2\/product"}],"about":[{"href":"https:\/\/staging.nbg.eu\/sk\/wp-json\/wp\/v2\/types\/product"}],"wp:featuredmedia":[{"embeddable":true,"href":"https:\/\/staging.nbg.eu\/sk\/wp-json\/wp\/v2\/media\/56233"}],"wp:attachment":[{"href":"https:\/\/staging.nbg.eu\/sk\/wp-json\/wp\/v2\/media?parent=56232"}],"wp:term":[{"taxonomy":"product_brand","embeddable":true,"href":"https:\/\/staging.nbg.eu\/sk\/wp-json\/wp\/v2\/product_brand?post=56232"},{"taxonomy":"product_cat","embeddable":true,"href":"https:\/\/staging.nbg.eu\/sk\/wp-json\/wp\/v2\/product_cat?post=56232"},{"taxonomy":"product_tag","embeddable":true,"href":"https:\/\/staging.nbg.eu\/sk\/wp-json\/wp\/v2\/product_tag?post=56232"}],"curies":[{"name":"wp","href":"https:\/\/api.w.org\/{rel}","templated":true}]}}