{"id":55800,"date":"2024-02-28T06:01:20","date_gmt":"2024-02-28T06:01:20","guid":{"rendered":"https:\/\/staging.nbg.eu\/product\/fox-classic-hunter-9-3-mm-220-gr\/"},"modified":"2024-09-13T13:17:47","modified_gmt":"2024-09-13T13:17:47","slug":"fox-classic-hunter-93-mm-220-gr","status":"publish","type":"product","link":"https:\/\/staging.nbg.eu\/sk\/produkt\/fox-classic-hunter-93-mm-220-gr\/","title":{"rendered":"Fox Classic Hunter 9.3 mm (220 gr)"},"content":{"rendered":"<div class=\"product-description\">\n<h2>Fox Classic Hunter<\/h2>\n<p>Fox Classic Hunter je v\u0161estrann\u00e1 strela bez obsahu olova, ur\u010den\u00e1 pre eur\u00f3pskych po\u013eovn\u00edkov v r\u00f4znych po\u013eovn\u00edckych situ\u00e1ci\u00e1ch. Je vhodn\u00e1 na lov diviakov aj vysokej zveri v hor\u00e1ch. T\u00e1to strela z zliatiny medi a zinku poskytuje dobr\u00fd v\u00fdkon.<\/p>\n<ul>\n<li>Zlo\u017eenie bez olova pre ochranu \u017eivotn\u00e9ho prostredia<\/li>\n<li>\u00da\u010dinn\u00e1 deform\u00e1cia pri ni\u017e\u0161\u00edch dopadov\u00fdch r\u00fdchlostiach (500 m\/s)<\/li>\n<li>Dr\u00e1\u017ekovan\u00fd dizajn pre zn\u00ed\u017eenie tlaku v hlavni a zv\u00fd\u0161enie r\u00fdchlosti<\/li>\n<li>Tepelne stabiln\u00e1 plastov\u00e1 \u0161pi\u010dka zlep\u0161uje balistiku a termin\u00e1lny \u00fa\u010dinok<\/li>\n<li>Kontrolovan\u00e1 expanzia pre optim\u00e1lny prenos energie<\/li>\n<li>Deform\u00e1cia v tvare huby a\u017e do dvojn\u00e1sobku priemeru kalibru<\/li>\n<li>Vysok\u00e1 zastavovacia schopnos\u0165 s minim\u00e1lnym po\u0161koden\u00edm m\u00e4sa<\/li>\n<\/ul>\n<p>Fox Classic Hunter je vhodn\u00fd pre etick\u00fd a \u00fa\u010dinn\u00fd lov v Eur\u00f3pe.<\/p>\n<\/div>\n","protected":false},"excerpt":{"rendered":"<p>Bezolovnat\u00e1 medeno-zinkov\u00e1 strela na v\u0161estrann\u00e9 po\u013eovanie. R\u00fdchla expanzia, vysok\u00e1 presnos\u0165.<\/p>\n","protected":false},"featured_media":55801,"template":"","meta":{"_acf_changed":false},"product_brand":[11349],"product_cat":[13393,13376],"product_tag":[],"class_list":{"0":"post-55800","1":"product","2":"type-product","3":"status-publish","4":"has-post-thumbnail","6":"product_brand-fox-bullets","7":"product_cat-nabijanie-nabojov","8":"product_cat-strely","10":"first","11":"instock","12":"taxable","13":"shipping-taxable","14":"purchasable","15":"product-type-simple"},"acf":[],"_links":{"self":[{"href":"https:\/\/staging.nbg.eu\/sk\/wp-json\/wp\/v2\/product\/55800","targetHints":{"allow":["GET"]}}],"collection":[{"href":"https:\/\/staging.nbg.eu\/sk\/wp-json\/wp\/v2\/product"}],"about":[{"href":"https:\/\/staging.nbg.eu\/sk\/wp-json\/wp\/v2\/types\/product"}],"wp:featuredmedia":[{"embeddable":true,"href":"https:\/\/staging.nbg.eu\/sk\/wp-json\/wp\/v2\/media\/55801"}],"wp:attachment":[{"href":"https:\/\/staging.nbg.eu\/sk\/wp-json\/wp\/v2\/media?parent=55800"}],"wp:term":[{"taxonomy":"product_brand","embeddable":true,"href":"https:\/\/staging.nbg.eu\/sk\/wp-json\/wp\/v2\/product_brand?post=55800"},{"taxonomy":"product_cat","embeddable":true,"href":"https:\/\/staging.nbg.eu\/sk\/wp-json\/wp\/v2\/product_cat?post=55800"},{"taxonomy":"product_tag","embeddable":true,"href":"https:\/\/staging.nbg.eu\/sk\/wp-json\/wp\/v2\/product_tag?post=55800"}],"curies":[{"name":"wp","href":"https:\/\/api.w.org\/{rel}","templated":true}]}}