{"id":55730,"date":"2024-02-28T06:22:19","date_gmt":"2024-09-13T13:13:52","guid":{"rendered":"https:\/\/staging.nbg.eu\/product\/fox-ammunition-243win-80-gr\/"},"modified":"2024-09-13T13:14:56","modified_gmt":"2024-09-13T13:14:56","slug":"fox-municia-243win-80-gr","status":"publish","type":"product","link":"https:\/\/staging.nbg.eu\/sk\/produkt\/fox-municia-243win-80-gr\/","title":{"rendered":"Fox Mun\u00edcia .243win (80 gr)"},"content":{"rendered":"<div class=\"product-description\">\n<h2>Mun\u00edcia Fox Classic Hunter<\/h2>\n<p>Strely Fox Classic Hunter neobsahuj\u00fa olovo a s\u00fa ur\u010den\u00e9 pre v\u0161etky eur\u00f3pske loveck\u00e9 scen\u00e1re. Vyroben\u00e9 s\u00fa z zliatiny medi a zinku a pon\u00fakaj\u00fa:<\/p>\n<ul>\n<li>V\u00fdkon pri love diviakov z bl\u00edzka aj pri stre\u013ebe na dlh\u00e9 vzdialenosti v hor\u00e1ch<\/li>\n<li>Deform\u00e1ciu pri ni\u017e\u0161\u00edch n\u00e1razov\u00fdch r\u00fdchlostiach (500 m\/s)<\/li>\n<li>Dr\u00e1\u017ekovan\u00fd dizajn pre zn\u00ed\u017eenie tlaku v hlavni a zv\u00fd\u0161enie r\u00fdchlosti<\/li>\n<li>Tepelne stabiln\u00fa plastov\u00fa \u0161pi\u010dku pre zlep\u0161en\u00fa balistiku a termin\u00e1lny efekt<\/li>\n<li>Kontrolovan\u00fa expanziu pre efekt\u00edvny prenos energie a zastavuj\u00facu silu<\/li>\n<li>Hr\u00edbovit\u00fa deform\u00e1ciu a\u017e na dvojn\u00e1sobok priemeru kalibru<\/li>\n<li>Viac ako 95% zachovanie hmotnosti pri be\u017en\u00fdch podmienkach prieniku<\/li>\n<li>Dobr\u00e9 zachovanie kvality m\u00e4sa<\/li>\n<\/ul>\n<p>Fox Classic Hunter mun\u00edcia pon\u00faka v\u00fdkon a etick\u00fd lov.<\/p>\n<\/div>\n","protected":false},"excerpt":{"rendered":"<p>Bezolovnat\u00e9 strelivo na v\u0161estrann\u00fd eur\u00f3psky lov. Presn\u00e9 a \u00fa\u010dinn\u00e9.<\/p>\n","protected":false},"featured_media":55731,"template":"","meta":{"_acf_changed":false},"product_brand":[11349],"product_cat":[13372,13409],"product_tag":[],"class_list":{"0":"post-55730","1":"product","2":"type-product","3":"status-publish","4":"has-post-thumbnail","6":"product_brand-fox-bullets","7":"product_cat-municia","8":"product_cat-strelivo-do-pusiek","10":"first","11":"instock","12":"taxable","13":"shipping-taxable","14":"purchasable","15":"product-type-simple"},"acf":[],"_links":{"self":[{"href":"https:\/\/staging.nbg.eu\/sk\/wp-json\/wp\/v2\/product\/55730","targetHints":{"allow":["GET"]}}],"collection":[{"href":"https:\/\/staging.nbg.eu\/sk\/wp-json\/wp\/v2\/product"}],"about":[{"href":"https:\/\/staging.nbg.eu\/sk\/wp-json\/wp\/v2\/types\/product"}],"wp:featuredmedia":[{"embeddable":true,"href":"https:\/\/staging.nbg.eu\/sk\/wp-json\/wp\/v2\/media\/55731"}],"wp:attachment":[{"href":"https:\/\/staging.nbg.eu\/sk\/wp-json\/wp\/v2\/media?parent=55730"}],"wp:term":[{"taxonomy":"product_brand","embeddable":true,"href":"https:\/\/staging.nbg.eu\/sk\/wp-json\/wp\/v2\/product_brand?post=55730"},{"taxonomy":"product_cat","embeddable":true,"href":"https:\/\/staging.nbg.eu\/sk\/wp-json\/wp\/v2\/product_cat?post=55730"},{"taxonomy":"product_tag","embeddable":true,"href":"https:\/\/staging.nbg.eu\/sk\/wp-json\/wp\/v2\/product_tag?post=55730"}],"curies":[{"name":"wp","href":"https:\/\/api.w.org\/{rel}","templated":true}]}}