{"id":554504,"date":"2025-09-05T18:19:19","date_gmt":"2025-09-05T15:19:19","guid":{"rendered":"https:\/\/staging.nbg.eu\/product\/magpul-enhanced-ejection-port-cover-for-ar-15\/"},"modified":"2025-10-01T16:38:15","modified_gmt":"2025-10-01T13:38:15","slug":"magpul-vylepseny-kryt-vyhozneho-okna-pre-ar-15","status":"publish","type":"product","link":"https:\/\/staging.nbg.eu\/sk\/produkt\/magpul-vylepseny-kryt-vyhozneho-okna-pre-ar-15\/","title":{"rendered":"MAGPUL VYLEP\u0160EN\u00dd KRYT V\u00ddHOZN\u00c9HO OKNA PRE AR-15"},"content":{"rendered":"<div class=\"product-description\">\n<h2>Magpul Vylep\u0161en\u00fd kryt vyhadzovacieho otvoru pre AR-15<\/h2>\n<p>Magpul Vylep\u0161en\u00fd kryt vyhadzovacieho otvoru je komponent pre AR-15 navrhnut\u00fd pre odolnos\u0165 a jednoduch\u00e9 pou\u017eitie. Tento kryt proti prachu m\u00e1 nasleduj\u00face vlastnosti:<\/p>\n<ul>\n<li>Kon\u0161trukcia z polym\u00e9rov\u00e9ho materi\u00e1lu odoln\u00e9ho vo\u010di kor\u00f3zii a n\u00e1razom<\/li>\n<li>Jednoduch\u00e1 in\u0161tal\u00e1cia bez nutnosti odstr\u00e1nenia predpa\u017ebia, matice hlavne, c-svoriek alebo pru\u017e\u00edn<\/li>\n<li>Kompatibilita s platformami AR-15 kalibru .223 Remington\/5.56<\/li>\n<li>\u010cierna povrchov\u00e1 \u00faprava<\/li>\n<\/ul>\n<p>Magpul Vylep\u0161en\u00fd kryt vyhadzovacieho otvoru poskytuje v\u00fdhody v oblasti \u00fadr\u017eby a jednoduchosti pou\u017eitia pre va\u0161u pu\u0161ku AR-15.<\/p>\n<\/div>\n","protected":false},"excerpt":{"rendered":"<p>Nasadzovac\u00ed, antikor\u00f3zny kryt proti prachu pre AR-15. Jednoduch\u00e1 in\u0161tal\u00e1cia.<\/p>\n","protected":false},"featured_media":499455,"template":"","meta":{"_acf_changed":false},"product_brand":[],"product_cat":[13358,13397,13346],"product_tag":[],"class_list":{"0":"post-554504","1":"product","2":"type-product","3":"status-publish","4":"has-post-thumbnail","6":"product_cat-ar-tuning","7":"product_cat-puska","8":"product_cat-rifle-tuning","10":"first","11":"instock","12":"taxable","13":"shipping-taxable","14":"purchasable","15":"product-type-simple"},"acf":[],"_links":{"self":[{"href":"https:\/\/staging.nbg.eu\/sk\/wp-json\/wp\/v2\/product\/554504","targetHints":{"allow":["GET"]}}],"collection":[{"href":"https:\/\/staging.nbg.eu\/sk\/wp-json\/wp\/v2\/product"}],"about":[{"href":"https:\/\/staging.nbg.eu\/sk\/wp-json\/wp\/v2\/types\/product"}],"wp:featuredmedia":[{"embeddable":true,"href":"https:\/\/staging.nbg.eu\/sk\/wp-json\/wp\/v2\/media\/499455"}],"wp:attachment":[{"href":"https:\/\/staging.nbg.eu\/sk\/wp-json\/wp\/v2\/media?parent=554504"}],"wp:term":[{"taxonomy":"product_brand","embeddable":true,"href":"https:\/\/staging.nbg.eu\/sk\/wp-json\/wp\/v2\/product_brand?post=554504"},{"taxonomy":"product_cat","embeddable":true,"href":"https:\/\/staging.nbg.eu\/sk\/wp-json\/wp\/v2\/product_cat?post=554504"},{"taxonomy":"product_tag","embeddable":true,"href":"https:\/\/staging.nbg.eu\/sk\/wp-json\/wp\/v2\/product_tag?post=554504"}],"curies":[{"name":"wp","href":"https:\/\/api.w.org\/{rel}","templated":true}]}}