{"id":554295,"date":"2025-09-06T16:21:27","date_gmt":"2025-09-06T13:21:27","guid":{"rendered":"https:\/\/staging.nbg.eu\/product\/armazone-q-r-viper-30mm\/"},"modified":"2025-10-01T16:26:40","modified_gmt":"2025-10-01T13:26:40","slug":"puzdro-q-r-viper-30mm","status":"publish","type":"product","link":"https:\/\/staging.nbg.eu\/sk\/produkt\/puzdro-q-r-viper-30mm\/","title":{"rendered":"Puzdro Q-R Viper 30mm"},"content":{"rendered":"<h2>Armazone Q-R Viper 30mm<\/h2>\n<p>Armazone Q-R Viper 30mm je adapt\u00e9r QR navrhnut\u00fd pre zariadenia so z\u00e1vitom M33.5\u00d70.75. Tento jednodielny up\u00ednac\u00ed adapt\u00e9r umo\u017e\u0148uje pripojenie pr\u00edstrojov pre no\u010dn\u00e9 videnie alebo termov\u00edznych pr\u00edstrojov k r\u00f4znym denn\u00fdm zameriava\u010dom.<\/p>\n<h2>Hlavn\u00e9 vlastnosti:<\/h2>\n<ul>\n<li>P\u00e1\u010dka pre r\u00fdchle upevnenie a odstr\u00e1nenie<\/li>\n<li>Nastavenie a in\u0161tal\u00e1cia bez n\u00e1strojov<\/li>\n<li>\u0160peci\u00e1lna p\u00e1ska ArmaZone na zn\u00ed\u017eenie hluku pri mont\u00e1\u017ei a stre\u013ebe<\/li>\n<li>Kompatibiln\u00fd s termov\u00edznymi pr\u00edstrojmi Nitehog<\/li>\n<li>Kompenzuje a\u017e 1 mm odch\u00fdlku nadol<\/li>\n<\/ul>\n<p>Armazone Q-R Viper 30mm je rie\u0161enie pre strelcov a lovcov, ktor\u00ed potrebuj\u00fa zlep\u0161i\u0165 svoje mo\u017enosti v noci.<\/p>\n","protected":false},"excerpt":{"rendered":"<p>R\u00fdchlouzamykac\u00ed adapt\u00e9r pre term\u00e1lne zariadenia na pu\u0161koh\u013eady Nitehog. Bez potreby n\u00e1strojov.<\/p>\n","protected":false},"featured_media":499544,"template":"","meta":{"_acf_changed":false},"product_brand":[],"product_cat":[13373,13330,13328],"product_tag":[],"class_list":{"0":"post-554295","1":"product","2":"type-product","3":"status-publish","4":"has-post-thumbnail","6":"product_cat-mierenie","7":"product_cat-mierenske-prislusenstvo","8":"product_cat-termalne","10":"first","11":"instock","12":"taxable","13":"shipping-taxable","14":"purchasable","15":"product-type-simple"},"acf":[],"_links":{"self":[{"href":"https:\/\/staging.nbg.eu\/sk\/wp-json\/wp\/v2\/product\/554295","targetHints":{"allow":["GET"]}}],"collection":[{"href":"https:\/\/staging.nbg.eu\/sk\/wp-json\/wp\/v2\/product"}],"about":[{"href":"https:\/\/staging.nbg.eu\/sk\/wp-json\/wp\/v2\/types\/product"}],"wp:featuredmedia":[{"embeddable":true,"href":"https:\/\/staging.nbg.eu\/sk\/wp-json\/wp\/v2\/media\/499544"}],"wp:attachment":[{"href":"https:\/\/staging.nbg.eu\/sk\/wp-json\/wp\/v2\/media?parent=554295"}],"wp:term":[{"taxonomy":"product_brand","embeddable":true,"href":"https:\/\/staging.nbg.eu\/sk\/wp-json\/wp\/v2\/product_brand?post=554295"},{"taxonomy":"product_cat","embeddable":true,"href":"https:\/\/staging.nbg.eu\/sk\/wp-json\/wp\/v2\/product_cat?post=554295"},{"taxonomy":"product_tag","embeddable":true,"href":"https:\/\/staging.nbg.eu\/sk\/wp-json\/wp\/v2\/product_tag?post=554295"}],"curies":[{"name":"wp","href":"https:\/\/api.w.org\/{rel}","templated":true}]}}