{"id":554051,"date":"2025-09-06T16:21:27","date_gmt":"2025-09-06T13:21:27","guid":{"rendered":"https:\/\/staging.nbg.eu\/product\/armazone-q-r-viper-48mm\/"},"modified":"2025-10-01T16:17:53","modified_gmt":"2025-10-01T13:17:53","slug":"puzdro-q-r-viper-48mm","status":"publish","type":"product","link":"https:\/\/staging.nbg.eu\/sk\/produkt\/puzdro-q-r-viper-48mm\/","title":{"rendered":"Puzdro Q-R Viper 48mm"},"content":{"rendered":"<h2>Armazone Q-R Viper 48mm<\/h2>\n<p>Armazone Q-R Viper 48mm je adapt\u00e9r na mont\u00e1\u017e term\u00e1lnych zariaden\u00ed na pr\u00edstroje Nitehog. M\u00e1 r\u00fdchlouzamykac\u00ed mechanizmus a p\u00e1\u010dkov\u00fd syst\u00e9m.<\/p>\n<h2>Hlavn\u00e9 vlastnosti:<\/h2>\n<ul>\n<li>R\u00fdchlouzamykacia p\u00e1\u010dka pre \u013eahk\u00fa mont\u00e1\u017e a demont\u00e1\u017e<\/li>\n<li>Prev\u00e1dzka bez n\u00e1strojov po nastaven\u00ed<\/li>\n<li>Kompatibiln\u00fd s teleskopick\u00fdmi zameriava\u010dmi Nitehog<\/li>\n<li>Presne navrhnut\u00fd pre bezpe\u010dn\u00e9 upevnenie<\/li>\n<\/ul>\n<p><strong>Pozn\u00e1mka:<\/strong> Tento adapt\u00e9r m\u00f4\u017ee kompenzova\u0165 maxim\u00e1lny pokles 1 mm. Nie je univerz\u00e1lnym rie\u0161en\u00edm pre v\u0161etky mont\u00e1\u017ene scen\u00e1re.<\/p>\n<p>Armazone Q-R Viper 48mm je ur\u010den\u00fd na zlep\u0161enie v\u0161estrannosti a jednoduchosti pou\u017eitia term\u00e1lneho zobrazovacieho syst\u00e9mu v ter\u00e9ne.<\/p>\n","protected":false},"excerpt":{"rendered":"<p>R\u00fdchloup\u00ednac\u00ed term\u00e1lny adapt\u00e9r pre pu\u0161koh\u013eady Nitehog. Mont\u00e1\u017e bez pou\u017eitia n\u00e1radia.<\/p>\n","protected":false},"featured_media":499498,"template":"","meta":{"_acf_changed":false},"product_brand":[],"product_cat":[13373,13330,13328],"product_tag":[],"class_list":{"0":"post-554051","1":"product","2":"type-product","3":"status-publish","4":"has-post-thumbnail","6":"product_cat-mierenie","7":"product_cat-mierenske-prislusenstvo","8":"product_cat-termalne","10":"first","11":"instock","12":"taxable","13":"shipping-taxable","14":"purchasable","15":"product-type-simple"},"acf":[],"_links":{"self":[{"href":"https:\/\/staging.nbg.eu\/sk\/wp-json\/wp\/v2\/product\/554051","targetHints":{"allow":["GET"]}}],"collection":[{"href":"https:\/\/staging.nbg.eu\/sk\/wp-json\/wp\/v2\/product"}],"about":[{"href":"https:\/\/staging.nbg.eu\/sk\/wp-json\/wp\/v2\/types\/product"}],"wp:featuredmedia":[{"embeddable":true,"href":"https:\/\/staging.nbg.eu\/sk\/wp-json\/wp\/v2\/media\/499498"}],"wp:attachment":[{"href":"https:\/\/staging.nbg.eu\/sk\/wp-json\/wp\/v2\/media?parent=554051"}],"wp:term":[{"taxonomy":"product_brand","embeddable":true,"href":"https:\/\/staging.nbg.eu\/sk\/wp-json\/wp\/v2\/product_brand?post=554051"},{"taxonomy":"product_cat","embeddable":true,"href":"https:\/\/staging.nbg.eu\/sk\/wp-json\/wp\/v2\/product_cat?post=554051"},{"taxonomy":"product_tag","embeddable":true,"href":"https:\/\/staging.nbg.eu\/sk\/wp-json\/wp\/v2\/product_tag?post=554051"}],"curies":[{"name":"wp","href":"https:\/\/api.w.org\/{rel}","templated":true}]}}