{"id":55042,"date":"2024-03-01T10:28:01","date_gmt":"2024-09-13T13:08:38","guid":{"rendered":"https:\/\/staging.nbg.eu\/product\/fox-ammunition-300winmag\/"},"modified":"2024-09-13T13:09:44","modified_gmt":"2024-09-13T13:09:44","slug":"fox-municia-300winmag","status":"publish","type":"product","link":"https:\/\/staging.nbg.eu\/sk\/produkt\/fox-municia-300winmag\/","title":{"rendered":"Fox Mun\u00edcia .300winmag"},"content":{"rendered":"<div class=\"product-description\">\n<h2>Mun\u00edcia Fox Classic Hunter<\/h2>\n<p>Strely Fox Classic Hunter s\u00fa bezolovnat\u00e9, ur\u010den\u00e9 pre v\u0161etky eur\u00f3pske loveck\u00e9 scen\u00e1re. Vyroben\u00e9 z zliatiny medi a zinku, pon\u00fakaj\u00fa:<\/p>\n<ul>\n<li>V\u00fdkon od lovu diviakov na kr\u00e1tku vzdialenos\u0165 po horsk\u00e9 v\u00fdstrely na dlh\u00fa vzdialenos\u0165<\/li>\n<li>Spo\u013eahliv\u00fa deform\u00e1ciu pri ni\u017e\u0161\u00edch n\u00e1razov\u00fdch r\u00fdchlostiach (500 m\/s)<\/li>\n<li>Dr\u00e1\u017ekovan\u00fd dizajn pre zn\u00ed\u017een\u00fd tlak v hlavni a zv\u00fd\u0161en\u00fa r\u00fdchlos\u0165<\/li>\n<li>Termostabiln\u00fd plastov\u00fd hrot pre zlep\u0161en\u00fa balistiku a termin\u00e1lny efekt<\/li>\n<li>Kontrolovan\u00fa expanziu pre efekt\u00edvny prenos energie a zastavovaciu silu<\/li>\n<li>Hr\u00edbovit\u00fa deform\u00e1ciu a\u017e na dvojn\u00e1sobok priemeru kalibru<\/li>\n<li>95%+ zachovanie hmotnosti pri be\u017en\u00fdch podmienkach penetr\u00e1cie<\/li>\n<li>Zachovanie kvality m\u00e4sa<\/li>\n<\/ul>\n<p>Fox Classic Hunter mun\u00edcia pon\u00faka v\u00fdkon a etick\u00fd lov.<\/p>\n<\/div>\n","protected":false},"excerpt":{"rendered":"<p>Bezolovnat\u00e9 strelivo pre v\u0161estrann\u00fd eur\u00f3psky lov. Presn\u00e9 a \u00fa\u010dinn\u00e9.<\/p>\n","protected":false},"featured_media":55043,"template":"","meta":{"_acf_changed":false},"product_brand":[11349],"product_cat":[13372,13409],"product_tag":[],"class_list":{"0":"post-55042","1":"product","2":"type-product","3":"status-publish","4":"has-post-thumbnail","6":"product_brand-fox-bullets","7":"product_cat-municia","8":"product_cat-strelivo-do-pusiek","10":"first","11":"instock","12":"taxable","13":"shipping-taxable","14":"purchasable","15":"product-type-simple"},"acf":[],"_links":{"self":[{"href":"https:\/\/staging.nbg.eu\/sk\/wp-json\/wp\/v2\/product\/55042","targetHints":{"allow":["GET"]}}],"collection":[{"href":"https:\/\/staging.nbg.eu\/sk\/wp-json\/wp\/v2\/product"}],"about":[{"href":"https:\/\/staging.nbg.eu\/sk\/wp-json\/wp\/v2\/types\/product"}],"wp:featuredmedia":[{"embeddable":true,"href":"https:\/\/staging.nbg.eu\/sk\/wp-json\/wp\/v2\/media\/55043"}],"wp:attachment":[{"href":"https:\/\/staging.nbg.eu\/sk\/wp-json\/wp\/v2\/media?parent=55042"}],"wp:term":[{"taxonomy":"product_brand","embeddable":true,"href":"https:\/\/staging.nbg.eu\/sk\/wp-json\/wp\/v2\/product_brand?post=55042"},{"taxonomy":"product_cat","embeddable":true,"href":"https:\/\/staging.nbg.eu\/sk\/wp-json\/wp\/v2\/product_cat?post=55042"},{"taxonomy":"product_tag","embeddable":true,"href":"https:\/\/staging.nbg.eu\/sk\/wp-json\/wp\/v2\/product_tag?post=55042"}],"curies":[{"name":"wp","href":"https:\/\/api.w.org\/{rel}","templated":true}]}}