{"id":54980,"date":"2024-03-01T10:36:26","date_gmt":"2024-03-01T10:36:26","guid":{"rendered":"https:\/\/staging.nbg.eu\/product\/fox-ammunition-93x62-220-gr\/"},"modified":"2024-09-13T13:08:18","modified_gmt":"2024-09-13T13:08:18","slug":"fox-municia-93x62-220-gr","status":"publish","type":"product","link":"https:\/\/staging.nbg.eu\/sk\/produkt\/fox-municia-93x62-220-gr\/","title":{"rendered":"Fox Mun\u00edcia 9,3&#215;62 &#8211; 220 gr"},"content":{"rendered":"<div class=\"product-description\">\n<h2>Mun\u00edcia Fox Classic Hunter<\/h2>\n<p>Strely Fox Classic Hunter s\u00fa bezolovnat\u00e9, ur\u010den\u00e9 pre v\u0161etky eur\u00f3pske loveck\u00e9 scen\u00e1re. Vyroben\u00e9 z zliatiny medi a zinku, poskytuj\u00fa:<\/p>\n<ul>\n<li>V\u00fdkon od lovu div\u00fdch sv\u00ed\u0148 na kr\u00e1tku vzdialenos\u0165 po horsk\u00e9 stre\u013eby na dlh\u00e9 vzdialenosti<\/li>\n<li>Deform\u00e1ciu pri ni\u017e\u0161\u00edch n\u00e1razov\u00fdch r\u00fdchlostiach (500 m\/s)<\/li>\n<li>Dr\u00e1\u017ekovan\u00fd dizajn pre zn\u00ed\u017een\u00fd tlak v hlavni a zv\u00fd\u0161en\u00fa r\u00fdchlos\u0165<\/li>\n<li>Plastov\u00fd hrot odoln\u00fd vo\u010di teplu pre zlep\u0161en\u00fa balistiku a termin\u00e1lny efekt<\/li>\n<li>Kontrolovan\u00e1 expanzia pre efekt\u00edvny prenos energie a zastavovaciu silu<\/li>\n<li>Deform\u00e1cia do tvaru hr\u00edba a\u017e na dvojn\u00e1sobok priemeru kalibru<\/li>\n<li>Zachovanie 95%+ hmotnosti pri norm\u00e1lnych podmienkach penetr\u00e1cie<\/li>\n<li>Zachovanie kvality m\u00e4sa<\/li>\n<\/ul>\n<p>Fox Classic Hunter mun\u00edcia poskytuje v\u00fdkon a etick\u00fd lov.<\/p>\n<\/div>\n","protected":false},"excerpt":{"rendered":"<p>Bezolovnat\u00e9 strelivo pre v\u0161estrann\u00fd eur\u00f3psky lov. Presn\u00e9 a \u00fa\u010dinn\u00e9.<\/p>\n","protected":false},"featured_media":54981,"template":"","meta":{"_acf_changed":false},"product_brand":[11349],"product_cat":[13382,13372,13409],"product_tag":[],"class_list":{"0":"post-54980","1":"product","2":"type-product","3":"status-publish","4":"has-post-thumbnail","6":"product_brand-fox-bullets","7":"product_cat-licencovany","8":"product_cat-municia","9":"product_cat-strelivo-do-pusiek","11":"first","12":"instock","13":"taxable","14":"shipping-taxable","15":"purchasable","16":"product-type-simple"},"acf":[],"_links":{"self":[{"href":"https:\/\/staging.nbg.eu\/sk\/wp-json\/wp\/v2\/product\/54980","targetHints":{"allow":["GET"]}}],"collection":[{"href":"https:\/\/staging.nbg.eu\/sk\/wp-json\/wp\/v2\/product"}],"about":[{"href":"https:\/\/staging.nbg.eu\/sk\/wp-json\/wp\/v2\/types\/product"}],"wp:featuredmedia":[{"embeddable":true,"href":"https:\/\/staging.nbg.eu\/sk\/wp-json\/wp\/v2\/media\/54981"}],"wp:attachment":[{"href":"https:\/\/staging.nbg.eu\/sk\/wp-json\/wp\/v2\/media?parent=54980"}],"wp:term":[{"taxonomy":"product_brand","embeddable":true,"href":"https:\/\/staging.nbg.eu\/sk\/wp-json\/wp\/v2\/product_brand?post=54980"},{"taxonomy":"product_cat","embeddable":true,"href":"https:\/\/staging.nbg.eu\/sk\/wp-json\/wp\/v2\/product_cat?post=54980"},{"taxonomy":"product_tag","embeddable":true,"href":"https:\/\/staging.nbg.eu\/sk\/wp-json\/wp\/v2\/product_tag?post=54980"}],"curies":[{"name":"wp","href":"https:\/\/api.w.org\/{rel}","templated":true}]}}