{"id":54882,"date":"2024-03-01T10:55:25","date_gmt":"2024-09-13T13:05:28","guid":{"rendered":"https:\/\/staging.nbg.eu\/product\/fox-ammunition-30-06-spring-165-180-gr\/"},"modified":"2024-09-13T13:06:31","modified_gmt":"2024-09-13T13:06:31","slug":"fox-municia-30-06-spring-165180-gr","status":"publish","type":"product","link":"https:\/\/staging.nbg.eu\/sk\/produkt\/fox-municia-30-06-spring-165180-gr\/","title":{"rendered":"Fox Mun\u00edcia 30-06 Spring. (165\/180 gr)"},"content":{"rendered":"<div class=\"product-description\">\n<h2>Strelivo Fox Classic Hunter<\/h2>\n<p>Strely Fox Classic Hunter s\u00fa bezolovnat\u00e9, ur\u010den\u00e9 pre v\u0161etky eur\u00f3pske loveck\u00e9 scen\u00e1re. Vyroben\u00e9 z zliatiny medi a zinku, pon\u00fakaj\u00fa:<\/p>\n<ul>\n<li>\u00da\u010dinnos\u0165 od lovu diviakov na bl\u00edzku vzdialenos\u0165 po \u010falekonosn\u00e9 horsk\u00e9 v\u00fdstrely<\/li>\n<li>Spo\u013eahliv\u00fa deform\u00e1ciu pri ni\u017e\u0161\u00edch n\u00e1razov\u00fdch r\u00fdchlostiach (500 m\/s)<\/li>\n<li>Dr\u00e1\u017ekovan\u00fd dizajn pre zn\u00ed\u017eenie tlaku v hlavni a zv\u00fd\u0161enie r\u00fdchlosti<\/li>\n<li>Tepelne stabiln\u00fa plastov\u00fa \u0161pi\u010dku pre zlep\u0161enie balistiky a koncov\u00e9ho \u00fa\u010dinku<\/li>\n<li>Kontrolovan\u00fa expanziu pre efekt\u00edvny prenos energie a zastavovaciu silu<\/li>\n<li>Hr\u00edbovit\u00fa deform\u00e1ciu a\u017e na dvojn\u00e1sobok priemeru kalibru<\/li>\n<li>95%+ zachovanie hmotnosti pri be\u017en\u00fdch podmienkach prieniku<\/li>\n<li>Dobr\u00e9 zachovanie kvality m\u00e4sa<\/li>\n<\/ul>\n<p>Strelivo Fox Classic Hunter pon\u00faka vysok\u00fd v\u00fdkon a etick\u00fd lov.<\/p>\n<\/div>\n","protected":false},"excerpt":{"rendered":"<p>Bezolovnat\u00e9 strelivo pre v\u0161estrann\u00fd eur\u00f3psky lov. Presn\u00e9 a \u00fa\u010dinn\u00e9.<\/p>\n","protected":false},"featured_media":54883,"template":"","meta":{"_acf_changed":false},"product_brand":[11349],"product_cat":[13382,13372,13409],"product_tag":[],"class_list":{"0":"post-54882","1":"product","2":"type-product","3":"status-publish","4":"has-post-thumbnail","6":"product_brand-fox-bullets","7":"product_cat-licencovany","8":"product_cat-municia","9":"product_cat-strelivo-do-pusiek","11":"first","12":"instock","13":"taxable","14":"shipping-taxable","15":"purchasable","16":"product-type-variable","17":"wvs-archive-product-wrapper"},"acf":[],"_links":{"self":[{"href":"https:\/\/staging.nbg.eu\/sk\/wp-json\/wp\/v2\/product\/54882","targetHints":{"allow":["GET"]}}],"collection":[{"href":"https:\/\/staging.nbg.eu\/sk\/wp-json\/wp\/v2\/product"}],"about":[{"href":"https:\/\/staging.nbg.eu\/sk\/wp-json\/wp\/v2\/types\/product"}],"wp:featuredmedia":[{"embeddable":true,"href":"https:\/\/staging.nbg.eu\/sk\/wp-json\/wp\/v2\/media\/54883"}],"wp:attachment":[{"href":"https:\/\/staging.nbg.eu\/sk\/wp-json\/wp\/v2\/media?parent=54882"}],"wp:term":[{"taxonomy":"product_brand","embeddable":true,"href":"https:\/\/staging.nbg.eu\/sk\/wp-json\/wp\/v2\/product_brand?post=54882"},{"taxonomy":"product_cat","embeddable":true,"href":"https:\/\/staging.nbg.eu\/sk\/wp-json\/wp\/v2\/product_cat?post=54882"},{"taxonomy":"product_tag","embeddable":true,"href":"https:\/\/staging.nbg.eu\/sk\/wp-json\/wp\/v2\/product_tag?post=54882"}],"curies":[{"name":"wp","href":"https:\/\/api.w.org\/{rel}","templated":true}]}}