{"id":547166,"date":"2025-09-05T18:15:58","date_gmt":"2025-09-05T15:15:58","guid":{"rendered":"https:\/\/staging.nbg.eu\/product\/mount-arta435-34-34mm\/"},"modified":"2025-10-01T11:13:08","modified_gmt":"2025-10-01T08:13:08","slug":"montaz-arta435-34-34mm","status":"publish","type":"product","link":"https:\/\/staging.nbg.eu\/sk\/produkt\/montaz-arta435-34-34mm\/","title":{"rendered":"Mont\u00e1\u017e ARTA435-34, 34mm"},"content":{"rendered":"<div class=\"product-description\">\n<h2>XSKEL34TW Gen 2 Pred\u013a\u017een\u00fd skeletonizovan\u00fd 34mm MSR dr\u017eiak<\/h2>\n<p>XSKEL34TW Gen 2 je pred\u013a\u017een\u00fd skeletonizovan\u00fd 34mm MSR dr\u017eiak navrhnut\u00fd pre pu\u0161ky typu AR15, AR10 a \u0161portov\u00e9 pu\u0161ky s Picatinny li\u0161tou dlhou 2,75&#8243; alebo viac.<\/p>\n<h2>Hlavn\u00e9 vlastnosti:<\/h2>\n<ul>\n<li>V\u00fd\u0161ka MSR pre spr\u00e1vne zarovnanie<\/li>\n<li>Viac ako 2 palce predn\u00e9ho presahu pre lep\u0161iu rovnov\u00e1hu<\/li>\n<li>Oce\u013eov\u00e9 z\u00e1vitov\u00e9 vlo\u017eky pre skrutky<\/li>\n<li>\u013dahk\u00e1 skeletonizovan\u00e1 kon\u0161trukcia<\/li>\n<li>Vyroben\u00e9 z hlin\u00edka 6061 pomocou CNC obr\u00e1bania<\/li>\n<li>Jednodielny bo\u010dn\u00fd up\u00ednac\u00ed dizajn<\/li>\n<\/ul>\n<p>XSKEL34TW je ur\u010den\u00fd pre v\u00e4\u010d\u0161ie a \u0165a\u017e\u0161ie pu\u0161kohlady s 34mm tubusmi, vr\u00e1tane optiky s n\u00edzkym zv\u00e4\u010d\u0161en\u00edm a optiky pre dlh\u00e9 vzdialenosti s objekt\u00edvmi a\u017e do 56mm. Umiest\u0148uje optiku do ide\u00e1lnej v\u00fd\u0161ky a polohy na platforme AR.<\/p>\n<p>Kompatibiln\u00fd s AR-15, M-4, SR-25, LR308, PTR-91 a in\u00fdmi MSR s Picatinny li\u0161tou dlhou aspo\u0148 3 palce. Pou\u017e\u00edva sa aj na taktick\u00fdch p\u00e1kov\u00fdch pu\u0161k\u00e1ch.<\/p>\n<p>XSKEL34TW MSR\/AR dr\u017eiak sa pou\u017e\u00edva v s\u00fa\u0165a\u017eiach, taktick\u00fdch misi\u00e1ch a pri love s AR.<\/p>\n<p>XSKEL34TW Gen 2 pred\u013a\u017een\u00fd skeletonizovan\u00fd 34mm MSR dr\u017eiak kombinuje \u013eahk\u00fa kon\u0161trukciu s odolnos\u0165ou.<\/p>\n<\/div>\n","protected":false},"excerpt":{"rendered":"<p>\u013dahk\u00fd, odoln\u00fd 34mm dr\u017eiak pre AR pu\u0161koh\u013ead. Ide\u00e1lna v\u00fd\u0161ka, 5 cm previs.<\/p>\n","protected":false},"featured_media":499260,"template":"","meta":{"_acf_changed":false},"product_brand":[],"product_cat":[13373,13330,13328],"product_tag":[],"class_list":{"0":"post-547166","1":"product","2":"type-product","3":"status-publish","4":"has-post-thumbnail","6":"product_cat-mierenie","7":"product_cat-mierenske-prislusenstvo","8":"product_cat-termalne","10":"first","11":"instock","12":"taxable","13":"shipping-taxable","14":"purchasable","15":"product-type-simple"},"acf":[],"_links":{"self":[{"href":"https:\/\/staging.nbg.eu\/sk\/wp-json\/wp\/v2\/product\/547166","targetHints":{"allow":["GET"]}}],"collection":[{"href":"https:\/\/staging.nbg.eu\/sk\/wp-json\/wp\/v2\/product"}],"about":[{"href":"https:\/\/staging.nbg.eu\/sk\/wp-json\/wp\/v2\/types\/product"}],"wp:featuredmedia":[{"embeddable":true,"href":"https:\/\/staging.nbg.eu\/sk\/wp-json\/wp\/v2\/media\/499260"}],"wp:attachment":[{"href":"https:\/\/staging.nbg.eu\/sk\/wp-json\/wp\/v2\/media?parent=547166"}],"wp:term":[{"taxonomy":"product_brand","embeddable":true,"href":"https:\/\/staging.nbg.eu\/sk\/wp-json\/wp\/v2\/product_brand?post=547166"},{"taxonomy":"product_cat","embeddable":true,"href":"https:\/\/staging.nbg.eu\/sk\/wp-json\/wp\/v2\/product_cat?post=547166"},{"taxonomy":"product_tag","embeddable":true,"href":"https:\/\/staging.nbg.eu\/sk\/wp-json\/wp\/v2\/product_tag?post=547166"}],"curies":[{"name":"wp","href":"https:\/\/api.w.org\/{rel}","templated":true}]}}