{"id":546127,"date":"2025-09-05T18:15:45","date_gmt":"2025-09-05T15:15:45","guid":{"rendered":"https:\/\/staging.nbg.eu\/product\/rrs-sc-arc-harris-bipod-adapter-black\/"},"modified":"2025-10-01T10:58:41","modified_gmt":"2025-10-01T07:58:41","slug":"rrs-sc-arc-adapter-pre-harris-dvojnozku-cierny","status":"publish","type":"product","link":"https:\/\/staging.nbg.eu\/sk\/produkt\/rrs-sc-arc-adapter-pre-harris-dvojnozku-cierny\/","title":{"rendered":"RRS SC-ARC adapt\u00e9r pre Harris dvojno\u017eku \u010dierny"},"content":{"rendered":"<div class=\"product-description\">\n<h2>RRS SC-ARC Harris Bipod adapt\u00e9r \u010dierny<\/h2>\n<h2>Harris Bipod adapt\u00e9r<\/h2>\n<p>RRS SC-ARC Harris Bipod adapt\u00e9r sa integruje s Harris &#8218;S&#8216; Bipodmi a poskytuje vylep\u0161en\u00fa funk\u010dnos\u0165 a v\u00fdhody.<\/p>\n<h3>Hlavn\u00e9 v\u00fdhody:<\/h3>\n<ul>\n<li><strong>R\u00fdchle zmeny vybavenia:<\/strong> R\u00fdchly prechod medzi nastaveniami.<\/li>\n<li><strong>Pevnej\u0161ia podpora:<\/strong> Zv\u00fd\u0161en\u00e1 stabilita a spo\u013eahlivos\u0165.<\/li>\n<li><strong>\u0160irok\u00e1 kompatibilita:<\/strong> Funguje s RRS svorkami ako BTC-Pro a SC-ARC.<\/li>\n<\/ul>\n<p>Harris Bipod adapt\u00e9r sp\u00e1ja v\u00e1\u0161 s\u00fa\u010dasn\u00fd setup s RRS vybaven\u00edm.<\/p>\n<h3>\u0160pecifik\u00e1cie:<\/h3>\n<table>\n<tr>\n<td><strong>D\u013a\u017eka:<\/strong><\/td>\n<td>1,4 palca (35,6 mm)<\/td>\n<\/tr>\n<tr>\n<td><strong>\u0160\u00edrka:<\/strong><\/td>\n<td>1,3 palca (33,8 mm)<\/td>\n<\/tr>\n<tr>\n<td><strong>V\u00fd\u0161ka:<\/strong><\/td>\n<td>1,35 palca (34,3 mm)<\/td>\n<\/tr>\n<tr>\n<td><strong>Hmotnos\u0165:<\/strong><\/td>\n<td>1,2 unce (34,7 g)<\/td>\n<\/tr>\n<\/table>\n<p>RRS SC-ARC Harris Bipod adapt\u00e9r je pr\u00edslu\u0161enstvo navrhnut\u00e9 na zlep\u0161enie funk\u010dnosti Harris &#8218;S&#8216; Bipodov, poskytuj\u00face integr\u00e1ciu s RRS svorkami. Tento adapt\u00e9r pon\u00faka v\u0161estrannos\u0165 a stabilitu pre presn\u00e9 v\u00fdstrely a r\u00fdchle \u00fapravy v ter\u00e9ne.<\/p>\n<\/div>\n","protected":false},"excerpt":{"rendered":"<p>Zv\u00fd\u0161te stabilitu a v\u0161estrannos\u0165 s t\u00fdmto \u013eahk\u00fdm adapt\u00e9rom pre dvojno\u017eku Harris.<\/p>\n","protected":false},"featured_media":499237,"template":"","meta":{"_acf_changed":false},"product_brand":[],"product_cat":[13390,13397],"product_tag":[],"class_list":{"0":"post-546127","1":"product","2":"type-product","3":"status-publish","4":"has-post-thumbnail","6":"product_cat-dvojnozky","7":"product_cat-puska","9":"first","10":"instock","11":"taxable","12":"shipping-taxable","13":"purchasable","14":"product-type-simple"},"acf":[],"_links":{"self":[{"href":"https:\/\/staging.nbg.eu\/sk\/wp-json\/wp\/v2\/product\/546127","targetHints":{"allow":["GET"]}}],"collection":[{"href":"https:\/\/staging.nbg.eu\/sk\/wp-json\/wp\/v2\/product"}],"about":[{"href":"https:\/\/staging.nbg.eu\/sk\/wp-json\/wp\/v2\/types\/product"}],"wp:featuredmedia":[{"embeddable":true,"href":"https:\/\/staging.nbg.eu\/sk\/wp-json\/wp\/v2\/media\/499237"}],"wp:attachment":[{"href":"https:\/\/staging.nbg.eu\/sk\/wp-json\/wp\/v2\/media?parent=546127"}],"wp:term":[{"taxonomy":"product_brand","embeddable":true,"href":"https:\/\/staging.nbg.eu\/sk\/wp-json\/wp\/v2\/product_brand?post=546127"},{"taxonomy":"product_cat","embeddable":true,"href":"https:\/\/staging.nbg.eu\/sk\/wp-json\/wp\/v2\/product_cat?post=546127"},{"taxonomy":"product_tag","embeddable":true,"href":"https:\/\/staging.nbg.eu\/sk\/wp-json\/wp\/v2\/product_tag?post=546127"}],"curies":[{"name":"wp","href":"https:\/\/api.w.org\/{rel}","templated":true}]}}