{"id":545573,"date":"2025-09-05T18:15:43","date_gmt":"2025-09-05T15:15:43","guid":{"rendered":"https:\/\/staging.nbg.eu\/product\/kmr-baseball-cap\/"},"modified":"2025-10-01T10:41:18","modified_gmt":"2025-10-01T07:41:18","slug":"kmr-siltovka","status":"publish","type":"product","link":"https:\/\/staging.nbg.eu\/sk\/produkt\/kmr-siltovka\/","title":{"rendered":"KMR \u0161iltovka"},"content":{"rendered":"<h2>KMR Baseballov\u00e1 \u010ciapka<\/h2>\n<h2>Referencia: 0380-00501-0000<\/h2>\n<p>Baseballov\u00e1 \u010diapka od KMR Precision Arms. T\u00e1to \u010diapka je navrhnut\u00e1 pre pohodlie pri stre\u013ebe. M\u00e1 logo KMR a je vhodn\u00e1 pre strelcov a nad\u0161encov zbran\u00ed. Nastavite\u013en\u00fd remienok zabezpe\u010duje dobr\u00e9 prisp\u00f4sobenie, zatia\u013e \u010do priedu\u0161n\u00e1 l\u00e1tka udr\u017eiava pohodlie. Doplnok KMR.<\/p>\n","protected":false},"excerpt":{"rendered":"<p>KMR Bejzbalov\u00e1 \u010ciapka: Elegantn\u00e9 s\u00fa\u0165a\u017en\u00e9 pokr\u00fdvky hlavy pre prec\u00edznych strelcov.<\/p>\n","protected":false},"featured_media":499076,"template":"","meta":{"_acf_changed":false},"product_brand":[],"product_cat":[13413],"product_tag":[],"class_list":{"0":"post-545573","1":"product","2":"type-product","3":"status-publish","4":"has-post-thumbnail","6":"product_cat-nezaradene","8":"first","9":"instock","10":"taxable","11":"shipping-taxable","12":"purchasable","13":"product-type-simple"},"acf":[],"_links":{"self":[{"href":"https:\/\/staging.nbg.eu\/sk\/wp-json\/wp\/v2\/product\/545573","targetHints":{"allow":["GET"]}}],"collection":[{"href":"https:\/\/staging.nbg.eu\/sk\/wp-json\/wp\/v2\/product"}],"about":[{"href":"https:\/\/staging.nbg.eu\/sk\/wp-json\/wp\/v2\/types\/product"}],"wp:featuredmedia":[{"embeddable":true,"href":"https:\/\/staging.nbg.eu\/sk\/wp-json\/wp\/v2\/media\/499076"}],"wp:attachment":[{"href":"https:\/\/staging.nbg.eu\/sk\/wp-json\/wp\/v2\/media?parent=545573"}],"wp:term":[{"taxonomy":"product_brand","embeddable":true,"href":"https:\/\/staging.nbg.eu\/sk\/wp-json\/wp\/v2\/product_brand?post=545573"},{"taxonomy":"product_cat","embeddable":true,"href":"https:\/\/staging.nbg.eu\/sk\/wp-json\/wp\/v2\/product_cat?post=545573"},{"taxonomy":"product_tag","embeddable":true,"href":"https:\/\/staging.nbg.eu\/sk\/wp-json\/wp\/v2\/product_tag?post=545573"}],"curies":[{"name":"wp","href":"https:\/\/api.w.org\/{rel}","templated":true}]}}