{"id":545389,"date":"2025-09-05T18:15:06","date_gmt":"2025-09-05T15:15:06","guid":{"rendered":"https:\/\/staging.nbg.eu\/product\/surefire-csp-09-weaponlight-switch\/"},"modified":"2025-10-01T10:33:24","modified_gmt":"2025-10-01T07:33:24","slug":"surefire-csp-09-prepinac-zbranoveho-svetla","status":"publish","type":"product","link":"https:\/\/staging.nbg.eu\/sk\/produkt\/surefire-csp-09-prepinac-zbranoveho-svetla\/","title":{"rendered":"Surefire CSP-09 prep\u00edna\u010d zbranov\u00e9ho svetla"},"content":{"rendered":"<div class=\"product-description\">\n<h2>Surefire CSP-09 Sp\u00edna\u010d WeaponLight<\/h2>\n<h2>Dia\u013ekov\u00fd sp\u00edna\u010d na li\u0161tu Picatinny pre WeaponLights<\/h2>\n<p>Surefire CSP-09 WeaponLight sp\u00edna\u010d je dia\u013ekov\u00fd sp\u00edna\u010d navrhnut\u00fd na aktiv\u00e1ciu ak\u00e9hoko\u013evek SureFire WeaponLight vybaven\u00e9ho z\u00e1suvkou pre sp\u00edna\u010d.<\/p>\n<h3>Hlavn\u00e9 vlastnosti:<\/h3>\n<ul>\n<li>Dvojfunk\u010dn\u00fd sp\u00edna\u010d pre do\u010dasn\u00e9 a trval\u00e9 zapnutie<\/li>\n<li>Pripojenie na li\u0161tu Picatinny pomocou svorky<\/li>\n<li>Kompaktn\u00fd dizajn<\/li>\n<li>Polym\u00e9rov\u00e1 kon\u0161trukcia<\/li>\n<li>9-palcov\u00fd k\u00e1bel vhodn\u00fd pre v\u00e4\u010d\u0161inu pu\u0161iek\/karab\u00edn<\/li>\n<\/ul>\n<p>CSP-09 umo\u017e\u0148uje jemn\u00e9 stla\u010denie pre do\u010dasn\u00e9 zapnutie alebo \u00fapln\u00e9 stla\u010denie pre trval\u00e9 zapnutie. In\u0161tal\u00e1cia nevy\u017eaduje n\u00e1stroje a pripojenie na li\u0161tu Picatinny je bezpe\u010dn\u00e9.<\/p>\n<p>Surefire CSP-09 WeaponLight sp\u00edna\u010d je kompatibiln\u00fd so v\u0161etk\u00fdmi SureFire WeaponLights, ktor\u00e9 maj\u00fa z\u00e1suvku pre sp\u00edna\u010d.<\/p>\n<\/div>\n","protected":false},"excerpt":{"rendered":"<p>Kompaktn\u00fd dia\u013ekov\u00fd sp\u00edna\u010d pre SureFire WeaponLights. Jednoduch\u00e1 mont\u00e1\u017e na Picatinny li\u0161tu.<\/p>\n","protected":false},"featured_media":499053,"template":"","meta":{"_acf_changed":false},"product_brand":[],"product_cat":[13412,13388,13348],"product_tag":[],"class_list":{"0":"post-545389","1":"product","2":"type-product","3":"status-publish","4":"has-post-thumbnail","6":"product_cat-prislusenstvo-k-svetlam","7":"product_cat-svetla","8":"product_cat-svetla-na-pusky","10":"first","11":"instock","12":"taxable","13":"shipping-taxable","14":"purchasable","15":"product-type-simple"},"acf":[],"_links":{"self":[{"href":"https:\/\/staging.nbg.eu\/sk\/wp-json\/wp\/v2\/product\/545389","targetHints":{"allow":["GET"]}}],"collection":[{"href":"https:\/\/staging.nbg.eu\/sk\/wp-json\/wp\/v2\/product"}],"about":[{"href":"https:\/\/staging.nbg.eu\/sk\/wp-json\/wp\/v2\/types\/product"}],"wp:featuredmedia":[{"embeddable":true,"href":"https:\/\/staging.nbg.eu\/sk\/wp-json\/wp\/v2\/media\/499053"}],"wp:attachment":[{"href":"https:\/\/staging.nbg.eu\/sk\/wp-json\/wp\/v2\/media?parent=545389"}],"wp:term":[{"taxonomy":"product_brand","embeddable":true,"href":"https:\/\/staging.nbg.eu\/sk\/wp-json\/wp\/v2\/product_brand?post=545389"},{"taxonomy":"product_cat","embeddable":true,"href":"https:\/\/staging.nbg.eu\/sk\/wp-json\/wp\/v2\/product_cat?post=545389"},{"taxonomy":"product_tag","embeddable":true,"href":"https:\/\/staging.nbg.eu\/sk\/wp-json\/wp\/v2\/product_tag?post=545389"}],"curies":[{"name":"wp","href":"https:\/\/api.w.org\/{rel}","templated":true}]}}