{"id":545120,"date":"2025-09-05T18:09:58","date_gmt":"2025-09-05T15:09:58","guid":{"rendered":"https:\/\/staging.nbg.eu\/product\/muzzle-break-vanward-pro-break-for-qd55\/"},"modified":"2025-10-01T10:24:17","modified_gmt":"2025-10-01T07:24:17","slug":"ustova-brzda-vanward-pro-break-pre-qd55","status":"publish","type":"product","link":"https:\/\/staging.nbg.eu\/sk\/produkt\/ustova-brzda-vanward-pro-break-pre-qd55\/","title":{"rendered":"\u00das\u0165ov\u00e1 brzda Vanward Pro-Break pre QD55"},"content":{"rendered":"<div class=\"product-description\">\n<h2>\u00das\u0165ov\u00e1 brzda Vanward Pro-Break pre QD55<\/h2>\n<p>Vanward Pro-Brake je vylep\u0161en\u00e1 verzia Fafnir od Salamander Tactical. T\u00e1to \u00fas\u0165ov\u00e1 brzda pon\u00faka:<\/p>\n<ul>\n<li>78% zn\u00ed\u017eenie sp\u00e4tn\u00e9ho r\u00e1zu (testovan\u00e9 spolo\u010dnos\u0165ou Vaapentidingen)<\/li>\n<li>Kompatibilita s tlmi\u010dom Vanward QD55<\/li>\n<li>Jednoduch\u00e9 upevnenie a indexovanie pomocou prilo\u017eenej poistnej matice<\/li>\n<li>Hmotnos\u0165 174 gramov<\/li>\n<\/ul>\n<p>Dok\u00e1\u017ee udr\u017ea\u0165 v rovnov\u00e1he n\u00e1bojnicu po\u010das v\u00fdstrelu kalibru 6.5&#215;47. Vhodn\u00e1 pre strelcov zameran\u00fdch na presnos\u0165, ktor\u00ed po\u017eaduj\u00fa vysok\u00fd v\u00fdkon a kompatibilitu s tlmi\u010dom.<\/p>\n<\/div>\n","protected":false},"excerpt":{"rendered":"<p>Pokro\u010dil\u00e1 sp\u00e4tn\u00e1 brzda pre QD55, 78% redukcia sp\u00e4tn\u00e9ho r\u00e1zu. Kompatibiln\u00e1 s tlmi\u010dom.<\/p>\n","protected":false},"featured_media":498984,"template":"","meta":{"_acf_changed":false},"product_brand":[],"product_cat":[13369,13397,13346,13350],"product_tag":[],"class_list":{"0":"post-545120","1":"product","2":"type-product","3":"status-publish","4":"has-post-thumbnail","6":"product_cat-prislusenstvo-na-tlmice","7":"product_cat-puska","8":"product_cat-rifle-tuning","9":"product_cat-tlmice-pre-pusky","11":"first","12":"outofstock","13":"taxable","14":"shipping-taxable","15":"product-type-simple"},"acf":[],"_links":{"self":[{"href":"https:\/\/staging.nbg.eu\/sk\/wp-json\/wp\/v2\/product\/545120","targetHints":{"allow":["GET"]}}],"collection":[{"href":"https:\/\/staging.nbg.eu\/sk\/wp-json\/wp\/v2\/product"}],"about":[{"href":"https:\/\/staging.nbg.eu\/sk\/wp-json\/wp\/v2\/types\/product"}],"wp:featuredmedia":[{"embeddable":true,"href":"https:\/\/staging.nbg.eu\/sk\/wp-json\/wp\/v2\/media\/498984"}],"wp:attachment":[{"href":"https:\/\/staging.nbg.eu\/sk\/wp-json\/wp\/v2\/media?parent=545120"}],"wp:term":[{"taxonomy":"product_brand","embeddable":true,"href":"https:\/\/staging.nbg.eu\/sk\/wp-json\/wp\/v2\/product_brand?post=545120"},{"taxonomy":"product_cat","embeddable":true,"href":"https:\/\/staging.nbg.eu\/sk\/wp-json\/wp\/v2\/product_cat?post=545120"},{"taxonomy":"product_tag","embeddable":true,"href":"https:\/\/staging.nbg.eu\/sk\/wp-json\/wp\/v2\/product_tag?post=545120"}],"curies":[{"name":"wp","href":"https:\/\/api.w.org\/{rel}","templated":true}]}}