{"id":54504,"date":"2024-03-02T07:29:43","date_gmt":"2024-09-13T13:02:29","guid":{"rendered":"https:\/\/staging.nbg.eu\/product\/bore-tech-proof-positive-rifle-jag-multiple-calibers\/"},"modified":"2024-09-13T13:03:35","modified_gmt":"2024-09-13T13:03:35","slug":"bore-tech-proof-positive-puskarska-spicka-viacero-kalibrov","status":"publish","type":"product","link":"https:\/\/staging.nbg.eu\/sk\/produkt\/bore-tech-proof-positive-puskarska-spicka-viacero-kalibrov\/","title":{"rendered":"Bore Tech Proof-Positive Pu\u0161k\u00e1rska \u0160pi\u010dka (Viacero Kalibrov)"},"content":{"rendered":"<div class=\"product-description\">\n<h2>Bore Tech Proof-Positive \u010distiaca kefa na pu\u0161ku (Viacero kalibrov)<\/h2>\n<p>Bore Tech Proof-Positive \u010distiace kefy na pu\u0161ku s\u00fa vyroben\u00e9 zo zliatiny bez obsahu mosadze. Tieto kefy s\u00fa bezpe\u010dn\u00e9 pre hlave\u0148 a maj\u00fa vysok\u00fa pevnos\u0165 v \u0165ahu. Vlastnosti zah\u0155\u0148aj\u00fa:<\/p>\n<ul>\n<li>Dve sady po 4 kontaktn\u00e9 kr\u00fa\u017eky pre lep\u0161ie \u010distenie<\/li>\n<li>Presne obroben\u00e9 pre rovnomern\u00fd tlak<\/li>\n<li>Dizajn s obr\u00e1ten\u00fdm ku\u017ee\u013eom na ochranu \u00fastia hlavne<\/li>\n<\/ul>\n<p>Umo\u017e\u0148uje d\u00f4kladn\u00e9 \u010distenie hlavn\u00ed s men\u0161\u00edm odpadom.<\/p>\n<\/div>\n","protected":false},"excerpt":{"rendered":"<p>Inovat\u00edvny kart\u00e1\u010dik na pu\u0161ku eliminuje falo\u0161n\u00e9 indik\u00e1cie meden\u00fdch n\u00e1nosov.<\/p>\n","protected":false},"featured_media":54505,"template":"","meta":{"_acf_changed":false},"product_brand":[11161],"product_cat":[13378,13403,13405],"product_tag":[],"class_list":{"0":"post-54504","1":"product","2":"type-product","3":"status-publish","4":"has-post-thumbnail","6":"product_brand-boretech","7":"product_cat-cistenie-zbrani","8":"product_cat-cistiace-hroty","9":"product_cat-kefky","11":"first","12":"instock","13":"taxable","14":"shipping-taxable","15":"purchasable","16":"product-type-variable","17":"wvs-archive-product-wrapper"},"acf":[],"_links":{"self":[{"href":"https:\/\/staging.nbg.eu\/sk\/wp-json\/wp\/v2\/product\/54504","targetHints":{"allow":["GET"]}}],"collection":[{"href":"https:\/\/staging.nbg.eu\/sk\/wp-json\/wp\/v2\/product"}],"about":[{"href":"https:\/\/staging.nbg.eu\/sk\/wp-json\/wp\/v2\/types\/product"}],"wp:featuredmedia":[{"embeddable":true,"href":"https:\/\/staging.nbg.eu\/sk\/wp-json\/wp\/v2\/media\/54505"}],"wp:attachment":[{"href":"https:\/\/staging.nbg.eu\/sk\/wp-json\/wp\/v2\/media?parent=54504"}],"wp:term":[{"taxonomy":"product_brand","embeddable":true,"href":"https:\/\/staging.nbg.eu\/sk\/wp-json\/wp\/v2\/product_brand?post=54504"},{"taxonomy":"product_cat","embeddable":true,"href":"https:\/\/staging.nbg.eu\/sk\/wp-json\/wp\/v2\/product_cat?post=54504"},{"taxonomy":"product_tag","embeddable":true,"href":"https:\/\/staging.nbg.eu\/sk\/wp-json\/wp\/v2\/product_tag?post=54504"}],"curies":[{"name":"wp","href":"https:\/\/api.w.org\/{rel}","templated":true}]}}