{"id":544916,"date":"2025-09-05T18:09:58","date_gmt":"2025-09-05T15:09:58","guid":{"rendered":"https:\/\/staging.nbg.eu\/product\/magpul-rubber-butt-pad-0-70\/"},"modified":"2025-10-01T10:16:16","modified_gmt":"2025-10-01T07:16:16","slug":"magpul-gumena-pazbova-botka-070","status":"publish","type":"product","link":"https:\/\/staging.nbg.eu\/sk\/produkt\/magpul-gumena-pazbova-botka-070\/","title":{"rendered":"Magpul &#8211; gumen\u00e1 pa\u017ebov\u00e1 botka &#8211; 0.70&#8243;"},"content":{"rendered":"<div class=\"product-description\">\n<h2>Magpul Gumen\u00e1 p\u00e4tka &#8211; 0,70&#8243;<\/h2>\n<p>Gumen\u00e1 p\u00e4tka Magpul s hr\u00fabkou 0,70&#8243; je kompatibiln\u00e1 s r\u00f4znymi pa\u017ebami Magpul, vr\u00e1tane modelov CTR\u00ae, MOE\u00ae Carbine Mil-Spec, UBR\u00ae, STR\u00ae, ACS-L\u2122 a ACS.<\/p>\n<ul>\n<li>Podpora ramena a zn\u00ed\u017eenie sp\u00e4tn\u00e9ho r\u00e1zu<\/li>\n<li>Hrub\u0161ia kon\u0161trukcia s vetrac\u00edmi otvormi<\/li>\n<li>Obsahuje mont\u00e1\u017eny materi\u00e1l<\/li>\n<li>Rozmery: pribli\u017ene 13 x 4 x 1,6 cm<\/li>\n<li>Hmotnos\u0165: pribli\u017ene 62 g<\/li>\n<li>Vyroben\u00e9 v USA<\/li>\n<\/ul>\n<p><strong>Pozn\u00e1mka:<\/strong> Nie je kompatibiln\u00e1 s MOE\u00ae Fixed Carbine Stock. M\u00f4\u017ee obmedzi\u0165 \u00fapln\u00e9 zlo\u017eenie pri komer\u010dn\u00fdch pa\u017eb\u00e1ch MOE\u00ae\/CTR\u00ae kv\u00f4li pred\u013a\u017eenej, skosenej zadnej \u010dasti.<\/p>\n<\/div>\n","protected":false},"excerpt":{"rendered":"<p>Vylep\u0161en\u00e1 0,70&#8243; gumov\u00e1 p\u00e4tka pre Magpul pa\u017eby. Zlep\u0161en\u00e1 opora.<\/p>\n","protected":false},"featured_media":498959,"template":"","meta":{"_acf_changed":false},"product_brand":[11555],"product_cat":[13364],"product_tag":[],"class_list":{"0":"post-544916","1":"product","2":"type-product","3":"status-publish","4":"has-post-thumbnail","6":"product_brand-magpul","7":"product_cat-vystroj","9":"first","10":"instock","11":"taxable","12":"shipping-taxable","13":"purchasable","14":"product-type-simple"},"acf":[],"_links":{"self":[{"href":"https:\/\/staging.nbg.eu\/sk\/wp-json\/wp\/v2\/product\/544916","targetHints":{"allow":["GET"]}}],"collection":[{"href":"https:\/\/staging.nbg.eu\/sk\/wp-json\/wp\/v2\/product"}],"about":[{"href":"https:\/\/staging.nbg.eu\/sk\/wp-json\/wp\/v2\/types\/product"}],"wp:featuredmedia":[{"embeddable":true,"href":"https:\/\/staging.nbg.eu\/sk\/wp-json\/wp\/v2\/media\/498959"}],"wp:attachment":[{"href":"https:\/\/staging.nbg.eu\/sk\/wp-json\/wp\/v2\/media?parent=544916"}],"wp:term":[{"taxonomy":"product_brand","embeddable":true,"href":"https:\/\/staging.nbg.eu\/sk\/wp-json\/wp\/v2\/product_brand?post=544916"},{"taxonomy":"product_cat","embeddable":true,"href":"https:\/\/staging.nbg.eu\/sk\/wp-json\/wp\/v2\/product_cat?post=544916"},{"taxonomy":"product_tag","embeddable":true,"href":"https:\/\/staging.nbg.eu\/sk\/wp-json\/wp\/v2\/product_tag?post=544916"}],"curies":[{"name":"wp","href":"https:\/\/api.w.org\/{rel}","templated":true}]}}