{"id":54100,"date":"2024-03-02T10:05:47","date_gmt":"2024-09-13T12:58:20","guid":{"rendered":"https:\/\/staging.nbg.eu\/product\/bore-tech-proof-positive-shotgun-jag-12-16-20-ga\/"},"modified":"2024-09-13T12:59:21","modified_gmt":"2024-09-13T12:59:21","slug":"bore-tech-proof-positive-brokovnicova-spicka-121620-ga","status":"publish","type":"product","link":"https:\/\/staging.nbg.eu\/sk\/produkt\/bore-tech-proof-positive-brokovnicova-spicka-121620-ga\/","title":{"rendered":"Bore Tech Proof-Positive Brokovnicov\u00e1 \u0160pi\u010dka (12\/16\/20 GA)"},"content":{"rendered":"<div class=\"product-description\">\n<h2>Bore Tech \u010distiaci n\u00e1stavec na brokovnicu (12\/16\/20 GA)<\/h2>\n<p>\u010cistiaci n\u00e1stavec na brokovnicu od Bore Tech. Vlastnosti:<\/p>\n<ul>\n<li>4 flexibiln\u00e9 l\u00edstky pre prisp\u00f4sobenie hlavni<\/li>\n<li>Vyroben\u00fd z odoln\u00e9ho nylonu<\/li>\n<li>Stla\u010dite\u013en\u00fd pre prechod cez z\u00fa\u017eenie hlavne<\/li>\n<li>Kompatibiln\u00fd so \u0161tandardn\u00fdmi ty\u010dami so z\u00e1vitom 5\/16-27<\/li>\n<\/ul>\n<p>N\u00e1stroj na \u00fadr\u017ebu brokovnice. Vhodn\u00fd pre pou\u017e\u00edvate\u013eov brokovn\u00edc.<\/p>\n<p><strong>Cena: 14,99 \u20ac<\/strong><\/p>\n<\/div>\n","protected":false},"excerpt":{"rendered":"<p>Flexibiln\u00e1 4-lupe\u0148ov\u00e1 \u010distiaca kefa na efekt\u00edvne \u010distenie brokovnice. Vhodn\u00e1 pre v\u0161etky typy zahrdlenia.<\/p>\n","protected":false},"featured_media":54101,"template":"","meta":{"_acf_changed":false},"product_brand":[11161],"product_cat":[13378,13403,13405],"product_tag":[],"class_list":{"0":"post-54100","1":"product","2":"type-product","3":"status-publish","4":"has-post-thumbnail","6":"product_brand-boretech","7":"product_cat-cistenie-zbrani","8":"product_cat-cistiace-hroty","9":"product_cat-kefky","11":"first","12":"instock","13":"taxable","14":"shipping-taxable","15":"purchasable","16":"product-type-variable","17":"wvs-archive-product-wrapper"},"acf":[],"_links":{"self":[{"href":"https:\/\/staging.nbg.eu\/sk\/wp-json\/wp\/v2\/product\/54100","targetHints":{"allow":["GET"]}}],"collection":[{"href":"https:\/\/staging.nbg.eu\/sk\/wp-json\/wp\/v2\/product"}],"about":[{"href":"https:\/\/staging.nbg.eu\/sk\/wp-json\/wp\/v2\/types\/product"}],"wp:featuredmedia":[{"embeddable":true,"href":"https:\/\/staging.nbg.eu\/sk\/wp-json\/wp\/v2\/media\/54101"}],"wp:attachment":[{"href":"https:\/\/staging.nbg.eu\/sk\/wp-json\/wp\/v2\/media?parent=54100"}],"wp:term":[{"taxonomy":"product_brand","embeddable":true,"href":"https:\/\/staging.nbg.eu\/sk\/wp-json\/wp\/v2\/product_brand?post=54100"},{"taxonomy":"product_cat","embeddable":true,"href":"https:\/\/staging.nbg.eu\/sk\/wp-json\/wp\/v2\/product_cat?post=54100"},{"taxonomy":"product_tag","embeddable":true,"href":"https:\/\/staging.nbg.eu\/sk\/wp-json\/wp\/v2\/product_tag?post=54100"}],"curies":[{"name":"wp","href":"https:\/\/api.w.org\/{rel}","templated":true}]}}