{"id":540850,"date":"2025-09-05T18:09:45","date_gmt":"2025-09-05T15:09:45","guid":{"rendered":"https:\/\/staging.nbg.eu\/product\/bullet-berger-cal-6-5-creedmoor-elite-hunter-140gr-100pcs\/"},"modified":"2025-09-30T17:22:50","modified_gmt":"2025-09-30T14:22:50","slug":"gulka-berger-kal-65-creedmoor-elite-hunter-140gr100ks","status":"publish","type":"product","link":"https:\/\/staging.nbg.eu\/sk\/produkt\/gulka-berger-kal-65-creedmoor-elite-hunter-140gr100ks\/","title":{"rendered":"Gu\u013eka Berger kal. 6.5 Creedmoor Elite Hunter 140gr.\/100ks"},"content":{"rendered":"<h2>Gu\u013eka Berger kal. 6.5 Creedmoor Elite Hunter 140gr.\/100ks.<\/h2>\n<p>Berger 6.5 Creedmoor 140 Grain Elite Hunter pu\u0161kov\u00fd n\u00e1boj. Ur\u010den\u00fd na lov stredne ve\u013ekej zveri, t\u00e1to gu\u013eka pon\u00faka:<\/p>\n<ul>\n<li><strong>Konzistentnos\u0165:<\/strong> Vyu\u017e\u00edva J4 Precision Bullet Jackets s +\/-.0003&#8243; celkov\u00fdm indikovan\u00fdm h\u00e1dzan\u00edm (TIR)<\/li>\n<li><strong>Hybridn\u00e1 ogiva:<\/strong> Kombinuje tangenci\u00e1lne a se\u010dn\u00e9 tvary nosa pre jednoduch\u0161ie ladenie a plochej\u0161iu trajekt\u00f3riu<\/li>\n<li><strong>Konzistentn\u00e9 jadro:<\/strong> Odstra\u0148uje potrebu triedenia pod\u013ea hmotnosti, zabezpe\u010duje spo\u013eahliv\u00fd pokles a konzistentn\u00fd balistick\u00fd koeficient<\/li>\n<li><strong>Dizajn s \u010dlnkov\u00fdm dnom:<\/strong> Poskytuje aerodynamick\u00fa v\u00fdhodu na dlh\u0161ie vzdialenosti<\/li>\n<li><strong>J4 loveck\u00fd pl\u00e1\u0161\u0165:<\/strong> Umo\u017e\u0148uje 2-3&#8243; prienik pred r\u00fdchlou expanziou, vytv\u00e1ra hydrostatick\u00fd \u0161ok<\/li>\n<\/ul>\n<p>Vhodn\u00e9 pre s\u00fa\u0165a\u017en\u00fa stre\u013ebu aj lov, 6.5 Creedmoor Elite Hunter pon\u00faka vonkaj\u0161iu balistiku, termin\u00e1lny v\u00fdkon a optim\u00e1lny sp\u00e4tn\u00fd r\u00e1z. S G1 BC 0.606 a \u00fas\u0165ovou r\u00fdchlos\u0165ou 2750 fps, tento n\u00e1boj poskytuje presnos\u0165 na dlh\u00e9 vzdialenosti.<\/p>\n<p>\u0160pecifik\u00e1cie:<\/p>\n<ul>\n<li>Hmotnos\u0165: 140 Grain<\/li>\n<li>G7 BC: 0.31<\/li>\n<li>Minim\u00e1lny v\u00fdvrtu: 1:8&#8243; alebo r\u00fdchlej\u0161\u00ed<\/li>\n<li>Maxim\u00e1lna COAL: 2.825&#8243;<\/li>\n<li>\u00das\u0165ov\u00e1 energia: 2351 ft-lb<\/li>\n<\/ul>\n<p>Berger Elite Hunter je vhodn\u00fd pre lov alebo s\u00fa\u0165a\u017en\u00fa stre\u013ebu.<\/p>\n","protected":false},"excerpt":{"rendered":"<p>Elite Hunter 6.5 Creedmoor: Presn\u00e1, spo\u013eahliv\u00e1 140 grainov\u00e1 strela na stredne ve\u013ek\u00fa zver.<\/p>\n","protected":false},"featured_media":498859,"template":"","meta":{"_acf_changed":false},"product_brand":[],"product_cat":[13372,13393,13376],"product_tag":[],"class_list":{"0":"post-540850","1":"product","2":"type-product","3":"status-publish","4":"has-post-thumbnail","6":"product_cat-municia","7":"product_cat-nabijanie-nabojov","8":"product_cat-strely","10":"first","11":"instock","12":"taxable","13":"shipping-taxable","14":"product-type-simple"},"acf":[],"_links":{"self":[{"href":"https:\/\/staging.nbg.eu\/sk\/wp-json\/wp\/v2\/product\/540850","targetHints":{"allow":["GET"]}}],"collection":[{"href":"https:\/\/staging.nbg.eu\/sk\/wp-json\/wp\/v2\/product"}],"about":[{"href":"https:\/\/staging.nbg.eu\/sk\/wp-json\/wp\/v2\/types\/product"}],"wp:featuredmedia":[{"embeddable":true,"href":"https:\/\/staging.nbg.eu\/sk\/wp-json\/wp\/v2\/media\/498859"}],"wp:attachment":[{"href":"https:\/\/staging.nbg.eu\/sk\/wp-json\/wp\/v2\/media?parent=540850"}],"wp:term":[{"taxonomy":"product_brand","embeddable":true,"href":"https:\/\/staging.nbg.eu\/sk\/wp-json\/wp\/v2\/product_brand?post=540850"},{"taxonomy":"product_cat","embeddable":true,"href":"https:\/\/staging.nbg.eu\/sk\/wp-json\/wp\/v2\/product_cat?post=540850"},{"taxonomy":"product_tag","embeddable":true,"href":"https:\/\/staging.nbg.eu\/sk\/wp-json\/wp\/v2\/product_tag?post=540850"}],"curies":[{"name":"wp","href":"https:\/\/api.w.org\/{rel}","templated":true}]}}